{"id":269921,"date":"2026-01-14T01:16:30","date_gmt":"2026-01-13T22:16:30","guid":{"rendered":"https:\/\/baldumarket.lt\/product\/wklad-z-polkami-do-sazfy-kaspian-86-cm-dab-sonoma\/"},"modified":"2026-02-11T18:17:29","modified_gmt":"2026-02-11T15:17:29","slug":"wklad-z-polkami-do-sazfy-kaspian-86-cm-dab-sonoma","status":"publish","type":"product","link":"https:\/\/baldumarket.lt\/lt\/product\/wklad-z-polkami-do-sazfy-kaspian-86-cm-dab-sonoma\/","title":{"rendered":"\u012ed\u0117klas su lentynomis KASPIAN sazfa 86 cm, Sonoma \u0105\u017euolas"},"content":{"rendered":"<p>\u201eKaspian\u201c spintos lentynos su pertvara \u2013 daikt\u0173 laikymo sprendimai pagal j\u016bs\u0173 poreikius. \u201eKaspian\u201c kolekcija u\u017ekariavo t\u016bkstan\u010di\u0173 klient\u0173 \u0161irdis ir tai n\u0117ra atsitiktinumas. Paprastas dizainas, ry\u0161k\u016bs \u0161onai ir lyg\u016bs, be ranken\u0117li\u0173 fasadai puikiai tinka tiek moderniam, tiek klasikiniam interjerui. Jei da\u017enai susiduriate su vietos drabu\u017eiams tr\u016bkumu arba j\u016bs\u0173 \u201eKaspian\u201c spinta ne visai atitinka j\u016bs\u0173 poreikius, turime jums puik\u0173 sprendim\u0105 \u2013 \u201eKaspian\u201c spintos \u012fd\u0117kl\u0105. \u0160is funkcionalus baldas turi prakti\u0161kas lentynas ir pakabos b\u0117gel\u012f, leid\u017eiant\u012f lengvai ir ekonomi\u0161kai pritaikyti savo spint\u0105 pagal savo poreikius. Nesvarbu, ar jums reikia daugiau vietos pakabinti daiktus, ar papildomos vietos daiktams laikyti, \u201eKaspian\u201c spintos \u012fd\u0117klas yra pasiruo\u0161\u0119s patenkinti j\u016bs\u0173 l\u016bkes\u010dius. Pasirinkite elementus, kurie geriausiai atitinka j\u016bs\u0173 poreikius, kad j\u016bs\u0173 spinta tapt\u0173 vieta, kur kiekvienas daiktas tur\u0117t\u0173 savo viet\u0105. \u201eKaspian\u201c kolekcija si\u016blo \u012fvairi\u0173 spalv\u0173 variant\u0173, tod\u0117l galite priderinti \u201eKaspian\u201c spintos \u012fd\u0117kl\u0105 prie likusio interjero. Galite pasirinkti spalv\u0105, kuri puikiai papildys j\u016bs\u0173 spint\u0105, arba sukurti ry\u0161k\u0173 kontrast\u0105, kuris pritrauks d\u0117mes\u012f. \u201eKaspian\u201c spintos \u012fd\u0117klas su skersiniu ir lentynomis puikiai papildo \u201eKaspian\u201c dvidur\u0119 spint\u0105, sukurdamas darni\u0105 visum\u0105. Be to, derindami skirtingus \u201eKaspian\u201c kolekcijos baldus, galite sukurti unikal\u0173 interjero dizain\u0105, atitinkant\u012f visus j\u016bs\u0173 poreikius. Investuokite \u012f \u201eKaspian\u201c spintos \u012fd\u0117kl\u0105 ir m\u0117gaukit\u0117s prakti\u0161ku bei funkcionaliu sprendimu, kuris leis jums efektyviai laikyti drabu\u017eius ir aksesuarus. Tai palengvins j\u016bs\u0173 spintos prie\u017ei\u016br\u0105, o spintos vidus bus tiksliai pritaikytas j\u016bs\u0173 poreikiams.<\/p>\n<p>Prek\u0117s kodas S128-WKSZF\/86-DSO Simbolis ZM EAN Plotis 86 cm Gylis 52 cm Auk\u0161tis 148 cm Kolekcija Kaspian Spalva Sonoma \u0105\u017euolas Gaubtas \u0161viesios medienos Stilius modernus Gamintojas Juoda Raudona Balta Bald\u0173 tipas Spintos PVM 23% EAN 5906123921299<\/p>","protected":false},"excerpt":{"rendered":"<p>\u201eKaspian\u201c spint\u0173 lentynos su pertvara \u2013 j\u016bs\u0173 poreikiams pritaikyta saugykla. \u201eKaspian\u201c kolekcija u\u017ekariavo t\u016bkstan\u010di\u0173 klient\u0173 \u0161irdis ir tai n\u0117ra atsitiktinumas. Paprastas dizainas, ry\u0161kios \u0161onin\u0117s pus\u0117s ir lyg\u016bs, be ranken\u0117li\u0173 fasadai puikiai tinka tiek moderniam, tiek klasikiniam interjerui. Jei da\u017enai susiduriate su vietos tr\u016bkumu [\u2026]<\/p>","protected":false},"featured_media":269922,"comment_status":"open","ping_status":"open","template":"","meta":[],"product_brand":[],"product_cat":[9200,1174],"product_tag":[],"class_list":{"0":"post-269921","1":"product","2":"type-product","3":"status-publish","4":"has-post-thumbnail","6":"product_cat-black-red-white","7":"product_cat-hanging-shelves","9":"first","10":"instock","11":"purchasable","12":"product-type-simple"},"_links":{"self":[{"href":"https:\/\/baldumarket.lt\/lt\/wp-json\/wp\/v2\/product\/269921","targetHints":{"allow":["GET"]}}],"collection":[{"href":"https:\/\/baldumarket.lt\/lt\/wp-json\/wp\/v2\/product"}],"about":[{"href":"https:\/\/baldumarket.lt\/lt\/wp-json\/wp\/v2\/types\/product"}],"replies":[{"embeddable":true,"href":"https:\/\/baldumarket.lt\/lt\/wp-json\/wp\/v2\/comments?post=269921"}],"wp:featuredmedia":[{"embeddable":true,"href":"https:\/\/baldumarket.lt\/lt\/wp-json\/wp\/v2\/media\/269922"}],"wp:attachment":[{"href":"https:\/\/baldumarket.lt\/lt\/wp-json\/wp\/v2\/media?parent=269921"}],"wp:term":[{"taxonomy":"product_brand","embeddable":true,"href":"https:\/\/baldumarket.lt\/lt\/wp-json\/wp\/v2\/product_brand?post=269921"},{"taxonomy":"product_cat","embeddable":true,"href":"https:\/\/baldumarket.lt\/lt\/wp-json\/wp\/v2\/product_cat?post=269921"},{"taxonomy":"product_tag","embeddable":true,"href":"https:\/\/baldumarket.lt\/lt\/wp-json\/wp\/v2\/product_tag?post=269921"}],"curies":[{"name":"wp","href":"https:\/\/api.w.org\/{rel}","templated":true}]}}