{"id":269903,"date":"2026-01-14T01:16:11","date_gmt":"2026-01-13T22:16:11","guid":{"rendered":"https:\/\/baldumarket.lt\/product\/wklad-drewniany-do-lozka-120x200\/"},"modified":"2026-02-11T18:17:30","modified_gmt":"2026-02-11T15:17:30","slug":"wklad-drewniany-do-lozka-120x200","status":"publish","type":"product","link":"https:\/\/baldumarket.lt\/lt\/product\/wklad-drewniany-do-lozka-120x200\/","title":{"rendered":"Medinis \u012fd\u0117klas 120\u00d7200 lovai"},"content":{"rendered":"<p>120\u00d7200 medinis \u012fd\u0117klas. Medinis \u012fd\u0117klas yra itin svarbus bet kurios lovos elementas, turintis \u012ftakos m\u016bs\u0173 komfortui ir miego kokybei. \u0160is 120\u00d7200 cm gaminys, skirtas juodai raudonai baltai lovoms, buvo kruop\u0161\u010diai sukurtas siekiant u\u017etikrinti ne tik tvirtum\u0105, bet ir optimali\u0105 \u010diu\u017einio bei k\u016bno atram\u0105. 120\u00d7200 medin\u012f \u012fd\u0117kl\u0105 sudaro 18 lenteli\u0173, pagamint\u0173 i\u0161 med\u017eio masyvo, kuris pasi\u017eymi i\u0161skirtiniu tvirtumu ir ilgaam\u017ei\u0161kumu. Mediena yra nat\u016brali med\u017eiaga, pasi\u017eyminti tvirtumu ir stabilumu. Medin\u0117s lentel\u0117s sujungtos med\u017eiaga, kuri palaiko tinkam\u0105 atstum\u0105 tarp j\u0173. Tai u\u017etikrina tolyg\u0173 \u010diu\u017einio ir k\u016bno svorio paskirstym\u0105, pagerina miego komfort\u0105 ir pailgina \u010diu\u017einio tarnavimo laik\u0105. Medinis \u012fd\u0117klas atlieka pagrindin\u012f vaidmen\u012f palaikant tinkam\u0105 \u010diu\u017einio ir k\u016bno atram\u0105 miego metu. D\u0117l tvirtos konstrukcijos ir tinkamo lenteli\u0173 i\u0161d\u0117stymo galite m\u0117gautis ramiu ir patogiu miegu.<\/p>\n<p>Trumpai tariant, 120\u00d7200 medinis \u012fd\u0117klas 120\u00d7200 lovai yra gaminys, u\u017etikrinantis tvirtum\u0105, ilgaam\u017ei\u0161kum\u0105 ir optimali\u0105 atram\u0105 j\u016bs\u0173 \u010diu\u017einiui bei k\u016bnui. Sukurtas 120 cm plo\u010dio juodos, raudonos ir baltos spalvos lovoms, \u0161is medinis \u012fd\u0117klas yra puikus sprendimas norint pagerinti lovos komfort\u0105 ir u\u017etikrinti sveikesn\u012f nakties mieg\u0105. Tai investicija \u012f geresn\u012f mieg\u0105 ir bendr\u0105 gyvenimo kokyb\u0119. Pagrindin\u0117s savyb\u0117s: \u2013 R\u0117mo lentjuost\u0117s yra 1,8 cm auk\u0161\u010dio.<br \/>\n\u2013 Kiekvienos lentel\u0117s plotis yra 5,7 cm, o tarpai tarp j\u0173 \u2013 5 cm.<br \/>\n\u2013 R\u0117mo maksimali apkrova yra 100 kg. Jei nesate tikri, ar \u0161is r\u0117mas atitiks j\u016bs\u0173 l\u016bkes\u010dius, raginame per\u017ei\u016br\u0117ti m\u016bs\u0173 vadov\u0105 skirtuke \u201e\u012ekv\u0117pimai\u201c, kuris pad\u0117s jums i\u0161sirinkti tinkamiausi\u0105.<\/p>\n<p>Prek\u0117s kodas D15-WKL120\/L18-BK Simbolis ZM EAN Baldo tipas Lovos r\u0117mai PVM 23% EAN 5906123101561<\/p>","protected":false},"excerpt":{"rendered":"<p>120 \u00d7 200 cm medinis \u012fd\u0117klas. Medinis \u012fd\u0117klas yra itin svarbus bet kurios lovos elementas, turintis \u012ftakos m\u016bs\u0173 komfortui ir miego kokybei. \u0160is 120 \u00d7 200 cm gaminys, skirtas juodai raudonai baltai lovai, buvo kruop\u0161\u010diai sukurtas siekiant u\u017etikrinti ne tik tvirtum\u0105, bet ir optimali\u0105 \u010diu\u017einio bei k\u016bno atram\u0105. 120 \u00d7 200 cm medin\u012f \u012fd\u0117kl\u0105 sudaro 18 [\u2026]<\/p>","protected":false},"featured_media":269904,"comment_status":"open","ping_status":"open","template":"","meta":[],"product_brand":[],"product_cat":[9200,1043],"product_tag":[],"class_list":{"0":"post-269903","1":"product","2":"type-product","3":"status-publish","4":"has-post-thumbnail","6":"product_cat-black-red-white","7":"product_cat-extras","9":"first","10":"instock","11":"purchasable","12":"product-type-simple"},"_links":{"self":[{"href":"https:\/\/baldumarket.lt\/lt\/wp-json\/wp\/v2\/product\/269903","targetHints":{"allow":["GET"]}}],"collection":[{"href":"https:\/\/baldumarket.lt\/lt\/wp-json\/wp\/v2\/product"}],"about":[{"href":"https:\/\/baldumarket.lt\/lt\/wp-json\/wp\/v2\/types\/product"}],"replies":[{"embeddable":true,"href":"https:\/\/baldumarket.lt\/lt\/wp-json\/wp\/v2\/comments?post=269903"}],"wp:featuredmedia":[{"embeddable":true,"href":"https:\/\/baldumarket.lt\/lt\/wp-json\/wp\/v2\/media\/269904"}],"wp:attachment":[{"href":"https:\/\/baldumarket.lt\/lt\/wp-json\/wp\/v2\/media?parent=269903"}],"wp:term":[{"taxonomy":"product_brand","embeddable":true,"href":"https:\/\/baldumarket.lt\/lt\/wp-json\/wp\/v2\/product_brand?post=269903"},{"taxonomy":"product_cat","embeddable":true,"href":"https:\/\/baldumarket.lt\/lt\/wp-json\/wp\/v2\/product_cat?post=269903"},{"taxonomy":"product_tag","embeddable":true,"href":"https:\/\/baldumarket.lt\/lt\/wp-json\/wp\/v2\/product_tag?post=269903"}],"curies":[{"name":"wp","href":"https:\/\/api.w.org\/{rel}","templated":true}]}}