{"id":269900,"date":"2026-01-14T01:16:09","date_gmt":"2026-01-13T22:16:09","guid":{"rendered":"https:\/\/baldumarket.lt\/product\/wklad-do-szafy-horton-102-cm-bialy\/"},"modified":"2026-02-11T18:17:30","modified_gmt":"2026-02-11T15:17:30","slug":"wklad-do-szafy-horton-102-cm-bialy","status":"publish","type":"product","link":"https:\/\/baldumarket.lt\/lt\/product\/wklad-do-szafy-horton-102-cm-bialy\/","title":{"rendered":"HORTON spintos \u012fd\u0117klas, 102 cm, baltas"},"content":{"rendered":"<p>\u201eHorton\u201c spint\u0173 lentynos \u2013 tvarka ir funkcionalumas. J\u016bs\u0173 spinta gali tapti tvarkos ir funkcionalumo oaze. Jei ie\u0161kote b\u016bdo, kaip tiksliau susisteminti ir susid\u0117lioti savo daiktus, m\u016bs\u0173 \u201eHorton\u201c spint\u0173 lentynos yra puikus sprendimas. Jos pakeis j\u016bs\u0173 spintos erdv\u0119, sukurdamos erdv\u0119, kurioje kiekvienas daiktas turi savo viet\u0105. \u201eHorton\u201c spint\u0173 lentynos yra eleganti\u0161kos Alpi\u0173 baltos spalvos \u2013 puikiai dera su baltos spalvos spintomis. Tai subtilus papildymas, suteiksiantis j\u016bs\u0173 spintai modern\u0173 ir \u0161var\u0173 vaizd\u0105. M\u016bs\u0173 spint\u0173 lentynos si\u016blo papildom\u0105 galimyb\u0119 padalinti erdv\u0119 spintos viduje. Jos leid\u017eia lengvai susisteminti drabu\u017eius ir aksesuarus, tod\u0117l j\u016bs\u0173 spinta tampa dar funkcionalesn\u0117. Kiekviena lentyna prideda dar vien\u0105 organizavimo sluoksn\u012f, tod\u0117l lengviau rasti tai, ko jums reikia. Pagamintos i\u0161 auk\u0161tos kokyb\u0117s med\u017eiag\u0173, \u201eHorton\u201c spint\u0173 lentynos garantuoja patvarum\u0105 ir stabilum\u0105. Tai tvirtas sprendimas, kuris tarnaus jums daugel\u012f met\u0173. Surinkimas yra ne\u012ftik\u0117tinai paprastas \u2013 tiesiog pritvirtinkite lentynas prie vidin\u0117s spintos sienel\u0117s var\u017etais ir esate pasiruo\u0161\u0119 m\u0117gautis nauju tvarkos lygiu. Investuokite \u012f tvark\u0105 ir funkcionalum\u0105 su m\u016bs\u0173 \u201eHorton\u201c spint\u0173 lentynomis. \u0160ie ma\u017ei, bet svarb\u016bs papildymai pavers j\u016bs\u0173 garderob\u0105 vieta, kurioje daikt\u0173 laikymas taps tikru malonumu.<\/p>\n<p>Prek\u0117s kodas S488-SZF2D_OPCJA_1-BI Simbolis ZM EAN Plotis 102,5 cm Gylis 52 cm Auk\u0161tis 162 cm Kolekcija Horton Spalva balta Atspalvis balta Stilius modernus Med\u017eiaga laminatas Gamintojas Juoda Raudona Balta Baldo tipas Spintos PVM 23% EAN 5906123709217<\/p>","protected":false},"excerpt":{"rendered":"<p>Horton Wardrobe Shelves \u2013 Order and Functionality. Your wardrobe can become an oasis of order and functionality. If you&#8217;re looking for a way to organize and organize your belongings more precisely, our Horton wardrobe shelves are the perfect solution. They will transform your wardrobe space, creating a space where every item has its designated place. [&hellip;]<\/p>","protected":false},"featured_media":269901,"comment_status":"open","ping_status":"open","template":"","meta":[],"product_brand":[],"product_cat":[9200,1043],"product_tag":[],"class_list":{"0":"post-269900","1":"product","2":"type-product","3":"status-publish","4":"has-post-thumbnail","6":"product_cat-black-red-white","7":"product_cat-extras","9":"first","10":"instock","11":"purchasable","12":"product-type-simple"},"_links":{"self":[{"href":"https:\/\/baldumarket.lt\/lt\/wp-json\/wp\/v2\/product\/269900","targetHints":{"allow":["GET"]}}],"collection":[{"href":"https:\/\/baldumarket.lt\/lt\/wp-json\/wp\/v2\/product"}],"about":[{"href":"https:\/\/baldumarket.lt\/lt\/wp-json\/wp\/v2\/types\/product"}],"replies":[{"embeddable":true,"href":"https:\/\/baldumarket.lt\/lt\/wp-json\/wp\/v2\/comments?post=269900"}],"wp:featuredmedia":[{"embeddable":true,"href":"https:\/\/baldumarket.lt\/lt\/wp-json\/wp\/v2\/media\/269901"}],"wp:attachment":[{"href":"https:\/\/baldumarket.lt\/lt\/wp-json\/wp\/v2\/media?parent=269900"}],"wp:term":[{"taxonomy":"product_brand","embeddable":true,"href":"https:\/\/baldumarket.lt\/lt\/wp-json\/wp\/v2\/product_brand?post=269900"},{"taxonomy":"product_cat","embeddable":true,"href":"https:\/\/baldumarket.lt\/lt\/wp-json\/wp\/v2\/product_cat?post=269900"},{"taxonomy":"product_tag","embeddable":true,"href":"https:\/\/baldumarket.lt\/lt\/wp-json\/wp\/v2\/product_tag?post=269900"}],"curies":[{"name":"wp","href":"https:\/\/api.w.org\/{rel}","templated":true}]}}