{"id":269898,"date":"2026-01-14T01:16:07","date_gmt":"2026-01-13T22:16:07","guid":{"rendered":"https:\/\/baldumarket.lt\/product\/wklad-do-szafy-hesen-85-cm-grafit\/"},"modified":"2026-02-11T18:17:30","modified_gmt":"2026-02-11T15:17:30","slug":"wklad-do-szafy-hesen-85-cm-grafit","status":"publish","type":"product","link":"https:\/\/baldumarket.lt\/lt\/product\/wklad-do-szafy-hesen-85-cm-grafit\/","title":{"rendered":"HESEN spintos \u012fd\u0117klas 85 cm grafitas"},"content":{"rendered":"<p>\u201eHesen\u201c spintos variantas \u2013 i\u0161pl\u0117skite savo daikt\u0173 laikymo galimybes. \u201eHesen\u201c kolekcija \u017eavi savo paprastumu ir funkcionalumu. Jei ie\u0161kote sprendimo, kuris pad\u0117t\u0173 geriau susitvarkyti savo garderob\u0105, \u201eHesen\u201c spintos variantas gali b\u016bti puikus j\u016bs\u0173 garderobo papildymas. \u201eHesen\u201c spintos variantas si\u016blo: \u2013 Prakti\u0161k\u0105 b\u0117gel\u012f: puikiai tinka pakabinti drabu\u017eius, kuriuos reikia laikyti ant pakab\u0173, pavyzd\u017eiui, sukneles, striukes ar mar\u0161kinius. \u2013 3 lentynas, sukurian\u010dias 4 patogius skyrius: leid\u017eia susitvarkyti m\u0117gstamus megztinius, palaidines, kelnes ar kitus daiktus, padedant palaikyti tvark\u0105 j\u016bs\u0173 garderobe. D\u0117l \u0161io suskirstymo tur\u0117site lengvesn\u0119 prieig\u0105 prie savo drabu\u017ei\u0173 ir geriau kontroliuosite savo garderobo organizavim\u0105. \u201eHesen\u201c spintos varianto matmenys yra 85 x 118 cm, ji yra dviej\u0173 spalv\u0173: grafito ir \u0161viesios Sibiu maumed\u017eio. Tai leid\u017eia j\u0105 pritaikyti prie savo interjero ir stiliaus. Prid\u0117j\u0119 \u0161i\u0105 parinkt\u012f prie savo \u201eHesen\u201c spintos, galite sukurti labiau organizuot\u0105 erdv\u0119 drabu\u017eiams ir aksesuarams laikyti.<\/p>\n<p>Prek\u0117s kodas S515-WKSZF\/86-GF Simbolis ZM EAN Plotis 85 cm Gylis 50 cm Auk\u0161tis 118 cm Kolekcija Hesen Spalva grafito Grafito atspalvis Skandinavi\u0161ko stiliaus Gamintojas Juoda Raudona Balta Bald\u0173 tipas Spintos PVM 23% EAN 5906123812900<\/p>","protected":false},"excerpt":{"rendered":"<p>\u201eHesen\u201c drabu\u017ei\u0173 spintos variantas \u2013 i\u0161pl\u0117skite savo daikt\u0173 laikymo galimybes. \u201eHesen\u201c kolekcija \u017eavi savo paprastumu ir funkcionalumu. Jei ie\u0161kote sprendimo, kuris pad\u0117s geriau sutvarkyti savo drabu\u017ei\u0173 spint\u0105, \u201eHesen\u201c drabu\u017ei\u0173 spintos variantas gali b\u016bti puikus j\u016bs\u0173 garderobo papildymas. \u201eHesen\u201c drabu\u017ei\u0173 spintos variantas si\u016blo: \u2013 Prakti\u0161k\u0105 b\u0117gel\u012f: puikiai tinka pakabinti [\u2026]<\/p>","protected":false},"featured_media":0,"comment_status":"open","ping_status":"open","template":"","meta":[],"product_brand":[],"product_cat":[9200,1043],"product_tag":[],"class_list":{"0":"post-269898","1":"product","2":"type-product","3":"status-publish","5":"product_cat-black-red-white","6":"product_cat-extras","8":"first","9":"instock","10":"purchasable","11":"product-type-simple"},"_links":{"self":[{"href":"https:\/\/baldumarket.lt\/lt\/wp-json\/wp\/v2\/product\/269898","targetHints":{"allow":["GET"]}}],"collection":[{"href":"https:\/\/baldumarket.lt\/lt\/wp-json\/wp\/v2\/product"}],"about":[{"href":"https:\/\/baldumarket.lt\/lt\/wp-json\/wp\/v2\/types\/product"}],"replies":[{"embeddable":true,"href":"https:\/\/baldumarket.lt\/lt\/wp-json\/wp\/v2\/comments?post=269898"}],"wp:attachment":[{"href":"https:\/\/baldumarket.lt\/lt\/wp-json\/wp\/v2\/media?parent=269898"}],"wp:term":[{"taxonomy":"product_brand","embeddable":true,"href":"https:\/\/baldumarket.lt\/lt\/wp-json\/wp\/v2\/product_brand?post=269898"},{"taxonomy":"product_cat","embeddable":true,"href":"https:\/\/baldumarket.lt\/lt\/wp-json\/wp\/v2\/product_cat?post=269898"},{"taxonomy":"product_tag","embeddable":true,"href":"https:\/\/baldumarket.lt\/lt\/wp-json\/wp\/v2\/product_tag?post=269898"}],"curies":[{"name":"wp","href":"https:\/\/api.w.org\/{rel}","templated":true}]}}