{"id":269894,"date":"2026-01-14T01:16:03","date_gmt":"2026-01-13T22:16:03","guid":{"rendered":"https:\/\/baldumarket.lt\/product\/wklad-do-szafy-dwudrzwiowej-loksa-andersen-pine-white\/"},"modified":"2026-02-11T18:17:30","modified_gmt":"2026-02-11T15:17:30","slug":"wklad-do-szafy-dwudrzwiowej-loksa-andersen-pine-white","status":"publish","type":"product","link":"https:\/\/baldumarket.lt\/lt\/product\/wklad-do-szafy-dwudrzwiowej-loksa-andersen-pine-white\/","title":{"rendered":"\u012ed\u0117klas dviej\u0173 dur\u0173 spintai LOKSA (andersen pu\u0161is, balta)"},"content":{"rendered":"<p>\u201eLoksa\u201c spintos lentynos \u2013 spintos erdv\u0117s organizavimas. Jei kuriate prie\u0161kambar\u012f skandinavi\u0161ku stiliumi ir pasirinkote \u201eLoksa\u201c kolekcij\u0105, kuriai b\u016bdingos prislopintos spalvos, paprastos formos ir apgalvotos detal\u0117s, tokios kaip \u012fr\u0117minti fasadai ir juodos rankenos, grei\u010diausiai teikiate pirmenyb\u0119 funkcionalumui ir organizuotumui. \u201eLoksa\u201c spintos lentynos yra puikus sprendimas optimizuoti spintos erdv\u0119. \u201eLoksa\u201c plok\u0161t\u0117 su pakaba ir lentynomis leid\u017eia pritaikyti spintos interjer\u0105 pagal savo poreikius. Drabu\u017ei\u0173 kabykla suteikia vietos pakaboms, tod\u0117l juos lengviau pasiekti ir per\u017ei\u016br\u0117ti. Trys prakti\u0161kos lentynos leid\u017eia laikyti papildomus daiktus, tokius kaip pir\u0161tines, kepures, \u0161alikus ir kitus aksesuarus. Plok\u0161t\u0117s spalva dera su likusia \u201eLoksa\u201c kolekcijos dalimi, sukuriant harmoning\u0105 visum\u0105 spintoje. \u201eAndersen\u201c baltosios pu\u0161ies spalva yra neutrali ir lengvai dera prie \u012fvairi\u0173 i\u0161d\u0117stym\u0173. \u201eLoksa\u201c spintos lentynos leid\u017eia geriau organizuoti ir i\u0161naudoti erdv\u0119 spintos viduje, o tai ypa\u010d naudinga prie\u0161kambaryje, kuriame laikomi drabu\u017eiai, aksesuarai ir kiti daiktai. \u201eLoksa\u201c plok\u0161t\u0117s d\u0117ka galite pritaikyti spintos interjer\u0105 pagal savo poreikius ir m\u0117gautis didesniu funkcionalumu.<\/p>\n<p>Prek\u0117s kodas S455-SZF2D_OPCJA-APW Simbolis ZM EAN Plotis 92,5 cm Gylis 51,5 cm Auk\u0161tis 158 cm Kolekcija Loksa Spalva andersen pu\u0161is balta Atspalvis \u0161viesus medis Stilius Skandinavi\u0161kas Med\u017eiaga laminatas Gamintojas Juoda Raudona Balta Baldo tipas Spintos PVM 23% EAN 5906123607605<\/p>","protected":false},"excerpt":{"rendered":"<p>Loksa Wardrobe Shelves &#8211; Organizing Your Wardrobe Space. If you&#8217;re designing your hallway in a Scandinavian style and have chosen the Loksa collection, characterized by subdued colors, simple forms, and thoughtful details like framed fronts and black handles, you likely prioritize functionality and organization. Loksa wardrobe shelves are the perfect solution for optimizing your wardrobe [&hellip;]<\/p>","protected":false},"featured_media":269895,"comment_status":"open","ping_status":"open","template":"","meta":[],"product_brand":[],"product_cat":[9200,1043],"product_tag":[],"class_list":{"0":"post-269894","1":"product","2":"type-product","3":"status-publish","4":"has-post-thumbnail","6":"product_cat-black-red-white","7":"product_cat-extras","9":"first","10":"instock","11":"purchasable","12":"product-type-simple"},"_links":{"self":[{"href":"https:\/\/baldumarket.lt\/lt\/wp-json\/wp\/v2\/product\/269894","targetHints":{"allow":["GET"]}}],"collection":[{"href":"https:\/\/baldumarket.lt\/lt\/wp-json\/wp\/v2\/product"}],"about":[{"href":"https:\/\/baldumarket.lt\/lt\/wp-json\/wp\/v2\/types\/product"}],"replies":[{"embeddable":true,"href":"https:\/\/baldumarket.lt\/lt\/wp-json\/wp\/v2\/comments?post=269894"}],"wp:featuredmedia":[{"embeddable":true,"href":"https:\/\/baldumarket.lt\/lt\/wp-json\/wp\/v2\/media\/269895"}],"wp:attachment":[{"href":"https:\/\/baldumarket.lt\/lt\/wp-json\/wp\/v2\/media?parent=269894"}],"wp:term":[{"taxonomy":"product_brand","embeddable":true,"href":"https:\/\/baldumarket.lt\/lt\/wp-json\/wp\/v2\/product_brand?post=269894"},{"taxonomy":"product_cat","embeddable":true,"href":"https:\/\/baldumarket.lt\/lt\/wp-json\/wp\/v2\/product_cat?post=269894"},{"taxonomy":"product_tag","embeddable":true,"href":"https:\/\/baldumarket.lt\/lt\/wp-json\/wp\/v2\/product_tag?post=269894"}],"curies":[{"name":"wp","href":"https:\/\/api.w.org\/{rel}","templated":true}]}}