{"id":269874,"date":"2026-01-14T01:15:45","date_gmt":"2026-01-13T22:15:45","guid":{"rendered":"https:\/\/baldumarket.lt\/product\/witryna-z-dwoma-szufladami-kent-167-cm-kasztan\/"},"modified":"2026-02-11T18:17:30","modified_gmt":"2026-02-11T15:17:30","slug":"witryna-z-dwoma-szufladami-kent-167-cm-kasztan","status":"publish","type":"product","link":"https:\/\/baldumarket.lt\/lt\/product\/witryna-z-dwoma-szufladami-kent-167-cm-kasztan\/","title":{"rendered":"KENT vitrina su dviem stal\u010diais, 167 cm, ka\u0161tonin\u0117 spalva"},"content":{"rendered":"<p>\u201eKent\u201c vitrina \u2013 rafinuotas ekspozicijos \u012frenginys. Pagrindiniai klasikin\u0117s \u201eKent\u201c modulin\u0117s kolekcijos bruo\u017eai \u2013 eleganti\u0161ka i\u0161vaizda ir nesenstantis gro\u017eis. Erdvi \u201eKent\u201c vitrina sukuria i\u0161skirtinai funkcionali\u0105 erdv\u0119. 14 prakti\u0161k\u0173 lentyn\u0173 leid\u017eia lengvai eksponuoti knygas ar dekoracijas, o du stal\u010diai idealiai tinka ma\u017eesniems daiktams laikyti.<br \/>\n\u2013 Priekin\u0117s dalies stiklinimas suteikia spintelei lengvumo poj\u016bt\u012f ir veiksmingai apsaugo laikomus daiktus nuo dulki\u0173. Gr\u016bdintas stiklas u\u017etikrina saug\u0173 naudojim\u0105.<br \/>\n\u2013 Naudojama fanera puikiai perteikia neapdorotos medienos charakter\u012f ir tekst\u016br\u0105. Bendras bald\u0173 efektas \u2013 \u0161iltas ka\u0161toninis atspalvis.<br \/>\n\u2013 Puo\u0161niai stilizuotos rankenos, primenan\u010dios papuo\u0161alus, puikiai papildo rai\u017eytas dekoracijas, suteikdamos baldams unikali\u0105 i\u0161vaizd\u0105.<br \/>\n\u2013 Firminiai vyriai u\u017etikrina skland\u0173 fasad\u0173 veikim\u0105 ir tiksl\u0173 trimat\u012f reguliavim\u0105.<br \/>\n\u2013 Atskir\u0173 \u201eKent\u201c kolekcijos element\u0173 dyd\u017ei\u0173 ir funkcij\u0173 gausa leid\u017eia suprojektuoti stiling\u0105 svetain\u0119, miegam\u0105j\u012f, valgom\u0105j\u012f, biur\u0105 ar net prie\u0161kambar\u012f.<\/p>\n<p>Prek\u0117s kodas S10-EREG3W2S-KA Simbolis ZM EAN Plotis 167,5 cm Gylis 43\u201349,5 cm Auk\u0161tis 204,5 cm Kolekcija Kent Spalva ka\u0161tonin\u0117 Atspalvis tamsi mediena Stilius klasikinis Med\u017eiaga laminatas Dureli\u0173 skai\u010dius daugiaduris Stal\u010di\u0173 skai\u010dius 2 stal\u010diai Rankena su rankenomis Gamintojas Juoda Raudona Balta Bald\u0173 tipas Lentynos ir vitrinos PVM mokestis 23% EAN 5906123882255<\/p>","protected":false},"excerpt":{"rendered":"<p>Kent Display Cabinet \u2013 A Sophisticated Display Unit. The key features of the classic Kent modular collection are its elegant appearance and timeless beauty. The spacious Kent display cabinet creates an exceptionally functional space. Its 14 practical shelves make it easy to display books or decorations, while two drawers are ideal for storing smaller items. [&hellip;]<\/p>","protected":false},"featured_media":269875,"comment_status":"open","ping_status":"open","template":"","meta":[],"product_brand":[],"product_cat":[9200,2006],"product_tag":[],"class_list":{"0":"post-269874","1":"product","2":"type-product","3":"status-publish","4":"has-post-thumbnail","6":"product_cat-black-red-white","7":"product_cat-vitrines","9":"first","10":"instock","11":"purchasable","12":"product-type-simple"},"_links":{"self":[{"href":"https:\/\/baldumarket.lt\/lt\/wp-json\/wp\/v2\/product\/269874","targetHints":{"allow":["GET"]}}],"collection":[{"href":"https:\/\/baldumarket.lt\/lt\/wp-json\/wp\/v2\/product"}],"about":[{"href":"https:\/\/baldumarket.lt\/lt\/wp-json\/wp\/v2\/types\/product"}],"replies":[{"embeddable":true,"href":"https:\/\/baldumarket.lt\/lt\/wp-json\/wp\/v2\/comments?post=269874"}],"wp:featuredmedia":[{"embeddable":true,"href":"https:\/\/baldumarket.lt\/lt\/wp-json\/wp\/v2\/media\/269875"}],"wp:attachment":[{"href":"https:\/\/baldumarket.lt\/lt\/wp-json\/wp\/v2\/media?parent=269874"}],"wp:term":[{"taxonomy":"product_brand","embeddable":true,"href":"https:\/\/baldumarket.lt\/lt\/wp-json\/wp\/v2\/product_brand?post=269874"},{"taxonomy":"product_cat","embeddable":true,"href":"https:\/\/baldumarket.lt\/lt\/wp-json\/wp\/v2\/product_cat?post=269874"},{"taxonomy":"product_tag","embeddable":true,"href":"https:\/\/baldumarket.lt\/lt\/wp-json\/wp\/v2\/product_tag?post=269874"}],"curies":[{"name":"wp","href":"https:\/\/api.w.org\/{rel}","templated":true}]}}