{"id":269866,"date":"2026-01-14T01:15:38","date_gmt":"2026-01-13T22:15:38","guid":{"rendered":"https:\/\/baldumarket.lt\/product\/witryna-z-dwoma-frontami-szklanymi-i-regalem-lara-90-cm-jesion-belarus\/"},"modified":"2026-02-11T18:17:30","modified_gmt":"2026-02-11T15:17:30","slug":"witryna-z-dwoma-frontami-szklanymi-i-regalem-lara-90-cm-jesion-belarus","status":"publish","type":"product","link":"https:\/\/baldumarket.lt\/lt\/product\/witryna-z-dwoma-frontami-szklanymi-i-regalem-lara-90-cm-jesion-belarus\/","title":{"rendered":"Vitrina su dviem stikliniais fasadais ir LARA lentyna 90 cm, baltarusi\u0161kas uosis"},"content":{"rendered":"<p>Vitrina \u201eLara\u201c \u2013 daugiafunkcis ir esteti\u0161kas sprendimas. Jei ie\u0161kote svetain\u0117s ar biuro bald\u0173, kuriuose tilpt\u0173 ne tik knygos, bet ir suvenyrai, nuotraukos ar stalo \u012frankiai, vitrina \u201eLara\u201c yra puikus pasirinkimas. Ji viename eleganti\u0161kame balde si\u016blo lentynos ir vitrinos funkcionalum\u0105. 197,5 x 90 x 40 cm dyd\u017eio vitrina \u201eLara\u201c \u017eavi moderniu dizainu ir kontrastingu nat\u016bralaus Baltarusijos uosio ra\u0161to bei juod\u0173 akcent\u0173 deriniu. \u0160is kontrastas traukia ak\u012f ir suteikia interjerui charakterio, tod\u0117l puikiai tinka lofto, industriniam ar net tradicinio stiliaus interjerui. Vitrina gali b\u016bti naudojama kaip erdvi knyg\u0173 lentyna, o joje taip pat galima eksponuoti papuo\u0161alus, nuotrauk\u0173 r\u0117melius, apdovanojimus ir trof\u0117jus. Spintel\u0117 turi tylaus u\u017edarymo sistem\u0105, tod\u0117l j\u0105 itin patogu naudoti kasdien. Be to, gr\u016bdinto stiklo ir pasirenkamo LED ap\u0161vietimo naudojimas sukuria puiki\u0105 aplink\u0105 m\u0117gstamiems daiktams eksponuoti. Vitrina \u201eLara\u201c, derinama su kitais \u201eLara\u201c kolekcijos baldais, gali sukurti \u012fdom\u0173 interjer\u0105 ne tik svetain\u0117je ar biure, bet ir jaunimo kambaryje. D\u0117l universali\u0173 daikt\u0173 laikymo ir eksponavimo galimybi\u0173 j\u0105 galima pritaikyti \u012fvairiems kambariams ir interjero dizaino stiliams. Trumpai tariant, \u201eLara\u201c vitrina \u2013 tai baldas, kuriame derinamas funkcionalumas ir estetika. Ji si\u016blo sprendim\u0105 tiems, kurie ie\u0161ko netradicini\u0173 ir prakti\u0161k\u0173 bald\u0173, kurie dar labiau sustiprint\u0173 interjero charakter\u012f. Nesvarbu, ar esate moderni\u0173 tendencij\u0173, ar klasikinio dizaino gerb\u0117jas, \u201eLara\u201c vitrina gali b\u016bti puikus j\u016bs\u0173 interjero papildymas.<\/p>\n<p>Prek\u0117s kodas S463-REG2W\/90-JBE Simbolis ZM EAN Plotis 90 cm Gylis 40 cm Auk\u0161tis 197,5 cm Kolekcija Lara Spalva Baltarusijos uosis Gaubtas \u0161viesi mediena Stilius loft Med\u017eiaga laminatas Dureli\u0173 skai\u010dius 2 dur\u0173 Stal\u010di\u0173 skai\u010dius be stal\u010di\u0173 Rankena su rankenomis Ap\u0161vietimas pasirenkamas Gamintojas Juoda Raudona Balta Bald\u0173 tipas Lentynos ir vitrinos PVM mokestis 23% EAN 5906123608039<\/p>","protected":false},"excerpt":{"rendered":"<p>Lara Display Cabinet \u2013 A Multifunctional and Aesthetic Solution. If you&#8217;re looking for furniture for your living room or office that will not only accommodate books but also display souvenirs, photos, or tableware, the Lara display cabinet is the perfect choice. It offers the functionality of a shelf and a display cabinet in one elegant [&hellip;]<\/p>","protected":false},"featured_media":269867,"comment_status":"open","ping_status":"open","template":"","meta":[],"product_brand":[],"product_cat":[9200,2006],"product_tag":[],"class_list":{"0":"post-269866","1":"product","2":"type-product","3":"status-publish","4":"has-post-thumbnail","6":"product_cat-black-red-white","7":"product_cat-vitrines","9":"first","10":"instock","11":"purchasable","12":"product-type-simple"},"_links":{"self":[{"href":"https:\/\/baldumarket.lt\/lt\/wp-json\/wp\/v2\/product\/269866","targetHints":{"allow":["GET"]}}],"collection":[{"href":"https:\/\/baldumarket.lt\/lt\/wp-json\/wp\/v2\/product"}],"about":[{"href":"https:\/\/baldumarket.lt\/lt\/wp-json\/wp\/v2\/types\/product"}],"replies":[{"embeddable":true,"href":"https:\/\/baldumarket.lt\/lt\/wp-json\/wp\/v2\/comments?post=269866"}],"wp:featuredmedia":[{"embeddable":true,"href":"https:\/\/baldumarket.lt\/lt\/wp-json\/wp\/v2\/media\/269867"}],"wp:attachment":[{"href":"https:\/\/baldumarket.lt\/lt\/wp-json\/wp\/v2\/media?parent=269866"}],"wp:term":[{"taxonomy":"product_brand","embeddable":true,"href":"https:\/\/baldumarket.lt\/lt\/wp-json\/wp\/v2\/product_brand?post=269866"},{"taxonomy":"product_cat","embeddable":true,"href":"https:\/\/baldumarket.lt\/lt\/wp-json\/wp\/v2\/product_cat?post=269866"},{"taxonomy":"product_tag","embeddable":true,"href":"https:\/\/baldumarket.lt\/lt\/wp-json\/wp\/v2\/product_tag?post=269866"}],"curies":[{"name":"wp","href":"https:\/\/api.w.org\/{rel}","templated":true}]}}