{"id":269858,"date":"2026-01-14T01:15:31","date_gmt":"2026-01-13T22:15:31","guid":{"rendered":"https:\/\/baldumarket.lt\/product\/witryna-wysoka-z-drzwiami-ze-szklem-lamea-60-cm-dab-artisan\/"},"modified":"2026-02-11T18:17:30","modified_gmt":"2026-02-11T15:17:30","slug":"witryna-wysoka-z-drzwiami-ze-szklem-lamea-60-cm-dab-artisan","status":"publish","type":"product","link":"https:\/\/baldumarket.lt\/lt\/product\/witryna-wysoka-z-drzwiami-ze-szklem-lamea-60-cm-dab-artisan\/","title":{"rendered":"Auk\u0161ta vitrina su stiklin\u0117mis durel\u0117mis LAMEA 60 cm, dirbtinio \u0105\u017euolo spalvos"},"content":{"rendered":"<p>\u201eLamea\u201c vitrina \u2013 esteti\u0161ka ir funkcionali. \u201eLamea\u201c kolekcijoje gamtos \u012fkv\u0117pimas derinamas su prakti\u0161kais sprendimais, kurie pad\u0117s sutvarkyti j\u016bs\u0173 erdv\u0119. D\u0117l patvarios ir dekoratyvios laminato plok\u0161t\u0117s \u0161ios kolekcijos baldai tarnaus jums daugel\u012f met\u0173, suteikdami charakterio \u012fvairiems i\u0161d\u0117stymams. Auk\u0161ta \u201eLamea\u201c vitrina, kurios matmenys 60 x 197 cm, pasi\u017eymi prakti\u0161ku interjero dizainu. U\u017e stiklinio priekio esan\u010diose trijose lentynose galite eksponuoti dekoratyvinius stalo \u012frankius ar kelioni\u0173 suvenyrus, o papildomas ap\u0161vietimas pabr\u0117\u0161 j\u0173 unikal\u0173 charakter\u012f. Be to, apatin\u0117je spintel\u0117s dalyje yra erdvus daiktad\u0117\u017e\u0117s skyrius, puikiai tinkantis stalo \u017eaidimams ar tekstilei, ir dvi apatin\u0117s lentynos. \u201eLamea\u201c kolekcijos baldai traukia d\u0117mes\u012f eleganti\u0161ka medienos tekst\u016bra, kuri\u0105 tiksliai atkuria \u012fbr\u0117\u017eimams atsparus laminatas \u0161ilto meni\u0161ko \u0105\u017euolo atspalvio. Kartu su juodais elementais, tokiais kaip rankenos ir auk\u0161tos kojel\u0117s, vitrina atrodo moderniai ir suteikia \u0161ilumos bet kuriai erdvei, nesvarbu, ar tai b\u016bt\u0173 grie\u017etas loftas, ar jaukus bohemi\u0161kas interjeras. Spintel\u0117s priekyje yra vertikal\u016bs frezavimai, padengti juodu laku, suteikiantys trimat\u012f charakter\u012f. Verta derinti dvidur\u0119 \u201eLamea\u201c vitrin\u0105 su kitais \u0161ios kolekcijos baldais, nes daugyb\u0117 galim\u0173 form\u0173 leid\u017eia bet koki\u0105 erdv\u0119 susikurti pagal savo pageidavimus.<\/p>\n<p>Prek\u0117s kodas S632-REG1D1W-DASN Plotis 60 cm Gylis 41 cm Auk\u0161tis 197 cm Kolekcija Lamea Spalva meni\u0161ko \u0105\u017euolo atspalvis \u0161viesi mediena Stilius modernus Med\u017eiaga laminatas Dureli\u0173 skai\u010dius 2 dur\u0173 Stal\u010di\u0173 skai\u010dius be stal\u010di\u0173 Rankena su ranken\u0117l\u0117mis Ap\u0161vietimas pasirenkamas Gamintojas Juoda Raudona Balta Baldo tipas Lentynos ir vitrinos PVM 23% EAN 5906123030724<\/p>","protected":false},"excerpt":{"rendered":"<p>\u201eLamea\u201c vitrina \u2013 esteti\u0161ka ir funkcionali. \u201eLamea\u201c kolekcijoje gamtos \u012fkv\u0117pimas derinamas su prakti\u0161kais sprendimais, kurie pad\u0117s sutvarkyti j\u016bs\u0173 erdv\u0119. D\u0117l patvarios ir dekoratyvios laminato plok\u0161t\u0117s \u0161ios kolekcijos baldai tarnaus jums daugel\u012f met\u0173, suteikdami charakterio \u012fvairiems i\u0161d\u0117stymams. Auk\u0161ta \u201eLamea\u201c vitrina, kurios matmenys 60 x [\u2026]<\/p>","protected":false},"featured_media":269859,"comment_status":"open","ping_status":"open","template":"","meta":[],"product_brand":[],"product_cat":[9200,2006],"product_tag":[],"class_list":{"0":"post-269858","1":"product","2":"type-product","3":"status-publish","4":"has-post-thumbnail","6":"product_cat-black-red-white","7":"product_cat-vitrines","9":"first","10":"instock","11":"purchasable","12":"product-type-simple"},"_links":{"self":[{"href":"https:\/\/baldumarket.lt\/lt\/wp-json\/wp\/v2\/product\/269858","targetHints":{"allow":["GET"]}}],"collection":[{"href":"https:\/\/baldumarket.lt\/lt\/wp-json\/wp\/v2\/product"}],"about":[{"href":"https:\/\/baldumarket.lt\/lt\/wp-json\/wp\/v2\/types\/product"}],"replies":[{"embeddable":true,"href":"https:\/\/baldumarket.lt\/lt\/wp-json\/wp\/v2\/comments?post=269858"}],"wp:featuredmedia":[{"embeddable":true,"href":"https:\/\/baldumarket.lt\/lt\/wp-json\/wp\/v2\/media\/269859"}],"wp:attachment":[{"href":"https:\/\/baldumarket.lt\/lt\/wp-json\/wp\/v2\/media?parent=269858"}],"wp:term":[{"taxonomy":"product_brand","embeddable":true,"href":"https:\/\/baldumarket.lt\/lt\/wp-json\/wp\/v2\/product_brand?post=269858"},{"taxonomy":"product_cat","embeddable":true,"href":"https:\/\/baldumarket.lt\/lt\/wp-json\/wp\/v2\/product_cat?post=269858"},{"taxonomy":"product_tag","embeddable":true,"href":"https:\/\/baldumarket.lt\/lt\/wp-json\/wp\/v2\/product_tag?post=269858"}],"curies":[{"name":"wp","href":"https:\/\/api.w.org\/{rel}","templated":true}]}}