{"id":269850,"date":"2026-01-14T01:15:25","date_gmt":"2026-01-13T22:15:25","guid":{"rendered":"https:\/\/baldumarket.lt\/product\/witryna-wysoka-patras-63-cm-dab-april\/"},"modified":"2026-02-11T18:17:30","modified_gmt":"2026-02-11T15:17:30","slug":"witryna-wysoka-patras-63-cm-dab-april","status":"publish","type":"product","link":"https:\/\/baldumarket.lt\/lt\/product\/witryna-wysoka-patras-63-cm-dab-april\/","title":{"rendered":"PATRAS auk\u0161ta vitrina, 63 cm, \u0105\u017euolas, baland\u017eio m\u0117n"},"content":{"rendered":"<p>\u201ePatras\u201c vitrina \u2013 eleganti\u0161kas kolekcijos papildymas, pasi\u017eymintis stilingomis apdailos detal\u0117mis, \u0161ilta spalva ir metalin\u0117mis rankenomis, kurios pabr\u0117\u017eia klasikin\u012f dizain\u0105. \u0160i auk\u0161ta vitrina puikiai tinka \u0161eimos relikvijoms, knygoms ir porcelianui eksponuoti. Gr\u016bdinto apsauginio stiklo priekis ne tik apsaugo turin\u012f nuo dulki\u0173, bet ir leid\u017eia eksponuoti artefaktus. Apatin\u0117 spintel\u0117 suteikia prakti\u0161k\u0105 viet\u0105 re\u010diau naudojamiems daiktams laikyti. Papildomai pasirenkamas energij\u0105 taupantis LED ap\u0161vietimas dar labiau i\u0161ry\u0161kina eksponuojamus daiktus, suteikdamas interjerui subtil\u0173 \u0161vyt\u0117jim\u0105. \u0160ilta baland\u017eio \u0105\u017euolo spalva ir i\u0161skirtinis medienos ra\u0161tas suteikia spintelei eleganti\u0161k\u0105 akcent\u0105. Galimyb\u0117 montuoti priekin\u0119 dal\u012f kair\u0117je arba de\u0161in\u0117je pus\u0117je daro \u0161\u012f bald\u0105 universal\u0173 ir lengvai pritaikom\u0105 \u012fvairiems i\u0161d\u0117stymams. Antikvarinio sidabro spalvos metalin\u0117s ranken\u0117l\u0117s ir dekoratyvin\u0117s apdailos detal\u0117s suteikia spintelei unikali\u0105 i\u0161vaizd\u0105. Kasdieniam patogumui \u201ePatras\u201c vitrina turi \u0161velniai u\u017esidaran\u010dius vyrius, kurie leid\u017eia fasadams tyliai u\u017esidaryti. Derindami vitrin\u0105 su kitais \u201ePatras\u201c kolekcijos elementais, sukursite darn\u0173 ir efektyv\u0173 svetain\u0117s dekor\u0105.<\/p>\n<p>Prek\u0117s kodas S405-REG1D1W\/63-DARL Simbolis ZM EAN Plotis 63 cm Gylis 44,5 cm Auk\u0161tis 201 cm Kolekcija Patras Spalva baland\u017eio spalvos \u0105\u017euolas Atspalvis tamsi mediena Stilius modernus Med\u017eiaga laminatas Dureli\u0173 skai\u010dius 2 dur\u0173 Stal\u010di\u0173 skai\u010dius be stal\u010di\u0173 Rankena su rankenomis Ap\u0161vietimas pasirenkamas Gamintojas Juoda Raudona Balta Bald\u0173 tipas Lentynos ir vitrinos PVM mokestis 23% EAN 5906123944182<\/p>","protected":false},"excerpt":{"rendered":"<p>The Patras Display Cabinet is an elegant addition to the collection, featuring stylish finials, a warm color, and metal handles that enhance the classic design. This tall display cabinet is perfect for displaying family heirlooms, books, and porcelain. The tempered safety glass front not only protects the contents from dust but also allows for the [&hellip;]<\/p>","protected":false},"featured_media":269851,"comment_status":"open","ping_status":"open","template":"","meta":[],"product_brand":[],"product_cat":[9200,2006],"product_tag":[],"class_list":{"0":"post-269850","1":"product","2":"type-product","3":"status-publish","4":"has-post-thumbnail","6":"product_cat-black-red-white","7":"product_cat-vitrines","9":"first","10":"instock","11":"purchasable","12":"product-type-simple"},"_links":{"self":[{"href":"https:\/\/baldumarket.lt\/lt\/wp-json\/wp\/v2\/product\/269850","targetHints":{"allow":["GET"]}}],"collection":[{"href":"https:\/\/baldumarket.lt\/lt\/wp-json\/wp\/v2\/product"}],"about":[{"href":"https:\/\/baldumarket.lt\/lt\/wp-json\/wp\/v2\/types\/product"}],"replies":[{"embeddable":true,"href":"https:\/\/baldumarket.lt\/lt\/wp-json\/wp\/v2\/comments?post=269850"}],"wp:featuredmedia":[{"embeddable":true,"href":"https:\/\/baldumarket.lt\/lt\/wp-json\/wp\/v2\/media\/269851"}],"wp:attachment":[{"href":"https:\/\/baldumarket.lt\/lt\/wp-json\/wp\/v2\/media?parent=269850"}],"wp:term":[{"taxonomy":"product_brand","embeddable":true,"href":"https:\/\/baldumarket.lt\/lt\/wp-json\/wp\/v2\/product_brand?post=269850"},{"taxonomy":"product_cat","embeddable":true,"href":"https:\/\/baldumarket.lt\/lt\/wp-json\/wp\/v2\/product_cat?post=269850"},{"taxonomy":"product_tag","embeddable":true,"href":"https:\/\/baldumarket.lt\/lt\/wp-json\/wp\/v2\/product_tag?post=269850"}],"curies":[{"name":"wp","href":"https:\/\/api.w.org\/{rel}","templated":true}]}}