{"id":269842,"date":"2026-01-14T01:15:18","date_gmt":"2026-01-13T22:15:18","guid":{"rendered":"https:\/\/baldumarket.lt\/product\/witryna-wysoka-jednodrzwiowa-ze-szklem-ostia-665-cm-dab-artisan-czarny-blask\/"},"modified":"2026-02-11T18:17:31","modified_gmt":"2026-02-11T15:17:31","slug":"witryna-wysoka-jednodrzwiowa-ze-szklem-ostia-665-cm-dab-artisan-czarny-blask","status":"publish","type":"product","link":"https:\/\/baldumarket.lt\/lt\/product\/witryna-wysoka-jednodrzwiowa-ze-szklem-ostia-665-cm-dab-artisan-czarny-blask\/","title":{"rendered":"Auk\u0161ta vien\u0173 dur\u0173 vitrina su stiklu OSTIA 66,5 cm, meni\u0161ko \u0105\u017euolo spalvos\/blizgios juodos spalvos"},"content":{"rendered":"<p>\u201eOstia\u201c vitrina \u2013 elegancija ir funkcionalumas viename. Statantiems svajoni\u0173 namus arba nusprendusiems atnaujinti interjer\u0105, \u201eOstia\u201c kolekcija si\u016blo \u012fvairius funkcinius modulius, kurie pad\u0117s \u012frengti svetain\u0119, valgom\u0105j\u012f ar miegam\u0105j\u012f b\u016btent taip, kaip \u012fsivaizdavote. \u0160i bald\u0173 linija \u017eavi savo nesenstan\u010diu stiliumi, tvirtomis, ry\u0161kiomis detal\u0117mis, dekoratyviniais lipdiniais ir LED ap\u0161vietimu, suteikian\u010diais interjerui elegancijos ir unikalaus charakterio. \u201eOstia\u201c vitrina puikiai tinka tiek laikyti, tiek eksponuoti m\u0117gstamus daiktus. Tvirtas priekis leid\u017eia pasl\u0117pti dokumentus, sezoninius papuo\u0161imus ir kitus smulkius daiktus, kuriuos norite tvarkingai laikyti. U\u017e stiklinio priekio galite eksponuoti vazas, \u017evakes ar keramines fig\u016br\u0117les, taip sukurdami \u012fsp\u016bding\u0105 ekspozicij\u0105. \u0160ios tvirto stiliaus vitrinos i\u0161skirtiniai bruo\u017eai \u2013 pastorinti \u0161onai ir prislopintos spalvos. Visas korpusas apdailintas eleganti\u0161ku meni\u0161ko \u0105\u017euolo atspalviu, ta\u010diau j\u012f pertraukia dekoratyvin\u0117 degintos lentos spalvos juostel\u0117, suteikianti baldui charakterio. Dekoratyvinis LED ap\u0161vietimas pary\u0161kina vitrinos gro\u017e\u012f, o juodas pagrindas ir \u0161iek tiek d\u016bminis antisol rudas stiklas suteikia jai unikalaus \u017eavesio. Lengvai atidaroma ir u\u017edaroma vitrina yra paprasta naudoti d\u0117l patogi\u0173 juod\u0173 ranken\u0117li\u0173, kurios dar labiau sustiprina jos elegancij\u0105. Auk\u0161t\u0105 \u201eOstia\u201c vitrin\u0105 galima pastatyti \u0161alia kit\u0173 kolekcijos bald\u0173, toki\u0173 kaip stalas, komoda, televizoriaus staliukas ar lentyna. Derindami \u012fvairius \u0161ios linijos elementus, galite sukurti unikal\u0173 ir darn\u0173 dizain\u0105 savo svetain\u0117je. \u201eOstia\u201c vitrina yra ne tik prakti\u0161kas daikt\u0173 laikymo baldas, bet ir gra\u017eus dekoratyvinis elementas, suteikiantis j\u016bs\u0173 interjerui unikal\u0173 charakter\u012f.<\/p>\n<p>Prek\u0117s kodas S467-REG1D1W\/20\/7-DASN\/CABL Simbolis ZM EAN Plotis 66,5 cm Gylis 42 cm Auk\u0161tis 199 cm Kolekcija Ostia Spalva meni\u0161kas \u0105\u017euolas\/blizgi juoda Gaubtas \u0161viesus medis Stilius modernus Dureli\u0173 skai\u010dius 2 dur\u0173 Stal\u010di\u0173 skai\u010dius be stal\u010di\u0173 Rankena su rankenomis Ap\u0161vietimas pasirenkamas Gamintojas Juoda Raudona Balta Baldo tipas Lentynos ir vitrinos PVM 23% EAN 5906123705110<\/p>","protected":false},"excerpt":{"rendered":"<p>Ostia Display Cabinet \u2013 Elegance and Functionality in One. For those building their dream home or deciding to refresh their interiors, the Ostia collection offers a variety of functional modules that will help you furnish your living room, dining room, or bedroom exactly as you envisioned. This furniture line captivates with its timeless style, solid, [&hellip;]<\/p>","protected":false},"featured_media":269843,"comment_status":"open","ping_status":"open","template":"","meta":[],"product_brand":[],"product_cat":[9200,2006],"product_tag":[],"class_list":{"0":"post-269842","1":"product","2":"type-product","3":"status-publish","4":"has-post-thumbnail","6":"product_cat-black-red-white","7":"product_cat-vitrines","9":"first","10":"instock","11":"purchasable","12":"product-type-simple"},"_links":{"self":[{"href":"https:\/\/baldumarket.lt\/lt\/wp-json\/wp\/v2\/product\/269842","targetHints":{"allow":["GET"]}}],"collection":[{"href":"https:\/\/baldumarket.lt\/lt\/wp-json\/wp\/v2\/product"}],"about":[{"href":"https:\/\/baldumarket.lt\/lt\/wp-json\/wp\/v2\/types\/product"}],"replies":[{"embeddable":true,"href":"https:\/\/baldumarket.lt\/lt\/wp-json\/wp\/v2\/comments?post=269842"}],"wp:featuredmedia":[{"embeddable":true,"href":"https:\/\/baldumarket.lt\/lt\/wp-json\/wp\/v2\/media\/269843"}],"wp:attachment":[{"href":"https:\/\/baldumarket.lt\/lt\/wp-json\/wp\/v2\/media?parent=269842"}],"wp:term":[{"taxonomy":"product_brand","embeddable":true,"href":"https:\/\/baldumarket.lt\/lt\/wp-json\/wp\/v2\/product_brand?post=269842"},{"taxonomy":"product_cat","embeddable":true,"href":"https:\/\/baldumarket.lt\/lt\/wp-json\/wp\/v2\/product_cat?post=269842"},{"taxonomy":"product_tag","embeddable":true,"href":"https:\/\/baldumarket.lt\/lt\/wp-json\/wp\/v2\/product_tag?post=269842"}],"curies":[{"name":"wp","href":"https:\/\/api.w.org\/{rel}","templated":true}]}}