{"id":269834,"date":"2026-01-14T01:15:11","date_gmt":"2026-01-13T22:15:11","guid":{"rendered":"https:\/\/baldumarket.lt\/product\/witryna-wysoka-balder-62-cm-dab-riviera-bialy-polysk\/"},"modified":"2026-02-11T18:17:31","modified_gmt":"2026-02-11T15:17:31","slug":"witryna-wysoka-balder-62-cm-dab-riviera-bialy-polysk","status":"publish","type":"product","link":"https:\/\/baldumarket.lt\/lt\/product\/witryna-wysoka-balder-62-cm-dab-riviera-bialy-polysk\/","title":{"rendered":"BALDER auk\u0161ta vitrina 62 cm, Riviera \u0105\u017euolas\/blizgi balta"},"content":{"rendered":"<p>\u201eBalder\u201c vitrina yra esminis modernaus interjero dizaino elementas tiems, kurie vertina paprastum\u0105. Stiklinis priekis leid\u017eia eleganti\u0161kai eksponuoti dekoracijas, o pasl\u0117ptos lentynos u\u017e tvirto fasado suteikia vietos daiktams susid\u0117ti. J\u016bs\u0173 \u0161eimos saugumas yra prioritetas, tod\u0117l spintel\u0119 apr\u016bpinome skaidriu gr\u016bdintu stiklu. Geometrines \u201eBalder\u201c vitrinos linijas ir dizain\u0105 pary\u0161kina dr\u0105sios korpuso lentel\u0117s. \u0160ilto \u201eRiviera\u201c \u0105\u017euolo atspalvio ir neutralaus balto blizgesio derinys sukuria universal\u0173 pagrind\u0105, puikiai tinkant\u012f dekoravimui. Firminiai aksesuarai ir paprastos ranken\u0117l\u0117s u\u017etikrina patog\u0173 naudojim\u0105. Derindami moderni\u0105 \u201eBalder\u201c vitrin\u0105 su kitais kolekcijos elementais, galite sukurti darn\u0173 i\u0161d\u0117stym\u0105 svetain\u0117je, miegamajame ar jaunimo kambaryje. Galimyb\u0117 pritaikyti \u012fvairius modulius leid\u017eia lanks\u010diai \u012frengti baldus pagal savo pageidavimus.<\/p>\n<p>Prek\u0117s kodas S382-REG1W-DRI\/BIP Simbolis ZM EAN Plotis 62 cm Gylis 39 cm Auk\u0161tis 192 cm Kolekcija Balder Spalva Rivjeros \u0105\u017euolas\/blizgi balta Gaubtas \u0161viesus medis Stilius modernus Med\u017eiaga laminatas Dureli\u0173 skai\u010dius 1 dur\u0173 Stal\u010di\u0173 skai\u010dius be stal\u010di\u0173 Rankena su ranken\u0117l\u0117mis Ap\u0161vietimas pasirenkamas Gamintojas Juoda Raudona Balta Bald\u0173 tipas Lentynos ir vitrinos PVM mokestis 23% EAN 5906123928212<\/p>","protected":false},"excerpt":{"rendered":"<p>The Balder Display Cabinet is an essential element of modern interior design for those who value simplicity. Its glass front allows you to elegantly display decorations, while hidden shelves behind the solid front provide storage space. Your family&#8217;s safety is a priority, so we&#8217;ve equipped the cabinet with transparent tempered glass. The geometric lines and [&hellip;]<\/p>","protected":false},"featured_media":269835,"comment_status":"open","ping_status":"open","template":"","meta":[],"product_brand":[],"product_cat":[9200,2006],"product_tag":[],"class_list":{"0":"post-269834","1":"product","2":"type-product","3":"status-publish","4":"has-post-thumbnail","6":"product_cat-black-red-white","7":"product_cat-vitrines","9":"first","10":"instock","11":"purchasable","12":"product-type-simple"},"_links":{"self":[{"href":"https:\/\/baldumarket.lt\/lt\/wp-json\/wp\/v2\/product\/269834","targetHints":{"allow":["GET"]}}],"collection":[{"href":"https:\/\/baldumarket.lt\/lt\/wp-json\/wp\/v2\/product"}],"about":[{"href":"https:\/\/baldumarket.lt\/lt\/wp-json\/wp\/v2\/types\/product"}],"replies":[{"embeddable":true,"href":"https:\/\/baldumarket.lt\/lt\/wp-json\/wp\/v2\/comments?post=269834"}],"wp:featuredmedia":[{"embeddable":true,"href":"https:\/\/baldumarket.lt\/lt\/wp-json\/wp\/v2\/media\/269835"}],"wp:attachment":[{"href":"https:\/\/baldumarket.lt\/lt\/wp-json\/wp\/v2\/media?parent=269834"}],"wp:term":[{"taxonomy":"product_brand","embeddable":true,"href":"https:\/\/baldumarket.lt\/lt\/wp-json\/wp\/v2\/product_brand?post=269834"},{"taxonomy":"product_cat","embeddable":true,"href":"https:\/\/baldumarket.lt\/lt\/wp-json\/wp\/v2\/product_cat?post=269834"},{"taxonomy":"product_tag","embeddable":true,"href":"https:\/\/baldumarket.lt\/lt\/wp-json\/wp\/v2\/product_tag?post=269834"}],"curies":[{"name":"wp","href":"https:\/\/api.w.org\/{rel}","templated":true}]}}