{"id":269826,"date":"2026-01-14T01:15:03","date_gmt":"2026-01-13T22:15:03","guid":{"rendered":"https:\/\/baldumarket.lt\/product\/witryna-wiszaca-trzydrzwiowa-bergen-156-cm-modrzew-sibiu-zloty\/"},"modified":"2026-02-11T18:17:31","modified_gmt":"2026-02-11T15:17:31","slug":"witryna-wiszaca-trzydrzwiowa-bergen-156-cm-modrzew-sibiu-zloty","status":"publish","type":"product","link":"https:\/\/baldumarket.lt\/lt\/product\/witryna-wiszaca-trzydrzwiowa-bergen-156-cm-modrzew-sibiu-zloty\/","title":{"rendered":"BERGEN trij\u0173 dur\u0173 pakabinama vitrina 156 cm, auksin\u0117 Sibiu maumed\u017eio spalva"},"content":{"rendered":"<p>Bergen pakabinama vitrina \u2013 j\u016bs\u0173 elegancijos demonstravimas. Bergen kolekcija apjungia unikalias formas, subtilias detales ir prislopintas spalvas, kurios puikiai papildys tiek j\u016bs\u0173 miegam\u0105j\u012f, tiek svetain\u0119. Bergen pakabinama vitrina pasi\u017eymi funkcionalumu ir rafinuotu dizainu. Pa\u017ei\u016br\u0117kime, kod\u0117l verta j\u0105 apsvarstyti kaip savo interjero dal\u012f. Bergen pakabinama vitrina pasi\u017eymi paprasta, geometrine forma, subtiliai papuo\u0161ta i\u0161skirtiniu \u201c\u012fdubimu\u201d \u0161oniniuose kra\u0161tuose. Be to, i\u0161siki\u0161\u0119s, tiesus cokolis ir nuo\u017euln\u016bs priekiniai kra\u0161tai suteikia jai modern\u0173 ir eleganti\u0161k\u0105 vaizd\u0105. Spintel\u0117je naudojama auksin\u0117 Sibiu maumed\u017eio mediena sukuria \u0161ilt\u0105 ir unikali\u0105 atmosfer\u0105. \u0160i med\u017eiaga sukuria puik\u0173 pagrind\u0105 kurti stilingas kompozicijas, suteikdama jaukumo bet kokiam interjerui. Metalin\u0117s rankenos yra ne tik funkcionalus, bet ir dekoratyvinis elementas, pary\u0161kinantis Bergen vitrinos charakter\u012f, suteikiantis jai i\u0161skirtinumo. D\u0117l firmini\u0173 pried\u0173 su \u0161velnaus u\u017edarymo sistema vitrinos fasad\u0173 atidarymas ir u\u017edarymas yra beveik tylus, u\u017etikrinant patog\u0173 kasdien\u012f naudojim\u0105. \u201eBergen\u201c kolekcija si\u016blo plat\u0173 bald\u0173 asortiment\u0105, kur\u012f galima laisvai derinti ir sukurti funkcional\u0173, j\u016bs\u0173 \u0161eimos poreikius atitinkant\u012f i\u0161d\u0117stym\u0105. Nesvarbu, ar jums reikia vietos daiktams susid\u0117ti, ar norite sukurti ak\u012f traukian\u010di\u0105 ekspozicij\u0105, \u201eBergen\u201c suteikia galimyb\u0119 k\u016brybi\u0161kai kurti interjer\u0105. Trumpai tariant, prie sienos montuojama \u201eBergen\u201c vitrina yra ne tik baldas, bet ir unikalus dekoratyvinis elementas bei prakti\u0161kas sprendimas j\u016bs\u0173 namams. Eleganti\u0161kas dizainas, tvirta konstrukcija ir pritaikymo galimyb\u0117s puikiai papildo bet kok\u012f interjer\u0105. \u201eBergen\u201c \u2013 tai kolekcija, kurioje derinamas gro\u017eis ir funkcionalumas, leid\u017eianti m\u0117gautis esteti\u0161kai patrauklia ir patogia kasdiene aplinka.<\/p>\n<p>Prek\u0117s kodas S359-SFW3W-MSZ Simbolis ZM EAN Plotis 156 cm Gylis 33,5 cm Auk\u0161tis 49,5 cm Kolekcija Bergen Spalva maumedis sibiu auksinis Atspalvis tamsi mediena Stilius klasikinis Med\u017eiaga laminatas Dureli\u0173 skai\u010dius 3 dur\u0173 Stal\u010di\u0173 skai\u010dius be stal\u010di\u0173 Rankena su rankenomis Gamintojas Juoda Raudona Balta Baldo tipas Lentynos PVM 23% EAN 5906123926874<\/p>","protected":false},"excerpt":{"rendered":"<p>Bergen pakabinama vitrina \u2013 j\u016bs\u0173 elegancijos pavyzdys. Bergen kolekcija apjungia unikalias formas, subtilias detales ir prislopintas spalvas, kurios puikiai papildys tiek j\u016bs\u0173 miegam\u0105j\u012f, tiek svetain\u0119. Bergen pakabinama vitrina pasi\u017eymi funkcionalumu ir rafinuotu dizainu. Pa\u017evelkime, kod\u0117l verta j\u0105 apsvarstyti kaip savo [\u2026] dal\u012f.<\/p>","protected":false},"featured_media":269827,"comment_status":"open","ping_status":"open","template":"","meta":[],"product_brand":[],"product_cat":[9200,2006],"product_tag":[],"class_list":{"0":"post-269826","1":"product","2":"type-product","3":"status-publish","4":"has-post-thumbnail","6":"product_cat-black-red-white","7":"product_cat-vitrines","9":"first","10":"instock","11":"purchasable","12":"product-type-simple"},"_links":{"self":[{"href":"https:\/\/baldumarket.lt\/lt\/wp-json\/wp\/v2\/product\/269826","targetHints":{"allow":["GET"]}}],"collection":[{"href":"https:\/\/baldumarket.lt\/lt\/wp-json\/wp\/v2\/product"}],"about":[{"href":"https:\/\/baldumarket.lt\/lt\/wp-json\/wp\/v2\/types\/product"}],"replies":[{"embeddable":true,"href":"https:\/\/baldumarket.lt\/lt\/wp-json\/wp\/v2\/comments?post=269826"}],"wp:featuredmedia":[{"embeddable":true,"href":"https:\/\/baldumarket.lt\/lt\/wp-json\/wp\/v2\/media\/269827"}],"wp:attachment":[{"href":"https:\/\/baldumarket.lt\/lt\/wp-json\/wp\/v2\/media?parent=269826"}],"wp:term":[{"taxonomy":"product_brand","embeddable":true,"href":"https:\/\/baldumarket.lt\/lt\/wp-json\/wp\/v2\/product_brand?post=269826"},{"taxonomy":"product_cat","embeddable":true,"href":"https:\/\/baldumarket.lt\/lt\/wp-json\/wp\/v2\/product_cat?post=269826"},{"taxonomy":"product_tag","embeddable":true,"href":"https:\/\/baldumarket.lt\/lt\/wp-json\/wp\/v2\/product_tag?post=269826"}],"curies":[{"name":"wp","href":"https:\/\/api.w.org\/{rel}","templated":true}]}}