{"id":269822,"date":"2026-01-14T01:14:59","date_gmt":"2026-01-13T22:14:59","guid":{"rendered":"https:\/\/baldumarket.lt\/product\/witryna-trzydrzwiowa-z-frontem-szklanym-zele-90-cm-dab-wotan-bialy-polysk-2\/"},"modified":"2026-02-11T18:17:31","modified_gmt":"2026-02-11T15:17:31","slug":"witryna-trzydrzwiowa-z-frontem-szklanym-zele-90-cm-dab-wotan-bialy-polysk-2","status":"publish","type":"product","link":"https:\/\/baldumarket.lt\/lt\/product\/witryna-trzydrzwiowa-z-frontem-szklanym-zele-90-cm-dab-wotan-bialy-polysk-2\/","title":{"rendered":"ZELE trij\u0173 dur\u0173 vitrina su stikliniu priekiu, 90 cm, Wotan \u0105\u017euolas\/blizgi balta"},"content":{"rendered":"<p>\u201eZele\u201c vitrina \u2013 funkcionalus j\u016bs\u0173 interjero elementas. \u201eZele\u201c vitrina yra ne\u012ftik\u0117tinai universalus baldas, puikiai tinkantis tiek moderniam, tiek minimalistiniam interjerui. Jei jums reikia sprendimo daiktams laikyti ir eksponuoti, \u201eZele\u201c vitrina si\u016blo \u012fvairi\u0173 variant\u0173, kurie patenkins kiekvien\u0105 dizaino ir funkcionalumo entuziast\u0105. Pagrindinis \u201eZele\u201c vitrinos bruo\u017eas \u2013 stiklinis priekis, kuris puikiai tinka dekoratyviniams aksesuarams, kolekcijoms ar m\u0117gstamiausiems daiktams eksponuoti. \u0160is stiklinimas taip pat suteikia interjerui lengvumo ir elegancijos. Trys \u012fmontuotos spintel\u0117s suteikia vietos \u012fvairiems daiktams laikyti \u2013 nuo ind\u0173 iki knyg\u0173 ir kit\u0173 aksesuar\u0173. J\u016bs\u0173 \u0161eimos saugumas yra m\u016bs\u0173 prioritetas, tod\u0117l \u201eZele\u201c vitrinoje naudojame patvar\u0173, pa\u017eeidimams atspar\u0173 gr\u016bdint\u0105 stikl\u0105. Galite m\u0117gautis eksponuojamais daiktais ramiai \u017einodami, kad jie yra saug\u016bs. \u201eZele\u201c vitrinos spalv\u0173 schema pritaikyta \u012fvairiems skoniams. Galite pasirinkti \u201eWotan\u201c \u0105\u017euolo apdail\u0105, kuri suteikia interjerui \u0161ilumos ir nat\u016bralumo, o blizgios baltos fasadai suteikia jai modernumo. Vien tik \u201eWotan\u201c \u0105\u017euolo apdaila pasi\u017eymintys baldai yra puikus sprendimas tiems, kurie m\u0117gsta prislopintas spalvas. Minimalistin\u0117 rankena, integruota \u012f fasad\u0173 kra\u0161tus, pabr\u0117\u017eia \u201eZele\u201c vitrinos charakter\u012f, suteikdama jai eleganti\u0161k\u0105 ir modern\u0173 vaizd\u0105. Lengva prieiga prie spintel\u0117s turinio u\u017etikrinama spustel\u0117jus atidaromo mechanizmo d\u0117ka, tod\u0117l vitrinos naudojimas yra paprastas ir patogus. Jei norite suteikti modernumo, \u201eZele\u201c vitrin\u0105 galima apr\u016bpinti energij\u0105 taupan\u010diu ap\u0161vietimu, kur\u012f galima \u012fsigyti u\u017e papildom\u0105 mokest\u012f. Tai puikus b\u016bdas i\u0161ry\u0161kinti eksponuojamus daiktus ir sukurti jauki\u0105 atmosfer\u0105 j\u016bs\u0173 interjere. \u201eZele\u201c vitrin\u0105 galima derinti su kitais \u201eZele\u201c kolekcijos elementais, sukuriant darni\u0105 ir ergonomi\u0161k\u0105 erdv\u0119 j\u016bs\u0173 svetain\u0117je, valgomajame ar kitame kambaryje. \u0160is baldas ne tik \u017eavi savo dizainu, bet ir si\u016blo prakti\u0161kus daikt\u0173 laikymo bei eksponavimo sprendimus. Atraskite universalias \u201eZele\u201c vitrinos galimybes ir sukurkite unikali\u0105 erdv\u0119 savo interjere.<\/p>\n<p>Prek\u0117s kodas S383-REG1W3D-DWO\/BIP Simbolis ZM EAN Plotis 90 cm Gylis 41 cm Auk\u0161tis 195 cm Kolekcija Zele Spalva wotan \u0105\u017euolas\/balta blizgi Atspalvis baltas Stilius modernus Med\u017eiaga laminatas Dureli\u0173 skai\u010dius 4 dur\u0173 Stal\u010di\u0173 skai\u010dius be stal\u010di\u0173 Rankena su ranken\u0117l\u0117mis Ap\u0161vietimas pasirenkamas Gamintojas Juoda Raudona Balta Bald\u0173 tipas Lentynos ir vitrinos PVM mokestis 23% EAN 5906123928946<\/p>","protected":false},"excerpt":{"rendered":"<p>Zele Display Cabinet &#8211; A Functional Piece for Your Interior The Zele display cabinet is an incredibly versatile piece of furniture that fits perfectly into both modern and minimalist interior designs. If you need a storage and display solution, the Zele display cabinet offers a variety of options that will satisfy every design and functionality [&hellip;]<\/p>","protected":false},"featured_media":269823,"comment_status":"open","ping_status":"open","template":"","meta":[],"product_brand":[],"product_cat":[9200,2006],"product_tag":[],"class_list":{"0":"post-269822","1":"product","2":"type-product","3":"status-publish","4":"has-post-thumbnail","6":"product_cat-black-red-white","7":"product_cat-vitrines","9":"first","10":"instock","11":"purchasable","12":"product-type-simple"},"_links":{"self":[{"href":"https:\/\/baldumarket.lt\/lt\/wp-json\/wp\/v2\/product\/269822","targetHints":{"allow":["GET"]}}],"collection":[{"href":"https:\/\/baldumarket.lt\/lt\/wp-json\/wp\/v2\/product"}],"about":[{"href":"https:\/\/baldumarket.lt\/lt\/wp-json\/wp\/v2\/types\/product"}],"replies":[{"embeddable":true,"href":"https:\/\/baldumarket.lt\/lt\/wp-json\/wp\/v2\/comments?post=269822"}],"wp:featuredmedia":[{"embeddable":true,"href":"https:\/\/baldumarket.lt\/lt\/wp-json\/wp\/v2\/media\/269823"}],"wp:attachment":[{"href":"https:\/\/baldumarket.lt\/lt\/wp-json\/wp\/v2\/media?parent=269822"}],"wp:term":[{"taxonomy":"product_brand","embeddable":true,"href":"https:\/\/baldumarket.lt\/lt\/wp-json\/wp\/v2\/product_brand?post=269822"},{"taxonomy":"product_cat","embeddable":true,"href":"https:\/\/baldumarket.lt\/lt\/wp-json\/wp\/v2\/product_cat?post=269822"},{"taxonomy":"product_tag","embeddable":true,"href":"https:\/\/baldumarket.lt\/lt\/wp-json\/wp\/v2\/product_tag?post=269822"}],"curies":[{"name":"wp","href":"https:\/\/api.w.org\/{rel}","templated":true}]}}