{"id":269810,"date":"2026-01-14T01:14:48","date_gmt":"2026-01-13T22:14:48","guid":{"rendered":"https:\/\/baldumarket.lt\/product\/witryna-trzydrzwiowa-vabres-90-cm-dab-artisan-lamele\/"},"modified":"2026-02-11T18:17:31","modified_gmt":"2026-02-11T15:17:31","slug":"witryna-trzydrzwiowa-vabres-90-cm-dab-artisan-lamele","status":"publish","type":"product","link":"https:\/\/baldumarket.lt\/lt\/product\/witryna-trzydrzwiowa-vabres-90-cm-dab-artisan-lamele\/","title":{"rendered":"\u201eVabres\u201c trij\u0173 dur\u0173 vitrina, 90 cm, meni\u0161ko \u0105\u017euolo lamel\u0117s"},"content":{"rendered":"<p>\u201eVabres\u201c vitrina \u2013 auk\u0161ta vitrina su grotel\u0117mis. \u201eVabres\u201c vitrina yra stilingas, auk\u0161tas baldas, kuris taps bet kurio svetain\u0117s ar valgomojo traukos centru. Dekoratyvin\u0117s grotel\u0117s ir \u0161iltos spalvos suteikia \u0161iai vitrinai jaukumo ir modernumo bet kokiam interjerui. Funkcionali\u0173 lentyn\u0173 derinimas u\u017e tvirto fasado su vitrinomis suteikia eleganti\u0161k\u0105 b\u016bd\u0105 sutvarkyti erdv\u0119 ir suteikti jai asmeni\u0161kumo. Med\u017eiaga ir spalvos: \u201eVabres\u201c vitrina pagaminta i\u0161 patvarios laminuotos plok\u0161t\u0117s, atsparios kasdieniam naudojimui ir lengvai pri\u017ei\u016brimos. Ji pasi\u017eymi meni\u0161ko \u0105\u017euolo apdaila, imituojan\u010dia nat\u016brali\u0105 medienos tekst\u016br\u0105, suteikian\u010dia baldams \u0161ilt\u0105 ir nat\u016brali\u0105 i\u0161vaizd\u0105. Kai kurie fasadai puo\u0161ti dekoratyvin\u0117mis MDF juosteli\u0173 grotel\u0117mis, kurios sukuria trimat\u012f efekt\u0105, puikiai papildant\u012f juodus akcentus ir suteikiant\u012f baldams eleganti\u0161k\u0105 i\u0161vaizd\u0105. Funkcionalumas: \u201eVabres\u201c vitrina buvo sukurta atsi\u017evelgiant \u012f maksimal\u0173 funkcionalum\u0105. Trij\u0173 dureli\u0173 dizainas suteikia daug vietos daiktams laikyti. Daugyb\u0117 lentyn\u0173 u\u017e tvirto fasado leid\u017eia lengvai susitvarkyti \u012fvairius daiktus, u\u017etikrinant tvark\u0105 kambaryje. Trys stiklu dengtos vitrinos puikiai tinka knygoms, dekoracijoms ar stalo \u012frankiams laikyti, o papildomas ap\u0161vietimas suteiks unikal\u0173 spindes\u012f. Ypatyb\u0117s: Dekoratyvin\u0117s MDF juosteli\u0173 lentos sukuria trimat\u012f efekt\u0105. \u0160iltas meni\u0161ko \u0105\u017euolo dekoras, imituojantis nat\u016brali\u0105 medien\u0105. Derinys su juodais akcentais pabr\u0117\u017eia modern\u0173 stili\u0173. Trij\u0173 dureli\u0173 dizainas su daugybe lentyn\u0173 u\u017e vientiso fasado. Glaz\u016bruotos vitrinos idealiai tinka papuo\u0161alams eksponuoti. Ap\u0161vietimo galimyb\u0117 pabr\u0117\u017eia vitrin\u0173 gro\u017e\u012f. Santrauka: \u201eVabres\u201c vitrina \u2013 eleganti\u0161kas ir funkcionalus baldas, puikiai papildantis modern\u0173 interjer\u0105. Dekoratyvin\u0117s lentjuost\u0117s, \u0161iltos spalvos ir erdvios lentynos sukuria harmoning\u0105 visum\u0105, kuri ne tik talpina daiktus, bet ir puo\u0161ia erdv\u0119. Su \u201eVabres\u201c kolekcija galite sukurti darni\u0105 ir stiling\u0105 aplink\u0105 savo namuose, suteikdami modernumo ir jaukumo.<\/p>\n<p>Prek\u0117s kodas S620-REG2D1W\/90-DASN\/DASN\/CA Plotis 90,5 cm Gylis 40 cm Auk\u0161tis 195,5 cm Kolekcija Vabres Spalva meni\u0161kas \u0105\u017euolas\/juoda Gaubtas \u0161viesi mediena Stilius modernus Med\u017eiaga laminatas Dureli\u0173 skai\u010dius 3 dur\u0173 Stal\u010di\u0173 skai\u010dius be stal\u010di\u0173 Rankena su rankenomis Gamintojas Juoda Raudona Balta Baldo tipas Lentynos ir vitrinos PVM 23% EAN 5906123050005<\/p>","protected":false},"excerpt":{"rendered":"<p>Vabres Display Cabinet \u2013 Its tall display cabinet with slats. The Vabres display cabinet is a stylish, tall piece of furniture that will become the focal point of any living room or dining room. With its decorative slats and warm colors, this display cabinet brings a cozy and modern feel to any interior. Combining functional [&hellip;]<\/p>","protected":false},"featured_media":269811,"comment_status":"open","ping_status":"open","template":"","meta":[],"product_brand":[],"product_cat":[9200,2006],"product_tag":[],"class_list":{"0":"post-269810","1":"product","2":"type-product","3":"status-publish","4":"has-post-thumbnail","6":"product_cat-black-red-white","7":"product_cat-vitrines","9":"first","10":"instock","11":"purchasable","12":"product-type-simple"},"_links":{"self":[{"href":"https:\/\/baldumarket.lt\/lt\/wp-json\/wp\/v2\/product\/269810","targetHints":{"allow":["GET"]}}],"collection":[{"href":"https:\/\/baldumarket.lt\/lt\/wp-json\/wp\/v2\/product"}],"about":[{"href":"https:\/\/baldumarket.lt\/lt\/wp-json\/wp\/v2\/types\/product"}],"replies":[{"embeddable":true,"href":"https:\/\/baldumarket.lt\/lt\/wp-json\/wp\/v2\/comments?post=269810"}],"wp:featuredmedia":[{"embeddable":true,"href":"https:\/\/baldumarket.lt\/lt\/wp-json\/wp\/v2\/media\/269811"}],"wp:attachment":[{"href":"https:\/\/baldumarket.lt\/lt\/wp-json\/wp\/v2\/media?parent=269810"}],"wp:term":[{"taxonomy":"product_brand","embeddable":true,"href":"https:\/\/baldumarket.lt\/lt\/wp-json\/wp\/v2\/product_brand?post=269810"},{"taxonomy":"product_cat","embeddable":true,"href":"https:\/\/baldumarket.lt\/lt\/wp-json\/wp\/v2\/product_cat?post=269810"},{"taxonomy":"product_tag","embeddable":true,"href":"https:\/\/baldumarket.lt\/lt\/wp-json\/wp\/v2\/product_tag?post=269810"}],"curies":[{"name":"wp","href":"https:\/\/api.w.org\/{rel}","templated":true}]}}