{"id":269802,"date":"2026-01-14T01:14:41","date_gmt":"2026-01-13T22:14:41","guid":{"rendered":"https:\/\/baldumarket.lt\/product\/witryna-trzydrzwiowa-niska-bergen-156-cm-modrzew-sibiu-zloty\/"},"modified":"2026-02-11T18:17:31","modified_gmt":"2026-02-11T15:17:31","slug":"witryna-trzydrzwiowa-niska-bergen-156-cm-modrzew-sibiu-zloty","status":"publish","type":"product","link":"https:\/\/baldumarket.lt\/lt\/product\/witryna-trzydrzwiowa-niska-bergen-156-cm-modrzew-sibiu-zloty\/","title":{"rendered":"BERGEN \u017eema trij\u0173 dur\u0173 vitrina, 156 cm, auksin\u0117 Sibiu maumed\u017eio spalva"},"content":{"rendered":"<p>Bergen vitrina \u2013 j\u016bs\u0173 kelias \u012f subtili\u0105 ekspozicij\u0105. \u0160iomis dienomis interjero dizainas tapo tikru standartu, i\u0161rei\u0161kian\u010diu j\u016bs\u0173 stili\u0173 ir charakter\u012f. Tod\u0117l rinkdamiesi baldus savo namams norime, kad jie b\u016bt\u0173 ne tik prakti\u0161ki, bet ir esteti\u0161ki bei original\u016bs. Bergen kolekcija yra puikus \u0161io po\u017ei\u016brio pavyzdys, derinant geometrines formas, rafinuotas detales ir prislopintas spalvas, sukuriant baldus, kurie d\u017eiugins tiek svetaines, tiek miegamuosius. Bergen kolekcijos centrinis elementas \u2013 trij\u0173 dur\u0173 vitrina, kurioje dera funkcionalumas ir gro\u017eis. Skirta \u012fvairiems daiktams laikyti, \u0161i spintel\u0117 turi vis\u0105 priekin\u0119 dal\u012f, kurioje galite pasl\u0117pti \u012fvairius daiktus, i\u0161laikant tvark\u0105. Gr\u016bdinto stiklo dalis leid\u017eia eksponuoti m\u0117gstamas knygas, dekoracijas ar kolekcionuojamus daiktus. Be to, ant plataus vir\u0161utinio stalvir\u0161io galite komponuoti g\u0117les ir prid\u0117ti stiling\u0173 aksesuar\u0173, kad sukurtum\u0117te \u012fsp\u016bding\u0105 kompozicij\u0105. Vienas i\u0161 i\u0161skirtini\u0173 Bergen vitrinos bruo\u017e\u0173 \u2013 paprasta forma, papuo\u0161ta i\u0161skirtiniu \u201c\u012fdubimu\u201d \u0161oniniuose kra\u0161tuose. Subtilios detal\u0117s, tokios kaip i\u0161siki\u0161\u0119s, tiesus cokolis ir nu\u0161lifuoti priekiniai kra\u0161tai, suteikia baldams elegancijos ir unikalaus charakterio. Spalva yra pagrindinis Bergen kolekcijos elementas. \u0160ilta, auksin\u0117 Sibiu maumed\u017eio medienos spalva sukuria unikali\u0105 atmosfer\u0105 bet kuriame kambaryje. Tai puikus pagrindas kurti stilingus i\u0161d\u0117stymus, atspindin\u010dius j\u016bs\u0173 asmenin\u012f skon\u012f ir stili\u0173. Siekiant pabr\u0117\u017eti Bergen vitrinos gro\u017e\u012f ir sukurti unikali\u0105 atmosfer\u0105 j\u016bs\u0173 interjere, po lentynomis \u012fmontuotas energij\u0105 taupantis LED ap\u0161vietimas. Tai puikus sprendimas, kuris pritrauks d\u0117mes\u012f ir suteiks interjerui unikalaus \u017eavesio, ypa\u010d vakarais. Detal\u0117s taip pat svarbios. Auk\u0161tos, nuo\u017eulnios kojel\u0117s ir metalin\u0117s rankenos suteikia \u0161iai \u012fsp\u016bdingai vitrinai charakterio. B\u016btent \u0161ie elementai suteikia baldams unikal\u0173 charakter\u012f ir paver\u010dia juos bet kurio kambario traukos centru. Renkantis baldus svarbi ne tik estetika, bet ir funkcionalumas. \u201eBergen\u201c kolekcijoje si\u016blomi firminiai aksesuarai su \u0161velnaus u\u017edarymo sistema, tod\u0117l juos nepaprastai patogu naudoti kiekvien\u0105 dien\u0105. B\u0117geliai turi specialius stabd\u017eius, kurie sul\u0117tina bald\u0173 fasadus jiems u\u017esidarant, beveik tyliai prisijungdami prie r\u0117mo. Tai puikus sprendimas tiems, kurie vertina ramyb\u0119 ir komfort\u0105. Be to, \u201eBergen\u201c kolekcija si\u016blo \u012fvairi\u0173 form\u0173, kurias galima laisvai derinti, sukuriant funkcional\u0173 i\u0161d\u0117stym\u0105, pritaikyt\u0105 j\u016bs\u0173 \u0161eimos poreikiams. Tai rei\u0161kia, kad \u201eBergen\u201c baldus galite pritaikyti pagal savo skon\u012f ir erdv\u0119, tod\u0117l jie idealiai tinka daugeliui interjero tip\u0173. Trumpai tariant, \u201eBergen\u201c kolekcija yra puikus sprendimas tiems, kurie ie\u0161ko bald\u0173, kuriuose der\u0117t\u0173 funkcionalumas, estetika ir auk\u0161tos kokyb\u0117s meistri\u0161kumas. \u201eBergen\u201c vitrina yra \u0161ios kolekcijos centrinis elementas, \u017eavintis paprasta forma, \u0161ilta med\u017eio spalva, subtiliomis detal\u0117mis ir prakti\u0161kais sprendimais. \u0160is baldas suteiks j\u016bs\u0173 interjerui unikalaus charakterio ir leis jums sukurti i\u0161d\u0117stym\u0105, kuris atspind\u0117t\u0173 j\u016bs\u0173 asmenin\u012f stili\u0173.<\/p>\n<p>Prek\u0117s kodas S359-REG3W-MSZ Simbolis ZM EAN Plotis 156 cm Gylis 47 cm Auk\u0161tis 150,5 cm Kolekcija Bergen Spalva maumedis sibiu auksinis Atspalvis tamsi mediena Stilius klasikinis Med\u017eiaga laminatas Dureli\u0173 skai\u010dius 3 dur\u0173 Stal\u010di\u0173 skai\u010dius be stal\u010di\u0173 Rankena su ranken\u0117l\u0117mis Ap\u0161vietimas su ap\u0161vietimu Gamintojas Juoda Raudona Balta Bald\u0173 tipas Lentynos ir vitrinos PVM mokestis 23% EAN 5906123926836<\/p>","protected":false},"excerpt":{"rendered":"<p>Bergen Display Cabinet \u2013 Your Path to Subtle Display. These days, interior design has become a true standard for expressing your style and character. Therefore, when choosing furniture for your home, we want it to be not only practical but also aesthetically pleasing and original. The Bergen collection is a perfect example of this approach, [&hellip;]<\/p>","protected":false},"featured_media":269803,"comment_status":"open","ping_status":"open","template":"","meta":[],"product_brand":[],"product_cat":[9200,2006],"product_tag":[],"class_list":{"0":"post-269802","1":"product","2":"type-product","3":"status-publish","4":"has-post-thumbnail","6":"product_cat-black-red-white","7":"product_cat-vitrines","9":"first","10":"instock","11":"purchasable","12":"product-type-simple"},"_links":{"self":[{"href":"https:\/\/baldumarket.lt\/lt\/wp-json\/wp\/v2\/product\/269802","targetHints":{"allow":["GET"]}}],"collection":[{"href":"https:\/\/baldumarket.lt\/lt\/wp-json\/wp\/v2\/product"}],"about":[{"href":"https:\/\/baldumarket.lt\/lt\/wp-json\/wp\/v2\/types\/product"}],"replies":[{"embeddable":true,"href":"https:\/\/baldumarket.lt\/lt\/wp-json\/wp\/v2\/comments?post=269802"}],"wp:featuredmedia":[{"embeddable":true,"href":"https:\/\/baldumarket.lt\/lt\/wp-json\/wp\/v2\/media\/269803"}],"wp:attachment":[{"href":"https:\/\/baldumarket.lt\/lt\/wp-json\/wp\/v2\/media?parent=269802"}],"wp:term":[{"taxonomy":"product_brand","embeddable":true,"href":"https:\/\/baldumarket.lt\/lt\/wp-json\/wp\/v2\/product_brand?post=269802"},{"taxonomy":"product_cat","embeddable":true,"href":"https:\/\/baldumarket.lt\/lt\/wp-json\/wp\/v2\/product_cat?post=269802"},{"taxonomy":"product_tag","embeddable":true,"href":"https:\/\/baldumarket.lt\/lt\/wp-json\/wp\/v2\/product_tag?post=269802"}],"curies":[{"name":"wp","href":"https:\/\/api.w.org\/{rel}","templated":true}]}}