{"id":269794,"date":"2026-01-14T01:14:34","date_gmt":"2026-01-13T22:14:34","guid":{"rendered":"https:\/\/baldumarket.lt\/product\/witryna-niska-z-szufladami-patras-103-cm-dab-april\/"},"modified":"2026-02-11T18:17:31","modified_gmt":"2026-02-11T15:17:31","slug":"witryna-niska-z-szufladami-patras-103-cm-dab-april","status":"publish","type":"product","link":"https:\/\/baldumarket.lt\/lt\/product\/witryna-niska-z-szufladami-patras-103-cm-dab-april\/","title":{"rendered":"\u017dema vitrina su stal\u010diais PATRAS 103 cm, baland\u017eio spalvos \u0105\u017euolas"},"content":{"rendered":"<p>\u201ePatras\u201c vitrina \u2013 eleganti\u0161kas b\u016bdas eksponuoti m\u0117gstamiausius daiktus svetain\u0117je. \u0160i vitrina su dviem kompakti\u0161kais stal\u010diais ir dviem atviromis lentynomis yra ne tik prakti\u0161kas organizatorius, bet ir ry\u0161kus dekoratyvinis elementas. \u012estiklinta priekin\u0117 dalis leid\u017eia eksponuoti jums svarbius daiktus. Gr\u016bdinto apsauginio stiklo naudojimas padidina naudojimo komfort\u0105, o papildomas LED ap\u0161vietimas (pasirinktinai) puikiai i\u0161ry\u0161kina spintel\u0117je eksponuojamus daiktus. Baland\u017eio \u0105\u017euolo medienos apdaila su matomais ra\u0161tais suteikia interjerui \u0161ilt\u0105 ir stiling\u0105 charakter\u012f, sudarydama pagrind\u0105 kurti \u012fvairias kompozicijas. Stilizuotos sendinto sidabro spalvos rankenos ne tik puo\u0161ia, bet ir palengvina prieig\u0105 prie spintel\u0117s turinio. J\u016bs\u0173 ramybei spintel\u0117 apr\u016bpinta \u0161velniai u\u017esidaran\u010diais vyriais, u\u017etikrinan\u010diais tyl\u0173 spintel\u0117s dureli\u0173 atidarym\u0105 ir u\u017edarym\u0105. Naudodami \u012fvairius \u201ePatras\u201c kolekcijos elementus, galite lengvai sukurti jauki\u0105 ir stiling\u0105 svetain\u0119 ar miegam\u0105j\u012f.<\/p>\n<p>Prek\u0117s kodas S405-REG1W2S-DARL Simbolis ZM EAN Plotis 103 cm Gylis 44,5 cm Auk\u0161tis 158,5 cm Kolekcija Patras Spalva baland\u017eio spalvos \u0105\u017euolas Atspalvis tamsi mediena Stilius modernus Med\u017eiaga laminatas Dureli\u0173 skai\u010dius 1 dur\u0173 Stal\u010di\u0173 skai\u010dius 2 stal\u010diai Rankena su ranken\u0117l\u0117mis Ap\u0161vietimas pasirenkamas Gamintojas Juoda Raudona Balta Bald\u0173 tipas Lentynos ir vitrinos PVM mokestis 23% EAN 5906123944229<\/p>","protected":false},"excerpt":{"rendered":"<p>\u201ePatras\u201c vitrina \u2013 tai eleganti\u0161kas b\u016bdas eksponuoti m\u0117gstamiausius daiktus svetain\u0117je. \u0160i vitrina su dviem kompakti\u0161kais stal\u010diais ir dviem atviromis lentynomis yra ne tik prakti\u0161kas organizatorius, bet ir ry\u0161kus dekoratyvinis elementas. \u012estiklinta priekin\u0117 dalis leid\u017eia eksponuoti jums svarbius daiktus. [\u2026]<\/p>","protected":false},"featured_media":269795,"comment_status":"open","ping_status":"open","template":"","meta":[],"product_brand":[],"product_cat":[9200,2006],"product_tag":[],"class_list":{"0":"post-269794","1":"product","2":"type-product","3":"status-publish","4":"has-post-thumbnail","6":"product_cat-black-red-white","7":"product_cat-vitrines","9":"first","10":"instock","11":"purchasable","12":"product-type-simple"},"_links":{"self":[{"href":"https:\/\/baldumarket.lt\/lt\/wp-json\/wp\/v2\/product\/269794","targetHints":{"allow":["GET"]}}],"collection":[{"href":"https:\/\/baldumarket.lt\/lt\/wp-json\/wp\/v2\/product"}],"about":[{"href":"https:\/\/baldumarket.lt\/lt\/wp-json\/wp\/v2\/types\/product"}],"replies":[{"embeddable":true,"href":"https:\/\/baldumarket.lt\/lt\/wp-json\/wp\/v2\/comments?post=269794"}],"wp:featuredmedia":[{"embeddable":true,"href":"https:\/\/baldumarket.lt\/lt\/wp-json\/wp\/v2\/media\/269795"}],"wp:attachment":[{"href":"https:\/\/baldumarket.lt\/lt\/wp-json\/wp\/v2\/media?parent=269794"}],"wp:term":[{"taxonomy":"product_brand","embeddable":true,"href":"https:\/\/baldumarket.lt\/lt\/wp-json\/wp\/v2\/product_brand?post=269794"},{"taxonomy":"product_cat","embeddable":true,"href":"https:\/\/baldumarket.lt\/lt\/wp-json\/wp\/v2\/product_cat?post=269794"},{"taxonomy":"product_tag","embeddable":true,"href":"https:\/\/baldumarket.lt\/lt\/wp-json\/wp\/v2\/product_tag?post=269794"}],"curies":[{"name":"wp","href":"https:\/\/api.w.org\/{rel}","templated":true}]}}