{"id":269790,"date":"2026-01-14T01:14:30","date_gmt":"2026-01-13T22:14:30","guid":{"rendered":"https:\/\/baldumarket.lt\/product\/witryna-niska-kassel-100-cm-dab-monastery-dab-czarny\/"},"modified":"2026-02-11T18:17:31","modified_gmt":"2026-02-11T15:17:31","slug":"witryna-niska-kassel-100-cm-dab-monastery-dab-czarny","status":"publish","type":"product","link":"https:\/\/baldumarket.lt\/lt\/product\/witryna-niska-kassel-100-cm-dab-monastery-dab-czarny\/","title":{"rendered":"\u017dema vitrina KASSEL 100 cm, vienuolyno \u0105\u017euolas\/juodas \u0105\u017euolas"},"content":{"rendered":"<p>Kaselio vitrina \u2013 puikiai tinka eksponavimui ir daikt\u0173 laikymui. Svarstote apie vitrin\u0105 ar komod\u0105 savo interjerui? O galb\u016bt svarstote apie Kaselio vitrin\u0105, kuri ne tik puikiai demonstruoja daiktus, bet ir yra prakti\u0161ka daikt\u0173 laikymo vieta?<br \/>\n\u0160iam baldui b\u016bdinga simetri\u0161ka forma ir ai\u0161kus dviej\u0173 funkcij\u0173 suskirstymas. Vir\u0161utin\u0117 dalis, pasl\u0117pta u\u017e saugi\u0173 gr\u016bdinto stiklo fasad\u0173, tarnauja kaip \u012fdomi vitrina, puikiai tinkanti dekoratyviniams stalo \u012frankiams ar branginamiems suvenyrams eksponuoti. U\u017e stiklini\u0173 dureli\u0173 yra dvi lentynos, viena stiklin\u0117, leid\u017eianti efektyviai eksponuoti dekoratyvinius daiktus. Taip pat galima \u012fsigyti LED ap\u0161vietim\u0105, kuris suteiks j\u016bs\u0173 ekspozicijoms spindesio. Ma\u017ei skyriai, pasl\u0117pti u\u017e tvirto fasado, puikiai tinka smulkiems daiktams laikyti.<br \/>\nApatin\u0117je spintel\u0117s dalyje galima prakti\u0161kai laikyti staltieses, patalyn\u0119 ir kitus stalo \u012frankius, o kiekviena spintel\u0117 yra padalinta lentyna, kad b\u016bt\u0173 lengva juos susid\u0117lioti.<br \/>\n\u0160i didel\u0117 vitrina puikiai dera moderniuose ir loft\u0173 interjeruose, joje dera \u0161iltas \u0105\u017euolas su paslaptingu juodu \u0105\u017euolu. Med\u017eio ra\u0161tas suteikia kambariui jaukumo, o juoda spalva \u2013 nesenstan\u010dio elegancijos.<\/p>\n<p>\u0160i vitrina taps ne tik prakti\u0161ku elementu, bet ir dekoratyviu j\u016bs\u0173 svetain\u0117s ar darbo kambario akcentu. Ji puikiai tinka oficialiai nam\u0173 erdvei, kurioje renkat\u0117s su draugais ir \u0161eima. Nor\u0117dami darnaus vaizdo, galite j\u0105 derinti su kitais \u201eKassel\u201c kolekcijos baldais, sukurdami dar stilingesn\u012f interjer\u0105.<\/p>\n<p>Prek\u0117s kodas S491-REG2D2W-DMON\/DCA Simbolis ZM EAN Plotis 100 cm Gylis 41 cm Auk\u0161tis 145 cm Kolekcija Kassel Spalva vienuolyno \u0105\u017euolas\/juodas \u0105\u017euolas Atspalvis tamsi mediena Stilius modernus Med\u017eiaga laminatas Dureli\u0173 skai\u010dius 4 dur\u0173 Stal\u010di\u0173 skai\u010dius be stal\u010di\u0173 Rankena su rankenomis Ap\u0161vietimas pasirenkamas Gamintojas Juoda Raudona Balta Bald\u0173 tipas Lentynos ir vitrinos PVM mokestis 23% EAN 5906123709590<\/p>","protected":false},"excerpt":{"rendered":"<p>Kassel Display Cabinet \u2013 Perfect for Display and Storage. Are you considering a display cabinet or a chest of drawers for your interior? Or perhaps you&#8217;re considering a Kassel display cabinet, which not only provides excellent display but also serves as practical storage? This piece is characterized by its symmetrical form and clear division into [&hellip;]<\/p>","protected":false},"featured_media":269791,"comment_status":"open","ping_status":"open","template":"","meta":[],"product_brand":[],"product_cat":[9200,2006],"product_tag":[],"class_list":{"0":"post-269790","1":"product","2":"type-product","3":"status-publish","4":"has-post-thumbnail","6":"product_cat-black-red-white","7":"product_cat-vitrines","9":"first","10":"instock","11":"purchasable","12":"product-type-simple"},"_links":{"self":[{"href":"https:\/\/baldumarket.lt\/lt\/wp-json\/wp\/v2\/product\/269790","targetHints":{"allow":["GET"]}}],"collection":[{"href":"https:\/\/baldumarket.lt\/lt\/wp-json\/wp\/v2\/product"}],"about":[{"href":"https:\/\/baldumarket.lt\/lt\/wp-json\/wp\/v2\/types\/product"}],"replies":[{"embeddable":true,"href":"https:\/\/baldumarket.lt\/lt\/wp-json\/wp\/v2\/comments?post=269790"}],"wp:featuredmedia":[{"embeddable":true,"href":"https:\/\/baldumarket.lt\/lt\/wp-json\/wp\/v2\/media\/269791"}],"wp:attachment":[{"href":"https:\/\/baldumarket.lt\/lt\/wp-json\/wp\/v2\/media?parent=269790"}],"wp:term":[{"taxonomy":"product_brand","embeddable":true,"href":"https:\/\/baldumarket.lt\/lt\/wp-json\/wp\/v2\/product_brand?post=269790"},{"taxonomy":"product_cat","embeddable":true,"href":"https:\/\/baldumarket.lt\/lt\/wp-json\/wp\/v2\/product_cat?post=269790"},{"taxonomy":"product_tag","embeddable":true,"href":"https:\/\/baldumarket.lt\/lt\/wp-json\/wp\/v2\/product_tag?post=269790"}],"curies":[{"name":"wp","href":"https:\/\/api.w.org\/{rel}","templated":true}]}}