{"id":269782,"date":"2026-01-14T01:14:21","date_gmt":"2026-01-13T22:14:21","guid":{"rendered":"https:\/\/baldumarket.lt\/product\/witryna-niska-jednodrzwiowa-ze-szklem-i-dwoma-szufladami-ostia-1005-cm-dab-artisan-czarny-blask\/"},"modified":"2026-02-11T18:17:31","modified_gmt":"2026-02-11T15:17:31","slug":"witryna-niska-jednodrzwiowa-ze-szklem-i-dwoma-szufladami-ostia-1005-cm-dab-artisan-czarny-blask","status":"publish","type":"product","link":"https:\/\/baldumarket.lt\/lt\/product\/witryna-niska-jednodrzwiowa-ze-szklem-i-dwoma-szufladami-ostia-1005-cm-dab-artisan-czarny-blask\/","title":{"rendered":"\u017dema vien\u0173 dur\u0173 vitrina su stiklu ir dviem stal\u010diais OSTIA 100,5 cm, dirbtinio \u0105\u017euolo imitacija\/blizgi juoda spalva"},"content":{"rendered":"<p>\u201eOstia\u201c vitrina \u2013 moderni j\u016bs\u0173 lobi\u0173 ekspozicija. \u201eOstia\u201c kolekcija \u2013 tai bald\u0173 linija, puikiai papildanti solid\u0173 stili\u0173, si\u016blanti unikalius, prakti\u0161kus ir \u012fsp\u016bdingus interjero dizaino sprendimus. Jei norite sukurti eleganti\u0161k\u0105 ir funkcional\u0173 interjer\u0105, \u201eOstia\u201c vitrina gali b\u016bti ne\u012fkainojama pagalbinink\u0117 pristatant m\u0117gstamiausius daiktus. \u0160i vitrina si\u016blo daugyb\u0119 eksponavimo variant\u0173. Dvi atviros lentynos skirtos knygoms, kelioni\u0173 suvenyrams ar kitiems daiktams, kuriuos norite eksponuoti. Jei reikia pasl\u0117pti tam tikrus daiktus, pilnas priekis arba du stal\u010diai suteikia pasl\u0117ptos vietos dokumentams, sezoniniams papuo\u0161alams ir kitiems daiktams. Stiklinis priekis leid\u017eia eksponuoti kelias vazas, \u017evakes ar keramines fig\u016br\u0117les, sukuriant \u012fsp\u016bding\u0105 ekspozicij\u0105. Be to, \u201eOstia\u201c vitrina i\u0161siskiria pastorintais \u0161onais ir sant\u016bria meni\u0161ko \u0105\u017euolo spalv\u0173 gama. Degtos lentos spalvos dekoratyvin\u0117 juostel\u0117 ir LED ap\u0161vietimas suteikia unikalumo. Juodas pagrindas suteikia baldui individualumo, o \u0161iek tiek d\u016bmintas antisol rudas stiklas \u2013 elegancijos. Papildomai pasirenkama SQUERE LED lempa, sumontuota vir\u0161uje, dar labiau padidina \u0161ios vitrinos gro\u017e\u012f. Prakti\u0161k\u0105 atidarym\u0105 ir u\u017edarym\u0105 u\u017etikrina patogios juodos rankenos ir \u0161velnaus u\u017edarymo b\u0117geliai. \u201eOstia\u201c vitrina su stal\u010diais puikiai dera su kitais kolekcijos elementais, tokiais kaip komoda, stalas, televizoriaus staliukas ar lentyna, sukuriant darn\u0173 ir funkcional\u0173 svetain\u0117s i\u0161d\u0117stym\u0105. Su \u201eOstia\u201c vitrina galite pabr\u0117\u017eti savo interjero charakter\u012f ir palaikyti tvark\u0105, eksponuodami m\u0117gstamiausius daiktus.<\/p>\n<p>Prek\u0117s kodas S467-REG1D1W2S\/15\/10-DASN\/CABL Simbolis ZM EAN Plotis 100,5 cm Gylis 42 cm Auk\u0161tis 143,5 cm Kolekcija Ostia Spalva meni\u0161kas \u0105\u017euolas\/blizgi juoda Gaubtas \u0161viesus medis Stilius modernus Dureli\u0173 skai\u010dius 2 dur\u0173 Stal\u010di\u0173 skai\u010dius 2 stal\u010diai Rankena su ranken\u0117l\u0117mis Ap\u0161vietimas pasirenkamas Gamintojas Juoda Raudona Balta Bald\u0173 tipas Lentynos ir vitrinos PVM mokestis 23% EAN 5906123705158<\/p>","protected":false},"excerpt":{"rendered":"<p>\u201eOstia\u201c vitrina \u2013 moderni j\u016bs\u0173 lobi\u0173 ekspozicija. \u201eOstia\u201c kolekcija \u2013 tai bald\u0173 linija, puikiai papildanti solid\u0173 stili\u0173, si\u016blanti unikalius, prakti\u0161kus ir \u012fsp\u016bdingus interjero dizaino sprendimus. Jei norite sukurti eleganti\u0161k\u0105 ir funkcional\u0173 interjer\u0105, \u201eOstia\u201c vitrina gali b\u016bti ne\u012fkainojama pagalba pristatant j\u016bs\u0173 m\u0117gstamiausius [\u2026]<\/p>","protected":false},"featured_media":269783,"comment_status":"open","ping_status":"open","template":"","meta":[],"product_brand":[],"product_cat":[9200,2006],"product_tag":[],"class_list":{"0":"post-269782","1":"product","2":"type-product","3":"status-publish","4":"has-post-thumbnail","6":"product_cat-black-red-white","7":"product_cat-vitrines","9":"first","10":"instock","11":"purchasable","12":"product-type-simple"},"_links":{"self":[{"href":"https:\/\/baldumarket.lt\/lt\/wp-json\/wp\/v2\/product\/269782","targetHints":{"allow":["GET"]}}],"collection":[{"href":"https:\/\/baldumarket.lt\/lt\/wp-json\/wp\/v2\/product"}],"about":[{"href":"https:\/\/baldumarket.lt\/lt\/wp-json\/wp\/v2\/types\/product"}],"replies":[{"embeddable":true,"href":"https:\/\/baldumarket.lt\/lt\/wp-json\/wp\/v2\/comments?post=269782"}],"wp:featuredmedia":[{"embeddable":true,"href":"https:\/\/baldumarket.lt\/lt\/wp-json\/wp\/v2\/media\/269783"}],"wp:attachment":[{"href":"https:\/\/baldumarket.lt\/lt\/wp-json\/wp\/v2\/media?parent=269782"}],"wp:term":[{"taxonomy":"product_brand","embeddable":true,"href":"https:\/\/baldumarket.lt\/lt\/wp-json\/wp\/v2\/product_brand?post=269782"},{"taxonomy":"product_cat","embeddable":true,"href":"https:\/\/baldumarket.lt\/lt\/wp-json\/wp\/v2\/product_cat?post=269782"},{"taxonomy":"product_tag","embeddable":true,"href":"https:\/\/baldumarket.lt\/lt\/wp-json\/wp\/v2\/product_tag?post=269782"}],"curies":[{"name":"wp","href":"https:\/\/api.w.org\/{rel}","templated":true}]}}