{"id":269770,"date":"2026-01-14T01:14:10","date_gmt":"2026-01-13T22:14:10","guid":{"rendered":"https:\/\/baldumarket.lt\/product\/witryna-niska-jednodrzwiowa-z-frontem-szklanym-zele-90-cm-dab-wotan-bialy-polysk\/"},"modified":"2026-02-11T18:17:31","modified_gmt":"2026-02-11T15:17:31","slug":"witryna-niska-jednodrzwiowa-z-frontem-szklanym-zele-90-cm-dab-wotan-bialy-polysk","status":"publish","type":"product","link":"https:\/\/baldumarket.lt\/lt\/product\/witryna-niska-jednodrzwiowa-z-frontem-szklanym-zele-90-cm-dab-wotan-bialy-polysk\/","title":{"rendered":"\u017dema vien\u0173 dureli\u0173 vitrina su stikliniu priekiu ZELE 90 cm Wotan \u0105\u017euolas\/blizgi balta"},"content":{"rendered":"<p>\u201eZele\u201c vitrina \u2013 eleganti\u0161ka vitrina su pla\u010diomis galimyb\u0117mis. Jei ie\u0161kote eleganti\u0161ko ir funkcionalaus interjero papildymo, \u201eZele\u201c vitrina yra puikus pasirinkimas. \u201eZele\u201c kolekcija i\u0161siskiria moderniu dizainu ir minimalistin\u0117mis formomis, ir \u201eZele\u201c vitrina n\u0117ra i\u0161imtis, si\u016blanti plat\u0173 i\u0161d\u0117stymo ir funkcionalumo variant\u0173 pasirinkim\u0105. \u201eZele\u201c vitrina yra puikus sprendimas valgomajam ir svetainei. U\u017e tvirt\u0173 dureli\u0173 rasite daug vietos \u012fvairiems daiktams laikyti \u2013 nuo ind\u0173 iki dekoracij\u0173 ir knyg\u0173. Stiklin\u0117 vitrina yra puiki vieta eksponuoti m\u0117gstamas kolekcijas ar norimus eksponuoti papuo\u0161alus. J\u016bs\u0173 \u0161eimos saugumas yra m\u016bs\u0173 prioritetas, tod\u0117l \u201eZele\u201c vitrinoje naudojome patvar\u0173 gr\u016bdint\u0105 stikl\u0105. Tai garantuoja, kad j\u016bs\u0173 artimieji bus saug\u016bs net ir pa\u017eeidimo atveju. \u201eZele\u201c vitrinos spalv\u0173 pasirinkimas si\u016blo plat\u0173 pasirinkim\u0105. Galite derinti \u201eWotan Oak\u201c korpus\u0105 su blizgiais baltais fasadais, suteikdami savo interjerui modern\u0173 ir eleganti\u0161k\u0105 charakter\u012f. Jei pageidaujate sant\u016bresni\u0173 spalv\u0173, visi\u0161kai \u201eWotan Oak\u201c apdaila tikrai atitiks j\u016bs\u0173 l\u016bkes\u010dius. Minimalistin\u0117 rankena, integruota \u012f fasado kra\u0161t\u0105, pabr\u0117\u017eia \u201eZele\u201c vitrinos charakter\u012f, suteikdama jai eleganti\u0161k\u0105 ir modern\u0173 vaizd\u0105. Lengv\u0105 prieig\u0105 prie turinio u\u017etikrina stiklin\u0117je priekin\u0117je dalyje integruotas atidarymo spustel\u0117jus mechanizmas. Jei norite suteikti modernumo, \u201eZele\u201c vitrin\u0105 galima apr\u016bpinti energij\u0105 taupan\u010diu ap\u0161vietimu, kur\u012f galima \u012fsigyti u\u017e papildom\u0105 mokest\u012f. Tai puikus b\u016bdas i\u0161ry\u0161kinti eksponuojamus daiktus ir sukurti jauki\u0105 atmosfer\u0105. \u201eZele\u201c vitrin\u0105 galite derinti su lentyna ir kitais \u201eZele\u201c kolekcijos elementais, taip sukurdami darni\u0105 ir ergonomi\u0161k\u0105 erdv\u0119 savo svetain\u0117je. \u0160is baldas ne tik \u017eavi savo dizainu, bet ir si\u016blo prakti\u0161kus daikt\u0173 laikymo bei eksponavimo sprendimus. I\u0161bandykite ir pamatysite, kiek jis gali papildyti j\u016bs\u0173 interjer\u0105.<\/p>\n<p>Prek\u0117s kodas S383-REG1W1D\/90-DWO Simbolis ZM EAN Plotis 90 cm Gylis 41 cm Auk\u0161tis 132,5 cm Kolekcija Zele Spalva wotan \u0105\u017euolas Gaubtas \u0161viesi mediena Stilius modernus Med\u017eiaga laminatas Dureli\u0173 skai\u010dius 2 dur\u0173 Stal\u010di\u0173 skai\u010dius be stal\u010di\u0173 Rankena su rankenomis Ap\u0161vietimas pasirenkamas Gamintojas Juoda Raudona Balta Bald\u0173 tipas Lentynos ir vitrinos PVM mokestis 23% EAN 5906123928816<\/p>","protected":false},"excerpt":{"rendered":"<p>\u201eZele\u201c vitrina \u2013 eleganti\u0161ka vitrina su pla\u010diomis galimyb\u0117mis. Jei ie\u0161kote eleganti\u0161ko ir funkcionalaus interjero papildymo, \u201eZele\u201c vitrina yra puikus pasirinkimas. \u201eZele\u201c kolekcija i\u0161siskiria moderniu dizainu ir minimalistin\u0117mis formomis, o \u201eZele\u201c vitrina n\u0117ra i\u0161imtis, si\u016blanti plat\u0173 i\u0161d\u0117stymo pasirinkim\u0105 [\u2026]<\/p>","protected":false},"featured_media":269771,"comment_status":"open","ping_status":"open","template":"","meta":[],"product_brand":[],"product_cat":[9200,2006],"product_tag":[],"class_list":{"0":"post-269770","1":"product","2":"type-product","3":"status-publish","4":"has-post-thumbnail","6":"product_cat-black-red-white","7":"product_cat-vitrines","9":"first","10":"instock","11":"purchasable","12":"product-type-simple"},"_links":{"self":[{"href":"https:\/\/baldumarket.lt\/lt\/wp-json\/wp\/v2\/product\/269770","targetHints":{"allow":["GET"]}}],"collection":[{"href":"https:\/\/baldumarket.lt\/lt\/wp-json\/wp\/v2\/product"}],"about":[{"href":"https:\/\/baldumarket.lt\/lt\/wp-json\/wp\/v2\/types\/product"}],"replies":[{"embeddable":true,"href":"https:\/\/baldumarket.lt\/lt\/wp-json\/wp\/v2\/comments?post=269770"}],"wp:featuredmedia":[{"embeddable":true,"href":"https:\/\/baldumarket.lt\/lt\/wp-json\/wp\/v2\/media\/269771"}],"wp:attachment":[{"href":"https:\/\/baldumarket.lt\/lt\/wp-json\/wp\/v2\/media?parent=269770"}],"wp:term":[{"taxonomy":"product_brand","embeddable":true,"href":"https:\/\/baldumarket.lt\/lt\/wp-json\/wp\/v2\/product_brand?post=269770"},{"taxonomy":"product_cat","embeddable":true,"href":"https:\/\/baldumarket.lt\/lt\/wp-json\/wp\/v2\/product_cat?post=269770"},{"taxonomy":"product_tag","embeddable":true,"href":"https:\/\/baldumarket.lt\/lt\/wp-json\/wp\/v2\/product_tag?post=269770"}],"curies":[{"name":"wp","href":"https:\/\/api.w.org\/{rel}","templated":true}]}}