{"id":269754,"date":"2026-01-14T01:13:56","date_gmt":"2026-01-13T22:13:56","guid":{"rendered":"https:\/\/baldumarket.lt\/product\/witryna-niska-jednodrzwiowa-z-frontem-szklanym-lara-90-cm-jesion-belarus\/"},"modified":"2026-02-11T18:17:31","modified_gmt":"2026-02-11T15:17:31","slug":"witryna-niska-jednodrzwiowa-z-frontem-szklanym-lara-90-cm-jesion-belarus","status":"publish","type":"product","link":"https:\/\/baldumarket.lt\/lt\/product\/witryna-niska-jednodrzwiowa-z-frontem-szklanym-lara-90-cm-jesion-belarus\/","title":{"rendered":"\u017dema vien\u0173 dureli\u0173 vitrina su stikliniu priekiu LARA 90 cm, baltarusi\u0161kas uosis"},"content":{"rendered":"<p>Vitrina \u201eLara\u201c \u2013 funkcionalus ir modernus sprendimas. Jei j\u016bs\u0173 svetain\u0117 skirta ne tik oficialiai erdvei, bet ir drabu\u017ei\u0173 spintai, miegamajam ar valgomajam laikyti, tinkami baldai gali padaryti stebuklus. 151 x 90 x 40 cm dyd\u017eio vitrina \u201eLara\u201c \u2013 idealus sprendimas lofto ar industrinio stiliaus interjerui. Joje nat\u016brali Baltarusijos uosio apdaila derinama su juodomis rankenomis ir kra\u0161t\u0173 detal\u0117mis, suteikiant jai i\u0161skirtin\u012f dizain\u0105. Vitrina \u201eLara\u201c yra padalinta \u012f tris zonas, tod\u0117l ji yra ne\u012ftik\u0117tinai funkcionali. Kair\u0117je spintel\u0117s pus\u0117je yra dvi lentynos, kuriose galima laikyti m\u0117gstamas knygas ir albumus, sukuriant jauk\u0173 skaitymo kampel\u012f. Po \u0161iomis lentynomis yra stiklin\u0117 dalis, puikiai tinkanti stalo \u012frankiams, stiklin\u0117ms ar nuotrauk\u0173 r\u0117meliams eksponuoti. Vitrinos apa\u010dioje ir de\u0161in\u0117je pus\u0117je yra vietos daiktams, kuriuos norite pasl\u0117pti nuo sve\u010di\u0173. Erdvios lentynos puikiai tinka rank\u0161luos\u010diams, patalynei ar drabu\u017ei\u0173 spintos daiktams laikyti. Vitrina \u201eLara\u201c turi \u0161velniai u\u017esidaran\u010dius vyrius, tod\u0117l durel\u0117ms atsidaro ir u\u017esidaro tyliai. Be to, ry\u0161kus gr\u016bdintas stiklas ir pasirenkamas LED ap\u0161vietimas puikiai i\u0161ry\u0161kina vitrinos reprezentacin\u0119 zon\u0105, sukurdami eleganti\u0161k\u0105 akcent\u0105 svetain\u0117je. D\u0117l kompakti\u0161ko dyd\u017eio \u201eLara\u201c vitrina taip pat puikiai papildo ma\u017e\u0105 miegam\u0105j\u012f, jaunimo kambar\u012f ar biur\u0105. Jos daugiafunkci\u0161kumas ir modernus dizainas leid\u017eia j\u0105 \u012fvairiai panaudoti, priklausomai nuo j\u016bs\u0173 poreiki\u0173 ir interjero stiliaus. Trumpai tariant, \u201eLara\u201c vitrina yra baldas, kuriame derinamas stilius ir funkcionalumas. D\u0117l universali\u0173 daikt\u0173 laikymo galimybi\u0173 ir eleganti\u0161kos i\u0161vaizdos galite m\u0117gautis ir reprezentacine svetaine, ir erdve m\u0117gstamiems daiktams laikyti ir eksponuoti. Tai puikus sprendimas daugiafunkciniam interjerui.<\/p>\n<p>Prek\u0117s kodas S463-REG1D1W\/90-JBE Simbolis ZM EAN Plotis 90 cm Gylis 40 cm Auk\u0161tis 151 cm Kolekcija Lara Spalva Baltarusijos uosis Gaubtas \u0161viesi mediena Stilius loft Med\u017eiaga laminatas Dureli\u0173 skai\u010dius 2 dur\u0173 Stal\u010di\u0173 skai\u010dius be stal\u010di\u0173 Rankena su rankenomis Ap\u0161vietimas pasirenkamas Gamintojas Juoda Raudona Balta Bald\u0173 tipas Lentynos ir vitrinos PVM mokestis 23% EAN 5906123607964<\/p>","protected":false},"excerpt":{"rendered":"<p>Lara Display Cabinet \u2013 A Functional and Modern Solution. If your living room is not only intended to be a formal space but also serve as storage for a wardrobe, bedroom, or dining room, the right furniture selection can work wonders. The Lara display cabinet, measuring 151 x 90 x 40 cm, is an ideal [&hellip;]<\/p>","protected":false},"featured_media":269755,"comment_status":"open","ping_status":"open","template":"","meta":[],"product_brand":[],"product_cat":[9200,2006],"product_tag":[],"class_list":{"0":"post-269754","1":"product","2":"type-product","3":"status-publish","4":"has-post-thumbnail","6":"product_cat-black-red-white","7":"product_cat-vitrines","9":"first","10":"instock","11":"purchasable","12":"product-type-simple"},"_links":{"self":[{"href":"https:\/\/baldumarket.lt\/lt\/wp-json\/wp\/v2\/product\/269754","targetHints":{"allow":["GET"]}}],"collection":[{"href":"https:\/\/baldumarket.lt\/lt\/wp-json\/wp\/v2\/product"}],"about":[{"href":"https:\/\/baldumarket.lt\/lt\/wp-json\/wp\/v2\/types\/product"}],"replies":[{"embeddable":true,"href":"https:\/\/baldumarket.lt\/lt\/wp-json\/wp\/v2\/comments?post=269754"}],"wp:featuredmedia":[{"embeddable":true,"href":"https:\/\/baldumarket.lt\/lt\/wp-json\/wp\/v2\/media\/269755"}],"wp:attachment":[{"href":"https:\/\/baldumarket.lt\/lt\/wp-json\/wp\/v2\/media?parent=269754"}],"wp:term":[{"taxonomy":"product_brand","embeddable":true,"href":"https:\/\/baldumarket.lt\/lt\/wp-json\/wp\/v2\/product_brand?post=269754"},{"taxonomy":"product_cat","embeddable":true,"href":"https:\/\/baldumarket.lt\/lt\/wp-json\/wp\/v2\/product_cat?post=269754"},{"taxonomy":"product_tag","embeddable":true,"href":"https:\/\/baldumarket.lt\/lt\/wp-json\/wp\/v2\/product_tag?post=269754"}],"curies":[{"name":"wp","href":"https:\/\/api.w.org\/{rel}","templated":true}]}}