{"id":269746,"date":"2026-01-14T01:13:48","date_gmt":"2026-01-13T22:13:48","guid":{"rendered":"https:\/\/baldumarket.lt\/product\/witryna-niska-jednodrzwiowa-z-dwoma-szufladami-alameda-102-cm-bialy-polysk-dab-westminster\/"},"modified":"2026-02-11T18:17:32","modified_gmt":"2026-02-11T15:17:32","slug":"witryna-niska-jednodrzwiowa-z-dwoma-szufladami-alameda-102-cm-bialy-polysk-dab-westminster","status":"publish","type":"product","link":"https:\/\/baldumarket.lt\/lt\/product\/witryna-niska-jednodrzwiowa-z-dwoma-szufladami-alameda-102-cm-bialy-polysk-dab-westminster\/","title":{"rendered":"\u017dema vien\u0173 dureli\u0173 vitrina su dviem stal\u010diais ALAMEDA 102 cm, balta blizgi\/vestminsterio \u0105\u017euolas"},"content":{"rendered":"<p>\u201eAlameda\u201c vitrina \u2013 tai universalus baldas. Funkcionalumas: \u201eAlameda\u201c vitrina \u2013 puikus sprendimas \u012fvairiems daiktams laikyti ir eksponuoti svetain\u0117je. Joje yra daugyb\u0117 lentyn\u0173 ir du prakti\u0161ki stal\u010diai, pad\u0117siantys tvarkingai susitvarkyti nieku\u010dius ir aksesuarus. Gr\u016bdinto stiklo priekis leid\u017eia eksponuoti dekoracijas, vazas ar kavos servizus. LED ap\u0161vietimas: LED ap\u0161vietimas po vitrinos vir\u0161umi yra ne tik prakti\u0161kas elementas, bet ir ry\u0161ki detal\u0117, pabr\u0117\u017eianti modern\u0173 bald\u0173 dizain\u0105 ir suteikianti jiems unikalaus charakterio. Stilingas dizainas: Blizgus baltas vitrinos korpusas sukuria eleganti\u0161k\u0105 \u012fr\u0117minim\u0105 blizgioms baltoms fasadams. Nat\u016bralaus Vestminsterio \u0105\u017euolo spalvos cokolis ir stalvir\u0161is suteikia baldui unikalaus \u017eavesio. Dekoratyvin\u0117 detal\u0117 priekyje yra unikali puo\u0161mena, suteikianti baldui unikalaus charakterio. Naudojimo patogumas: \u0160velniai u\u017esidarantys vyriai u\u017etikrina, kad vitrinos dureli\u0173 atidarymas ir u\u017edarymas b\u016bt\u0173 beveik tylus, tod\u0117l kasdien naudojantis ja patogu. Galima derinti su kitais elementais. \u201eAlameda\u201c vitrin\u0105 galima lengvai derinti su kitais \u201eAlameda\u201c kolekcijos baldais, sukuriant darni\u0105 ir ergonomi\u0161k\u0105 erdv\u0119 j\u016bs\u0173 svetain\u0117je. \u201eAlameda\u201c vitrina ne tik padeda palaikyti tvark\u0105, bet ir yra ry\u0161kus dekoratyvinis elementas, suteikiantis j\u016bs\u0173 svetainei modernaus dizaino. Jei ie\u0161kote funkcionalios ir stilingos vitrinos savo interjerui, \u201eAlameda\u201c vitrina gali b\u016bti puikus pasirinkimas.<\/p>\n<p>Prek\u0117s kodas S420-REG1W1D2S-BIP\/DWM\/BIP Simbolis ZM EAN Plotis 102 cm Gylis 41 cm Auk\u0161tis 141 cm Kolekcija Alameda Spalva balta blizgi \/ Vestminsterio \u0105\u017euolas \/ balta blizgi Atspalvis baltas Stilius modernus Dureli\u0173 skai\u010dius 2 dur\u0173 Stal\u010di\u0173 skai\u010dius 2 stal\u010diai Rankena be ranken\u0117li\u0173 Ap\u0161vietimas su ap\u0161vietimu Gamintojas Juoda Raudona Balta Baldo tipas Lentynos ir vitrinos PVM 23% EAN 5906123946575<\/p>","protected":false},"excerpt":{"rendered":"<p>The Alameda Display Cabinet is a versatile piece of furniture. Functionality: The Alameda Display Cabinet is the perfect solution for storing and displaying various items in your living room. It features numerous shelves and two practical drawers to help you organize your knick-knacks and accessories. The tempered glass front allows you to display decorations, vases, [&hellip;]<\/p>","protected":false},"featured_media":269747,"comment_status":"open","ping_status":"open","template":"","meta":[],"product_brand":[],"product_cat":[9200,2006],"product_tag":[],"class_list":{"0":"post-269746","1":"product","2":"type-product","3":"status-publish","4":"has-post-thumbnail","6":"product_cat-black-red-white","7":"product_cat-vitrines","9":"first","10":"instock","11":"purchasable","12":"product-type-simple"},"_links":{"self":[{"href":"https:\/\/baldumarket.lt\/lt\/wp-json\/wp\/v2\/product\/269746","targetHints":{"allow":["GET"]}}],"collection":[{"href":"https:\/\/baldumarket.lt\/lt\/wp-json\/wp\/v2\/product"}],"about":[{"href":"https:\/\/baldumarket.lt\/lt\/wp-json\/wp\/v2\/types\/product"}],"replies":[{"embeddable":true,"href":"https:\/\/baldumarket.lt\/lt\/wp-json\/wp\/v2\/comments?post=269746"}],"wp:featuredmedia":[{"embeddable":true,"href":"https:\/\/baldumarket.lt\/lt\/wp-json\/wp\/v2\/media\/269747"}],"wp:attachment":[{"href":"https:\/\/baldumarket.lt\/lt\/wp-json\/wp\/v2\/media?parent=269746"}],"wp:term":[{"taxonomy":"product_brand","embeddable":true,"href":"https:\/\/baldumarket.lt\/lt\/wp-json\/wp\/v2\/product_brand?post=269746"},{"taxonomy":"product_cat","embeddable":true,"href":"https:\/\/baldumarket.lt\/lt\/wp-json\/wp\/v2\/product_cat?post=269746"},{"taxonomy":"product_tag","embeddable":true,"href":"https:\/\/baldumarket.lt\/lt\/wp-json\/wp\/v2\/product_tag?post=269746"}],"curies":[{"name":"wp","href":"https:\/\/api.w.org\/{rel}","templated":true}]}}