{"id":269722,"date":"2026-01-14T01:13:22","date_gmt":"2026-01-13T22:13:22","guid":{"rendered":"https:\/\/baldumarket.lt\/product\/witryna-niska-dwudrzwiowa-ze-szklem-nepo-plus-90-cm-bialy-dab-sonoma\/"},"modified":"2026-02-11T18:17:32","modified_gmt":"2026-02-11T15:17:32","slug":"witryna-niska-dwudrzwiowa-ze-szklem-nepo-plus-90-cm-bialy-dab-sonoma","status":"publish","type":"product","link":"https:\/\/baldumarket.lt\/lt\/product\/witryna-niska-dwudrzwiowa-ze-szklem-nepo-plus-90-cm-bialy-dab-sonoma\/","title":{"rendered":"\u017dema dvidur\u0117 vitrina su stiklu NEPO PLUS 90 cm balta\/sonoma \u0105\u017euolas"},"content":{"rendered":"<p>\u2019Nepo Plus\u201c vitrina \u2013 daugiafunkcionalumas klasikiniu stiliumi. Daugiafunkciniai baldai ypa\u010d populiar\u016bs ma\u017eesniuose butuose. \u201eNepo Plus\u201c vitrina apjungia eksponavim\u0105 ir daikt\u0173 laikym\u0105. \u0160i vitrina, tinkanti svetain\u0117ms, paaugli\u0173 kambariams ar miegamiesiems, \u017eavi savo paprasta forma ir universaliu dizainu. Jos matmenys \u2013 90 x 131,5 x 34 cm \u2013 ir prakti\u0161ki vidiniai padaliniai leid\u017eia laikyti tiek dekoratyvinius, tiek prakti\u0161kus daiktus. \u201eNepo Plus\u201c vitrin\u0105 sudaro: \u2013 trys vitrinos lentynos u\u017e stiklo, \u2013 du prakti\u0161ki skyriai smulkiems daiktams, pasl\u0117pti u\u017e tvirto fasado, \u2013 du didesni skyriai dokumentams ar stalo \u012frankiams, taip pat u\u017e tvirto fasado. \u012evairios spalv\u0173 parinktys \u2013 balta, Sonoma \u0105\u017euolo ir Monastery \u0105\u017euolo \u2013 suteikia pla\u010dias dizaino galimybes. Laminuotas vitrinos pavir\u0161ius yra atsparesnis \u012fbr\u0117\u017eimams ir lengvai valomas. Horizontalios rankenos palengvina prieig\u0105 prie turinio. Taip pat atsi\u017evelg\u0117me \u012f naudotoj\u0173 saugum\u0105, naudodami patvar\u0173 gr\u016bdint\u0105 stikl\u0105. Papildomai galima \u012fsigyti LED ap\u0161vietim\u0105, kuris pabr\u0117\u0161 j\u016bs\u0173 dekoro originalum\u0105. Derinkite \u201eNepo Plus\u201c vitrin\u0105 su kitais kolekcijos elementais, kad sukurtum\u0117te funkcional\u0173 interjer\u0105, kuris bus universalus pagrindas j\u016bs\u0173 m\u0117gstamiausiems aksesuarams.<\/p>\n<p>Prek\u0117s kodas S435-REG1D1W\/90-BI\/DSO Simbolis ZM EAN Plotis 90 cm Gylis 34 cm Auk\u0161tis 131,5 cm Kolekcija \u201eNepo Plus\u201c Spalva balta\/sonoma \u0105\u017euolas Gaubtas \u0161viesios medienos Stilius modernus Dureli\u0173 skai\u010dius 2 dur\u0173 Stal\u010di\u0173 skai\u010dius be stal\u010di\u0173 Rankena su ranken\u0117l\u0117mis Ap\u0161vietimas pasirenkamas Gamintojas Juoda Raudona Balta Bald\u0173 tipas Lentynos ir vitrinos PVM mokestis 23% EAN 5906123949590<\/p>","protected":false},"excerpt":{"rendered":"<p>\u2019Nepo Plus\u201c vitrina \u2013 daugiafunkcionalumas klasikiniu stiliumi. Daugiafunkciniai baldai ypa\u010d populiar\u016bs ma\u017eesniuose butuose. \u201eNepo Plus\u201c vitrina apjungia eksponavim\u0105 ir daikt\u0173 laikym\u0105. \u0160i vitrina, tinkanti svetain\u0117ms, paaugli\u0173 kambariams ar miegamiesiems, \u017eavi savo paprasta forma ir universaliu dizainu. Jos matmenys \u2013 90 x 131,5 x 34 cm [\u2026]<\/p>","protected":false},"featured_media":269723,"comment_status":"open","ping_status":"open","template":"","meta":[],"product_brand":[],"product_cat":[9200,2006],"product_tag":[],"class_list":{"0":"post-269722","1":"product","2":"type-product","3":"status-publish","4":"has-post-thumbnail","6":"product_cat-black-red-white","7":"product_cat-vitrines","9":"first","10":"instock","11":"purchasable","12":"product-type-simple"},"_links":{"self":[{"href":"https:\/\/baldumarket.lt\/lt\/wp-json\/wp\/v2\/product\/269722","targetHints":{"allow":["GET"]}}],"collection":[{"href":"https:\/\/baldumarket.lt\/lt\/wp-json\/wp\/v2\/product"}],"about":[{"href":"https:\/\/baldumarket.lt\/lt\/wp-json\/wp\/v2\/types\/product"}],"replies":[{"embeddable":true,"href":"https:\/\/baldumarket.lt\/lt\/wp-json\/wp\/v2\/comments?post=269722"}],"wp:featuredmedia":[{"embeddable":true,"href":"https:\/\/baldumarket.lt\/lt\/wp-json\/wp\/v2\/media\/269723"}],"wp:attachment":[{"href":"https:\/\/baldumarket.lt\/lt\/wp-json\/wp\/v2\/media?parent=269722"}],"wp:term":[{"taxonomy":"product_brand","embeddable":true,"href":"https:\/\/baldumarket.lt\/lt\/wp-json\/wp\/v2\/product_brand?post=269722"},{"taxonomy":"product_cat","embeddable":true,"href":"https:\/\/baldumarket.lt\/lt\/wp-json\/wp\/v2\/product_cat?post=269722"},{"taxonomy":"product_tag","embeddable":true,"href":"https:\/\/baldumarket.lt\/lt\/wp-json\/wp\/v2\/product_tag?post=269722"}],"curies":[{"name":"wp","href":"https:\/\/api.w.org\/{rel}","templated":true}]}}