{"id":269706,"date":"2026-01-14T01:13:05","date_gmt":"2026-01-13T22:13:05","guid":{"rendered":"https:\/\/baldumarket.lt\/product\/witryna-niska-dwudrzwiowa-z-szuflada-lamea-90-cm-dab-artisan\/"},"modified":"2026-02-11T18:17:32","modified_gmt":"2026-02-11T15:17:32","slug":"witryna-niska-dwudrzwiowa-z-szuflada-lamea-90-cm-dab-artisan","status":"publish","type":"product","link":"https:\/\/baldumarket.lt\/lt\/product\/witryna-niska-dwudrzwiowa-z-szuflada-lamea-90-cm-dab-artisan\/","title":{"rendered":"\u017dema dvidur\u0117 vitrina su stal\u010diumi LAMEA 90 cm, \u0105\u017euolo imitacija"},"content":{"rendered":"<p>\u201eLamea\u201c vitrina \u2013 nat\u016brali ekspozicijos erdv\u0117. \u201eLamea\u201c kolekcija traukia gamtos myl\u0117toj\u0173 d\u0117mes\u012f. Ji pasi\u017eymi tvirta laminuota plok\u0161te, puikiai perteikian\u010dia medienos ra\u0161t\u0105, paprastu dizainu ir modernia juoda apdaila, suteikian\u010dia didel\u012f dizaino potencial\u0105. \u017dema \u201eLamea\u201c vitrina, kurios matmenys 90 x 133 cm, yra funkcionalus baldas su prakti\u0161ku interjero dizainu. Ekspozicin\u0117je dalyje su permatomu priekiu yra dvi lentynos (viena i\u0161 j\u0173 stiklin\u0117). Be to, galite pasirinkti ap\u0161vietim\u0105, kuris pabr\u0117\u0161 j\u016bs\u0173 dekoracij\u0173 \u017eaves\u012f. Daikt\u0173 laikymo dalyje yra \u012fvairaus auk\u0161\u010dio lentynos (trys auk\u0161tesn\u0117s ir dvi \u017eemesn\u0117s) ir stal\u010dius smulkiems daiktams. Priekin\u0117se dalyse yra vertikal\u016bs frezavimai, padengti juodu laku, suteikiantys baldams erdvumo ir trimatumo. Frezavimai, imituojantys lenteles, atrodo labai \u012fsp\u016bdingai ir yra viena i\u0161 naujausi\u0173 interjero dizaino tendencij\u0173. Dviej\u0173 dur\u0173 vitrina, kaip ir kiti \u201eLamea\u201c kolekcijos baldai, pagaminta i\u0161 \u012fbr\u0117\u017eimams atsparaus laminato, \u0161ilto dirbtinio \u0105\u017euolo atspalvio, su juodais akcentais \u2013 rankenomis ir auk\u0161tomis, nuo\u017eulniomis kojel\u0117mis. \u0160is dizainas yra labai universalus, puikiai tinka tiek grie\u017etam lofto stiliui, tiek \u017eavingam boho interjerui.<\/p>\n<p>Prek\u0117s kodas S632-REG1D1W1S-DASN Plotis 90 cm Gylis 41 cm Auk\u0161tis 133 cm Kolekcija Lamea Spalva meni\u0161ko \u0105\u017euolo Gaubtas \u0161viesios medienos Stilius modernus Med\u017eiaga laminatas Dureli\u0173 skai\u010dius 2 dur\u0173 Stal\u010di\u0173 skai\u010dius 1 stal\u010dius Rankena su ranken\u0117l\u0117mis Ap\u0161vietimas pasirenkamas Gamintojas Juoda Raudona Balta Bald\u0173 tipas Lentynos ir vitrinos PVM 23% EAN 5906123030786<\/p>","protected":false},"excerpt":{"rendered":"<p>Lamea Display Cabinet \u2013 A Natural Display Space. The Lamea collection attracts the attention of nature enthusiasts. It features a solid laminated board construction that perfectly captures the wood grain, a simple design, and a modern black finish, giving it significant design potential. The low Lamea display cabinet, measuring 90 x 133 cm, is a [&hellip;]<\/p>","protected":false},"featured_media":269707,"comment_status":"open","ping_status":"open","template":"","meta":[],"product_brand":[],"product_cat":[9200,2006],"product_tag":[],"class_list":{"0":"post-269706","1":"product","2":"type-product","3":"status-publish","4":"has-post-thumbnail","6":"product_cat-black-red-white","7":"product_cat-vitrines","9":"first","10":"instock","11":"purchasable","12":"product-type-simple"},"_links":{"self":[{"href":"https:\/\/baldumarket.lt\/lt\/wp-json\/wp\/v2\/product\/269706","targetHints":{"allow":["GET"]}}],"collection":[{"href":"https:\/\/baldumarket.lt\/lt\/wp-json\/wp\/v2\/product"}],"about":[{"href":"https:\/\/baldumarket.lt\/lt\/wp-json\/wp\/v2\/types\/product"}],"replies":[{"embeddable":true,"href":"https:\/\/baldumarket.lt\/lt\/wp-json\/wp\/v2\/comments?post=269706"}],"wp:featuredmedia":[{"embeddable":true,"href":"https:\/\/baldumarket.lt\/lt\/wp-json\/wp\/v2\/media\/269707"}],"wp:attachment":[{"href":"https:\/\/baldumarket.lt\/lt\/wp-json\/wp\/v2\/media?parent=269706"}],"wp:term":[{"taxonomy":"product_brand","embeddable":true,"href":"https:\/\/baldumarket.lt\/lt\/wp-json\/wp\/v2\/product_brand?post=269706"},{"taxonomy":"product_cat","embeddable":true,"href":"https:\/\/baldumarket.lt\/lt\/wp-json\/wp\/v2\/product_cat?post=269706"},{"taxonomy":"product_tag","embeddable":true,"href":"https:\/\/baldumarket.lt\/lt\/wp-json\/wp\/v2\/product_tag?post=269706"}],"curies":[{"name":"wp","href":"https:\/\/api.w.org\/{rel}","templated":true}]}}