{"id":269698,"date":"2026-01-14T01:12:57","date_gmt":"2026-01-13T22:12:57","guid":{"rendered":"https:\/\/baldumarket.lt\/product\/witryna-niska-dwudrzwiowa-z-frontem-szklanym-i-dwoma-szufladami-loksa-160-cm-andersen-pine-white\/"},"modified":"2026-02-11T18:17:32","modified_gmt":"2026-02-11T15:17:32","slug":"witryna-niska-dwudrzwiowa-z-frontem-szklanym-i-dwoma-szufladami-loksa-160-cm-andersen-pine-white","status":"publish","type":"product","link":"https:\/\/baldumarket.lt\/lt\/product\/witryna-niska-dwudrzwiowa-z-frontem-szklanym-i-dwoma-szufladami-loksa-160-cm-andersen-pine-white\/","title":{"rendered":"\u017dema dvidur\u0117 vitrina su stikliniu priekiu ir dviem stal\u010diais LOKSA, 160 cm, anderseno pu\u0161is, balta"},"content":{"rendered":"<p>\u201eLoksa\u201c vitrina \u2013 eleganti\u0161kas ir prakti\u0161kas svetain\u0117s aksesuaras. \u201eLoksa\u201c kolekcija yra tikras skandinavi\u0161ko stiliaus perlas, pasi\u017eymintis minimalistiniu dizainu, tvirtomis rankenomis, paprastomis bald\u0173 formomis ir prislopintomis spalvomis. \u0160is savybi\u0173 derinys interjer\u0105 su \u201eLoksa\u201c baldais paver\u010dia ne tik gaiviu, bet ir i\u0161skirtinai funkcionaliu. \u201eLoksa\u201c vitrina \u2013 tai baldas, kuris ne tik puikiai tarnauja kaip daikt\u0173 laikymo vieta, bet ir puikiai tinka kaip ekspozicijos vieta. D\u0117l dviej\u0173 i\u0161orini\u0173 spinteli\u0173 ir daugyb\u0117s vidini\u0173 lentyn\u0173 galite laikyti \u012fvairius daiktus, i\u0161laikant tvark\u0105. Du kompakti\u0161ki stal\u010diai leid\u017eia laikyti smulkius daiktus, tokius kaip pasai, \u012fkrovikliai ar atsargin\u0117s arbatin\u0117s \u017evakut\u0117s. Nor\u0117dami i\u0161ry\u0161kinti vitrinos turin\u012f ir sukurti unikali\u0105 atmosfer\u0105, galite naudoti \u012fmontuot\u0105 ap\u0161vietim\u0105. \u0160is sprendimas puikiai tinka tiek dien\u0105, kai norite eksponuoti dekoracijas, tiek vakare, kai norite sukurti jauki\u0105 atmosfer\u0105. Vitrinos spalvos dera su likusia \u201eLoksa\u201c kolekcijos dalimi, suteikdamos interjerui harmoning\u0105 ir rami\u0105 atmosfer\u0105. \u201eGrandson\u201c \u0105\u017euolo spalvos stalvir\u0161is kontrastuoja su baltos \u201eAndersen\u201c pu\u0161ies korpusu ir fasadais. Dekoratyviniai r\u0117meliai fasaduose ir stilingos rankenos suteikia elegancijos ir charakterio. \u0160i \u017eema vitrina su stal\u010diais yra ne tik patikrintas svetain\u0117s elementas, bet ir baldas, puikiai tinkantis skandinavi\u0161kam, tradiciniam ar angli\u0161kam interjerui. Tai baldas, kuris ne tik palengvins erdv\u0117s organizavim\u0105, bet ir suteiks j\u016bs\u0173 svetainei unikalaus \u017eavesio.<\/p>\n<p>Prek\u0117s kodas S455-REG2D1W2S-APW Simbolis ZM EAN Plotis 160 cm Gylis 42,5 cm Auk\u0161tis 134,5 cm Kolekcija Loksa Spalva andersen pu\u0161is balta Gaubtas \u0161viesi mediena Stilius Skandinavi\u0161kas Med\u017eiaga laminatas Dureli\u0173 skai\u010dius 3 dur\u0173 Stal\u010di\u0173 skai\u010dius 2 stal\u010diai Rankena su ranken\u0117l\u0117mis Ap\u0161vietimas su ap\u0161vietimu Gamintojas Juoda Raudona Balta Bald\u0173 tipas Lentynos ir vitrinos PVM mokestis 23% EAN 5906123607506<\/p>","protected":false},"excerpt":{"rendered":"<p>\u201eLoksa\u201c vitrina \u2013 eleganti\u0161kas ir prakti\u0161kas svetain\u0117s aksesuaras. \u201eLoksa\u201c kolekcija yra tikras skandinavi\u0161ko stiliaus perlas, pasi\u017eymintis minimalistiniu dizainu, tvirtomis rankenomis, paprastomis bald\u0173 formomis ir prislopintomis spalvomis. \u0160is savybi\u0173 derinys interjer\u0105 su \u201eLoksa\u201c baldais paver\u010dia ne tik gaiviu, bet ir i\u0161skirtinai funkcionaliu. \u201eLoksa\u201c vitrina [\u2026]<\/p>","protected":false},"featured_media":269699,"comment_status":"open","ping_status":"open","template":"","meta":[],"product_brand":[],"product_cat":[9200,2006],"product_tag":[],"class_list":{"0":"post-269698","1":"product","2":"type-product","3":"status-publish","4":"has-post-thumbnail","6":"product_cat-black-red-white","7":"product_cat-vitrines","9":"first","10":"instock","11":"purchasable","12":"product-type-simple"},"_links":{"self":[{"href":"https:\/\/baldumarket.lt\/lt\/wp-json\/wp\/v2\/product\/269698","targetHints":{"allow":["GET"]}}],"collection":[{"href":"https:\/\/baldumarket.lt\/lt\/wp-json\/wp\/v2\/product"}],"about":[{"href":"https:\/\/baldumarket.lt\/lt\/wp-json\/wp\/v2\/types\/product"}],"replies":[{"embeddable":true,"href":"https:\/\/baldumarket.lt\/lt\/wp-json\/wp\/v2\/comments?post=269698"}],"wp:featuredmedia":[{"embeddable":true,"href":"https:\/\/baldumarket.lt\/lt\/wp-json\/wp\/v2\/media\/269699"}],"wp:attachment":[{"href":"https:\/\/baldumarket.lt\/lt\/wp-json\/wp\/v2\/media?parent=269698"}],"wp:term":[{"taxonomy":"product_brand","embeddable":true,"href":"https:\/\/baldumarket.lt\/lt\/wp-json\/wp\/v2\/product_brand?post=269698"},{"taxonomy":"product_cat","embeddable":true,"href":"https:\/\/baldumarket.lt\/lt\/wp-json\/wp\/v2\/product_cat?post=269698"},{"taxonomy":"product_tag","embeddable":true,"href":"https:\/\/baldumarket.lt\/lt\/wp-json\/wp\/v2\/product_tag?post=269698"}],"curies":[{"name":"wp","href":"https:\/\/api.w.org\/{rel}","templated":true}]}}