{"id":269682,"date":"2026-01-14T01:12:45","date_gmt":"2026-01-13T22:12:45","guid":{"rendered":"https:\/\/baldumarket.lt\/product\/witryna-jednodrzwiowa-ze-szklem-forn-64-cm-dab-delano-ciemny-bialy-polysk\/"},"modified":"2026-02-11T18:17:32","modified_gmt":"2026-02-11T15:17:32","slug":"witryna-jednodrzwiowa-ze-szklem-forn-64-cm-dab-delano-ciemny-bialy-polysk","status":"publish","type":"product","link":"https:\/\/baldumarket.lt\/lt\/product\/witryna-jednodrzwiowa-ze-szklem-forn-64-cm-dab-delano-ciemny-bialy-polysk\/","title":{"rendered":"FORN vien\u0173 dureli\u0173 vitrina su stiklu, 64 cm, Delano tamsaus \u0105\u017euolo \/ blizgios baltos spalvos"},"content":{"rendered":"<p>\u201eForn\u201c vitrina \u2013 b\u016bdas madingai kurti interjer\u0105. Jei ie\u0161kote interjero dizaino id\u0117j\u0173, kurios derint\u0173 modernum\u0105 su jaukia atmosfera, \u201eForn\u201c bald\u0173 kolekcija gali b\u016bti atsakymas. \u0160i kolekcija buvo sukurta galvojant apie avangardines erdves, si\u016blant komfort\u0105 ir \u012fdomius sprendimus. Pagrindiniai jos i\u0161skirtiniai bruo\u017eai \u2013 minimalistin\u0117 forma ir nesenstan\u010dios spalvos, tod\u0117l tai puikus pasirinkimas tiems, kurie vertina modern\u0173 dizain\u0105. \u201eForn\u201c vitrina \u2013 tai baldas, kuris puikiai papildys bet kur\u012f valgom\u0105j\u012f ar svetain\u0119. Joje galima laikyti vertingus daiktus ir eksponuoti eleganti\u0161kas dekoracijas, tokias kaip porcelianiniai stalo \u012frankiai ar kri\u0161tolin\u0117s stiklin\u0117s. Vitrina yra ne tik gra\u017ei, bet ir funkcionali. D\u0117l stiklini\u0173 paneli\u0173 viskas, k\u0105 paliksite eksponuoti, ne tik atrodys patraukliai, bet ir apsaugos nuo dulki\u0173 bei pa\u017eeidim\u0173. Siaura, 64 x 200 cm dyd\u017eio vitrina turi prakti\u0161kas lentynas, \u012fskaitant dvi stiklines lentynas, kurios padalija vid\u0173 \u012f \u0161e\u0161ias patogias daikt\u0173 laikymo zonas. Vir\u0161utin\u0117 vitrinos priekin\u0117 dalis yra glaz\u016bruota gr\u016bdintu stiklu, tod\u0117l ji yra patvari ir atspari pa\u017eeidimams. Taip pat galite pasirinkti stiklini\u0173 lentyn\u0173 LED ap\u0161vietim\u0105, kad pary\u0161kintum\u0117te eksponuojamus aksesuarus. Papildomas \u201eForn\u201c vitrinos privalumas \u2013 \u0161velnaus u\u017edarymo vyriai, u\u017etikrinantys skland\u0173 ir tyl\u0173 fasad\u0173 u\u017edarym\u0105, o tai ypa\u010d svarbu svetain\u0117s ar valgomojo baldams. \u201eForn\u201c kolekcija si\u016bloma keturi\u0173 spalv\u0173: blizgios baltos, tamsaus \u201eDelano\u201c \u0105\u017euolo su matine juoda spalva, tamsaus \u201eDelano\u201c \u0105\u017euolo su blizgia balta spalva ir blizgios baltos su matine juoda spalva. Tai rei\u0161kia, kad galite pasirinkti spalv\u0105, kuri geriausiai atitinka j\u016bs\u0173 pageidavimus ir interjero stili\u0173. Lik\u0119 \u201eForn\u201c kolekcijos elementai pad\u0117s jums sukurti gra\u017ei\u0105 svetain\u0117s ar svetain\u0117s-valgomojo erdv\u0119. Galite juos derinti kaip komplekt\u0105 arba pasirinkti atskirus elementus, kad sukurtum\u0117te interjer\u0105, kuris atitikt\u0173 j\u016bs\u0173 l\u016bkes\u010dius tiek estetikos, tiek funkcionalumo po\u017ei\u016briu. \u201eForn\u201c vitrina \u2013 puikus b\u016bdas pasiekti stiling\u0105 interjero dizain\u0105.<\/p>\n<p>Prek\u0117s kodas S471-REG1D1W-DDC\/BIP Simbolis ZM EAN Plotis 64 cm Gylis 42,5 cm Auk\u0161tis 200,5 cm Kolekcija Forn Spalva tamsus Delano \u0105\u017euolas\/blizgi balta Atspalvis tamsus medis Stilius modernus Dureli\u0173 skai\u010dius 2 dur\u0173 Stal\u010di\u0173 skai\u010dius be stal\u010di\u0173 Rankena su ranken\u0117l\u0117mis Ap\u0161vietimas pasirenkamas Gamintojas Juoda Raudona Balta Bald\u0173 tipas Lentynos ir vitrinos PVM mokestis 23% EAN 5906123705899<\/p>","protected":false},"excerpt":{"rendered":"<p>\u201eForn\u201c vitrina \u2013 b\u016bdas madingai kurti interjer\u0105. Jei ie\u0161kote interjero dizaino id\u0117j\u0173, kurios derint\u0173 modernum\u0105 su jaukia atmosfera, \u201eForn\u201c bald\u0173 kolekcija gali b\u016bti atsakymas. \u0160i kolekcija buvo sukurta galvojant apie avangardines erdves, si\u016blant komfort\u0105 ir \u012fdomius sprendimus. Pagrindiniai jos i\u0161skirtiniai bruo\u017eai \u2013 minimalistin\u0117 forma [\u2026]<\/p>","protected":false},"featured_media":269683,"comment_status":"open","ping_status":"open","template":"","meta":[],"product_brand":[],"product_cat":[9200,2006],"product_tag":[],"class_list":{"0":"post-269682","1":"product","2":"type-product","3":"status-publish","4":"has-post-thumbnail","6":"product_cat-black-red-white","7":"product_cat-vitrines","9":"first","10":"instock","11":"purchasable","12":"product-type-simple"},"_links":{"self":[{"href":"https:\/\/baldumarket.lt\/lt\/wp-json\/wp\/v2\/product\/269682","targetHints":{"allow":["GET"]}}],"collection":[{"href":"https:\/\/baldumarket.lt\/lt\/wp-json\/wp\/v2\/product"}],"about":[{"href":"https:\/\/baldumarket.lt\/lt\/wp-json\/wp\/v2\/types\/product"}],"replies":[{"embeddable":true,"href":"https:\/\/baldumarket.lt\/lt\/wp-json\/wp\/v2\/comments?post=269682"}],"wp:featuredmedia":[{"embeddable":true,"href":"https:\/\/baldumarket.lt\/lt\/wp-json\/wp\/v2\/media\/269683"}],"wp:attachment":[{"href":"https:\/\/baldumarket.lt\/lt\/wp-json\/wp\/v2\/media?parent=269682"}],"wp:term":[{"taxonomy":"product_brand","embeddable":true,"href":"https:\/\/baldumarket.lt\/lt\/wp-json\/wp\/v2\/product_brand?post=269682"},{"taxonomy":"product_cat","embeddable":true,"href":"https:\/\/baldumarket.lt\/lt\/wp-json\/wp\/v2\/product_cat?post=269682"},{"taxonomy":"product_tag","embeddable":true,"href":"https:\/\/baldumarket.lt\/lt\/wp-json\/wp\/v2\/product_tag?post=269682"}],"curies":[{"name":"wp","href":"https:\/\/api.w.org\/{rel}","templated":true}]}}