{"id":269666,"date":"2026-01-14T01:12:30","date_gmt":"2026-01-13T22:12:30","guid":{"rendered":"https:\/\/baldumarket.lt\/product\/witryna-jednodrzwiowa-ze-szklem-azteca-trio-60-cm-bialy-bialy-polysk\/"},"modified":"2026-02-11T18:17:32","modified_gmt":"2026-02-11T15:17:32","slug":"witryna-jednodrzwiowa-ze-szklem-azteca-trio-60-cm-bialy-bialy-polysk","status":"publish","type":"product","link":"https:\/\/baldumarket.lt\/lt\/product\/witryna-jednodrzwiowa-ze-szklem-azteca-trio-60-cm-bialy-bialy-polysk\/","title":{"rendered":"Vien\u0173 dureli\u0173 vitrina su stiklu AZTECA TRIO 60 cm balta\/balta blizgi"},"content":{"rendered":"<p>\u201eAzteca Trio\u201c vitrina \u2013 elegancija ir funkcionalumas j\u016bs\u0173 valgomajame. \u201eAzteca Trio\u201c kolekcijoje si\u016blomi ne tik funkcional\u016bs baldai, bet ir eleganti\u0161ki dekoratyviniai elementai, kurie suteiks j\u016bs\u0173 interjerui charakterio ir rafinuotumo. \u201eAzteca Trio\u201c vitrina yra puikus valgomojo baldas, leid\u017eiantis harmoningai derinti daikt\u0173 laikym\u0105 ir eksponavim\u0105. \u201eAzteca Trio\u201c vitrina \u017eavi savo auk\u0161ta konstrukcija, kuri subalansuoja daikt\u0173 laikym\u0105 ir eksponavim\u0105. Gr\u016bdinto stiklo priekis leid\u017eia eksponuoti porcelian\u0105, kri\u0161tol\u0105 ar senovinius daiktus, o tvirtas priekis slepia tris prakti\u0161kas lentynas, ant kuri\u0173 galite pad\u0117ti staltieses ar dekoracijas. \u0160is baldas derina funkcional\u0173 daikt\u0173 laikym\u0105 su galimybe eksponuoti gra\u017eius daiktus. Be to, \u201eAzteca Trio\u201c vitrina turi LED ap\u0161vietim\u0105, kuris i\u0161ry\u0161kina vitrinos turin\u012f, sukurdamas unikal\u0173 vaizdin\u012f efekt\u0105 ir suteikdamas interjerui eleganti\u0161k\u0105 spindes\u012f. Spintel\u0117s spalv\u0173 schema yra balta su blizgiais baltais priekiais, tod\u0117l puikiai tinka eksperimentuoti su aksesuarais. Pagrindinis elementas yra dekoratyvin\u0117 juostel\u0117, kuri\u0105 galite pritaikyti pagal savo skon\u012f. Galite rinktis i\u0161 trij\u0173 skirting\u0173 juosteli\u0173 spalv\u0173: blizgios baltos, blizgios juodos ir wenge magi\u0161ko \u0105\u017euolo. Tai leid\u017eia suasmeninti vitrin\u0105 ir priderinti j\u0105 prie valgomojo stiliaus. Naudotojo patogumas taip pat yra prioritetas. \u0160velniai u\u017esidarantys vyriai leid\u017eia tyliai u\u017esidaryti priekin\u0119 dal\u012f, o tai ypa\u010d svarbu, jei m\u0117gstate palaiming\u0105 ramyb\u0119 savo interjere. \u201eAzteca Trio\u201c vitrina dera su kitais kolekcijos elementais, tokiais kaip komoda, stalas ir kiti baldai. Juos galite derinti ir sukurti darn\u0173 bei modern\u0173 interjero dizain\u0105, kuris d\u017eiugins j\u016bs\u0173 sve\u010dius ir sukurs unikali\u0105 atmosfer\u0105 j\u016bs\u0173 valgomajame. Be to, kiekvienas \u201eAzteca Trio\u201c kolekcijos baldas turi dvi dekoratyvines juosteles: vien\u0105 dvipus\u0119 (blizgi balta \/ blizgi juoda) ir vien\u0105 vienpus\u0119 (wenge magic). Tai puikus priedas, leid\u017eiantis dar labiau suasmeninti bald\u0105 ir pritaikyti j\u012f prie savo pageidavim\u0173. Trumpai tariant, \u201eAzteca Trio\u201c vitrina yra ne tik funkcionalus baldas daiktams laikyti ir eksponuoti, bet ir eleganti\u0161kas dekoratyvinis elementas, suteikiantis valgomajam charakterio. D\u0117l minimalistinio dizaino, LED ap\u0161vietimo ir pritaikymo galimybi\u0173 tai puikus pasirinkimas tiems, kurie vertina elegancij\u0105 ir funkcionalum\u0105 savo interjere. \u0160is baldas derina stili\u0173 ir prakti\u0161kum\u0105, sukurdamas unikali\u0105 viet\u0105 susitikimams ir bendriems pietums.<\/p>\n<p>Prek\u0117s kodas S504-REG1W1D\/19\/6-BI\/BIP Simbolis ZM EAN Plotis 60 cm Gylis 41 cm Auk\u0161tis 193 cm Kolekcija Azteca Trio Spalva balta\/blizgi balta Gaubtas baltas Stilius modernus Dureli\u0173 skai\u010dius 2 dur\u0173 Stal\u010di\u0173 skai\u010dius be stal\u010di\u0173 Rankena be ranken\u0117li\u0173 Ap\u0161vietimas su ap\u0161vietimu Gamintojas Juoda Raudona Balta Baldo tipas Lentynos ir vitrinos PVM 23% EAN 5906123714631<\/p>","protected":false},"excerpt":{"rendered":"<p>\u201eAzteca Trio\u201c vitrina \u2013 elegancija ir funkcionalumas j\u016bs\u0173 valgomajame. \u201eAzteca Trio\u201c kolekcijoje si\u016blomi ne tik funkcional\u016bs baldai, bet ir eleganti\u0161ki dekoratyviniai elementai, kurie suteiks j\u016bs\u0173 interjerui charakterio ir rafinuotumo. \u201eAzteca Trio\u201c vitrina yra puikus valgomojo baldas, leid\u017eiantis harmoningai derinti daikt\u0173 laikymo [\u2026]<\/p>","protected":false},"featured_media":269667,"comment_status":"open","ping_status":"open","template":"","meta":[],"product_brand":[],"product_cat":[9200,2006],"product_tag":[],"class_list":{"0":"post-269666","1":"product","2":"type-product","3":"status-publish","4":"has-post-thumbnail","6":"product_cat-black-red-white","7":"product_cat-vitrines","9":"first","10":"instock","11":"purchasable","12":"product-type-simple"},"_links":{"self":[{"href":"https:\/\/baldumarket.lt\/lt\/wp-json\/wp\/v2\/product\/269666","targetHints":{"allow":["GET"]}}],"collection":[{"href":"https:\/\/baldumarket.lt\/lt\/wp-json\/wp\/v2\/product"}],"about":[{"href":"https:\/\/baldumarket.lt\/lt\/wp-json\/wp\/v2\/types\/product"}],"replies":[{"embeddable":true,"href":"https:\/\/baldumarket.lt\/lt\/wp-json\/wp\/v2\/comments?post=269666"}],"wp:featuredmedia":[{"embeddable":true,"href":"https:\/\/baldumarket.lt\/lt\/wp-json\/wp\/v2\/media\/269667"}],"wp:attachment":[{"href":"https:\/\/baldumarket.lt\/lt\/wp-json\/wp\/v2\/media?parent=269666"}],"wp:term":[{"taxonomy":"product_brand","embeddable":true,"href":"https:\/\/baldumarket.lt\/lt\/wp-json\/wp\/v2\/product_brand?post=269666"},{"taxonomy":"product_cat","embeddable":true,"href":"https:\/\/baldumarket.lt\/lt\/wp-json\/wp\/v2\/product_cat?post=269666"},{"taxonomy":"product_tag","embeddable":true,"href":"https:\/\/baldumarket.lt\/lt\/wp-json\/wp\/v2\/product_tag?post=269666"}],"curies":[{"name":"wp","href":"https:\/\/api.w.org\/{rel}","templated":true}]}}