{"id":269662,"date":"2026-01-14T01:12:26","date_gmt":"2026-01-13T22:12:26","guid":{"rendered":"https:\/\/baldumarket.lt\/product\/witryna-jednodrzwiowa-z-frontem-szklanym-zele-56-cm-dab-wotan-bialy-polysk\/"},"modified":"2026-02-11T18:17:32","modified_gmt":"2026-02-11T15:17:32","slug":"witryna-jednodrzwiowa-z-frontem-szklanym-zele-56-cm-dab-wotan-bialy-polysk","status":"publish","type":"product","link":"https:\/\/baldumarket.lt\/lt\/product\/witryna-jednodrzwiowa-z-frontem-szklanym-zele-56-cm-dab-wotan-bialy-polysk\/","title":{"rendered":"Vien\u0173 dureli\u0173 vitrina su stikliniu priekiu ZELE 56 cm Wotan \u0105\u017euolas\/blizgi balta"},"content":{"rendered":"<p>\u201eZele\u201c vitrina \u2013 demonstruokite tai, ko norite. Jei svajojate apie eleganti\u0161k\u0105 ir funkcional\u0173 savo modernaus interjero papildym\u0105, \u201eZele\u201c vitrina pateisins j\u016bs\u0173 l\u016bkes\u010dius. \u201eZele\u201c kolekcija \u017einoma d\u0117l minimalistinio dizaino ir moderni\u0173 sprendim\u0173, o \u201eZele\u201c vitrina yra puikus \u0161io po\u017ei\u016brio pavyzdys, si\u016blanti daug vietos eksponavimui ir daikt\u0173 laikymui. Auk\u0161ta \u201eZele\u201c vitrina buvo sukurta galvojant apie svetaines ir valgomuosius. Jos stiklinis priekis yra puiki vieta eksponuoti m\u0117gstamiausius daiktus, kolekcijas ar dekoracijas, kurias norite parodyti. Apatin\u0117 spintel\u0117 suteikia vietos \u012fvairiems daiktams laikyti, tod\u0117l galite palaikyti tvark\u0105 savo interjere. J\u016bs\u0173 \u0161eimos saugumas yra m\u016bs\u0173 prioritetas, tod\u0117l \u201eZele\u201c vitrinoje naudojome patvar\u0173 gr\u016bdint\u0105 stikl\u0105, u\u017etikrinant\u012f patvarum\u0105 ir saugum\u0105. Galite b\u016bti tikri, kad j\u016bs\u0173 vitrinos bus saugios. \u201eZele\u201c vitrina si\u016blo plat\u0173 spalv\u0173 pasirinkim\u0105. Galite rinktis meni\u0161ko \u0105\u017euolo korpus\u0105, kuris suteikia interjerui \u0161ilumos ir charakterio, o blizg\u016bs balti priekiai \u2013 elegancijos ir modernumo. \u0160is derinys paver\u010dia vitrin\u0105 j\u016bs\u0173 interjero traukos centru. Minimalistin\u0117 rankena, integruota \u012f fasad\u0173 kra\u0161tus, pabr\u0117\u017eia \u201eZele\u201c vitrinos charakter\u012f, suteikdama jai modern\u0173 ir eleganti\u0161k\u0105 vaizd\u0105. Lengva prieiga prie spintel\u0117s turinio u\u017etikrinama spustel\u0117jimo b\u016bdu atidaromu mechanizmu, tod\u0117l vitrinos naudojimas yra paprastas ir patogus. Jei norite suteikti modernumo, \u201eZele\u201c vitrin\u0105 galima apr\u016bpinti energij\u0105 taupan\u010diu ap\u0161vietimu, kur\u012f galima \u012fsigyti u\u017e papildom\u0105 mokest\u012f. Tai puikus b\u016bdas i\u0161ry\u0161kinti eksponuojamus daiktus ir sukurti jauki\u0105 atmosfer\u0105 interjere. \u201eZele\u201c vitrin\u0105 galite derinti su kitais \u201eZele\u201c kolekcijos baldais, sukurdami darni\u0105 ir ergonomi\u0161k\u0105 erdv\u0119 savo svetain\u0117je. \u0160is baldas ne tik \u017eavi savo dizainu, bet ir si\u016blo prakti\u0161kus daikt\u0173 laikymo bei eksponavimo sprendimus. I\u0161bandykite ir pamatysite, kaip jis gali pakeisti j\u016bs\u0173 kambario i\u0161vaizd\u0105 ir funkcionalum\u0105.<\/p>\n<p>Prek\u0117s kodas S383-REG1W1D-DWO\/BIP Simbolis ZM EAN Plotis 56 cm Gylis 41 cm Auk\u0161tis 195 cm Kolekcija Zele Spalva wotan \u0105\u017euolas\/balta blizgi Atspalvis baltas Stilius modernus Med\u017eiaga laminatas Dureli\u0173 skai\u010dius 2 dur\u0173 Stal\u010di\u0173 skai\u010dius be stal\u010di\u0173 Rankena su ranken\u0117l\u0117mis Ap\u0161vietimas pasirenkamas Gamintojas Juoda Raudona Balta Bald\u0173 tipas Lentynos ir vitrinos PVM mokestis 23% EAN 5906123928892<\/p>","protected":false},"excerpt":{"rendered":"<p>\u201eZele\u201c vitrina \u2013 demonstruokite tai, ko norite. Jei svajojate apie eleganti\u0161k\u0105 ir funkcional\u0173 savo modernaus interjero papildym\u0105, \u201eZele\u201c vitrina pateisins j\u016bs\u0173 l\u016bkes\u010dius. \u201eZele\u201c kolekcija \u017einoma d\u0117l minimalistinio dizaino ir moderni\u0173 sprendim\u0173, o \u201eZele\u201c vitrina yra puikus \u0161io po\u017ei\u016brio pavyzdys, si\u016blanti daugyb\u0119 [\u2026]<\/p>","protected":false},"featured_media":269663,"comment_status":"open","ping_status":"open","template":"","meta":[],"product_brand":[],"product_cat":[9200,2006],"product_tag":[],"class_list":{"0":"post-269662","1":"product","2":"type-product","3":"status-publish","4":"has-post-thumbnail","6":"product_cat-black-red-white","7":"product_cat-vitrines","9":"first","10":"instock","11":"purchasable","12":"product-type-simple"},"_links":{"self":[{"href":"https:\/\/baldumarket.lt\/lt\/wp-json\/wp\/v2\/product\/269662","targetHints":{"allow":["GET"]}}],"collection":[{"href":"https:\/\/baldumarket.lt\/lt\/wp-json\/wp\/v2\/product"}],"about":[{"href":"https:\/\/baldumarket.lt\/lt\/wp-json\/wp\/v2\/types\/product"}],"replies":[{"embeddable":true,"href":"https:\/\/baldumarket.lt\/lt\/wp-json\/wp\/v2\/comments?post=269662"}],"wp:featuredmedia":[{"embeddable":true,"href":"https:\/\/baldumarket.lt\/lt\/wp-json\/wp\/v2\/media\/269663"}],"wp:attachment":[{"href":"https:\/\/baldumarket.lt\/lt\/wp-json\/wp\/v2\/media?parent=269662"}],"wp:term":[{"taxonomy":"product_brand","embeddable":true,"href":"https:\/\/baldumarket.lt\/lt\/wp-json\/wp\/v2\/product_brand?post=269662"},{"taxonomy":"product_cat","embeddable":true,"href":"https:\/\/baldumarket.lt\/lt\/wp-json\/wp\/v2\/product_cat?post=269662"},{"taxonomy":"product_tag","embeddable":true,"href":"https:\/\/baldumarket.lt\/lt\/wp-json\/wp\/v2\/product_tag?post=269662"}],"curies":[{"name":"wp","href":"https:\/\/api.w.org\/{rel}","templated":true}]}}