{"id":269646,"date":"2026-01-14T01:12:12","date_gmt":"2026-01-13T22:12:12","guid":{"rendered":"https:\/\/baldumarket.lt\/product\/witryna-jednodrzwiowa-z-frontem-szklanym-ruso-69-cm-dabapril-czarny-mat\/"},"modified":"2026-02-11T18:17:32","modified_gmt":"2026-02-11T15:17:32","slug":"witryna-jednodrzwiowa-z-frontem-szklanym-ruso-69-cm-dabapril-czarny-mat","status":"publish","type":"product","link":"https:\/\/baldumarket.lt\/lt\/product\/witryna-jednodrzwiowa-z-frontem-szklanym-ruso-69-cm-dabapril-czarny-mat\/","title":{"rendered":"Vien\u0173 dureli\u0173 vitrina su stikliniu priekiu RUSO 69 cm \u0105\u017euolo\/matin\u0117s juodos spalvos"},"content":{"rendered":"<p>\u201eRuso\u201c vitrina \u2013 j\u016bs\u0173 asmenin\u0117 erdv\u0117. Klasikiniam interjero dizainui visada reikia tinkamos aplinkos, o \u201eRuso\u201c kolekcija puikiai papildo \u0161\u012f stili\u0173. \u201eRuso\u201c vitrina yra ne tik daikt\u0173 laikymo vieta, bet ir puiki vieta suasmenintam eksponavimui. \u0160tai kod\u0117l verta apie tai pagalvoti: svetain\u0117 paprastai yra erdv\u0117, pilna dekoratyvini\u0173 aksesuar\u0173. \u201eRuso\u201c vitrina su stikliniu priekiu gra\u017eiai eksponuoja dekoracijas, porcelian\u0105, \u0161eimos nuotraukas ir kitus m\u0117gstamus daiktus. Spintel\u0117s apa\u010dioje taip pat rasite prakti\u0161k\u0105 spintel\u0119 smulkiems daiktams laikyti. Jei vertinate subtil\u0173 kambario ap\u0161vietim\u0105, pasirenkamas \u201eRuso\u201c vitrinos LED ap\u0161vietimas gali b\u016bti puikus sprendimas. Jis suteikia \u017eavesio ir pabr\u0117\u017eia j\u016bs\u0173 eksponat\u0173 unikalum\u0105. Matomas medienos ra\u0161tas ir spalv\u0173 derinys i\u0161 \u201eApril \u0105\u017euolo\u201c korpuso bei matin\u0117s juodos spalvos fasad\u0173 suteikia \u201eRuso\u201c vitrinai unikal\u0173 charakter\u012f, traukia ak\u012f ir perteikia klasikin\u012f stili\u0173. \u201eRuso\u201c vitrinos fasaduose yra dekoratyvin\u0117s \u012fdubos, kurios taip pat atlieka ranken\u0173 funkcij\u0105, suteikdamos spintelei unikali\u0105 i\u0161vaizd\u0105. Vitrina komplektuojama su lavos matin\u0117s spalvos juostele, kuri\u0105 galima pritvirtinti priekyje esan\u010diose \u012fdubose, suteikiant spintelei dar rafinuotesn\u012f charakter\u012f. \u201eRuso\u201c vitrina turi \u0161velniai u\u017esidaran\u010dius vyrius ir reguliuojam\u0105 stabdymo j\u0117g\u0105, u\u017etikrinan\u010di\u0105 patog\u0173 kasdien\u012f naudojim\u0105. Galimyb\u0117 montuoti vitrin\u0105 su kairi\u0105ja arba de\u0161ini\u0105ja atidarymo kryptimi suteikia jums lankstumo pritaikyti baldus pagal savo poreikius. \u201eRuso\u201c vitrina puikiai dera su kitais \u201eRuso\u201c kolekcijos elementais. J\u0105 galite derinti su kitais \u0161ios kolekcijos baldais, sukurdami darni\u0105 ir eleganti\u0161k\u0105 erdv\u0119 savo svetain\u0117je. Trumpai tariant, \u201eRuso\u201c vitrina yra baldas, kuris ne tik talpina j\u016bs\u0173 nieku\u010dius, bet ir suteikia j\u016bs\u0173 interjerui elegancijos bei unikalaus charakterio. Tur\u0117dami galimyb\u0119 suasmeninti ekspozicij\u0105, galite susikurti savo muziej\u0173 namuose, kuriame eksponuosite m\u0117gstamiausius daiktus ir dekoracijas. \u201eRuso\u201c kolekcija leid\u017eia sukurti darn\u0173 ir eleganti\u0161k\u0105 interjer\u0105, atspindint\u012f j\u016bs\u0173 skon\u012f ir gyvenimo b\u016bd\u0105.<\/p>\n<p>Prek\u0117s kodas S407-REG1W1D-DARL\/CAM Simbolis ZM EAN Plotis 69 cm Gylis 45,5 cm Auk\u0161tis 204,5 cm Kolekcija Ruso Spalva baland\u017eio spalvos \u0105\u017euolas\/matin\u0117 juoda Atspalvis tamsi mediena Stilius modernus Med\u017eiaga laminatas Dureli\u0173 skai\u010dius 2 dur\u0173 Stal\u010di\u0173 skai\u010dius be stal\u010di\u0173 Rankena be ranken\u0117li\u0173 Ap\u0161vietimas pasirenkamas Gamintojas Juoda Raudona Balta Bald\u0173 tipas Lentynos ir vitrinos PVM mokestis 23% EAN 5906123944663<\/p>","protected":false},"excerpt":{"rendered":"<p>The Ruso Display Cabinet \u2013 Your Personal Space. Classic interior designs always require the right setting, and the Ruso collection perfectly complements this style. The Ruso display cabinet is not only a storage unit but also a perfect place for personalized display. Here&#8217;s why it&#8217;s worth considering: The living room is usually a space filled [&hellip;]<\/p>","protected":false},"featured_media":269647,"comment_status":"open","ping_status":"open","template":"","meta":[],"product_brand":[],"product_cat":[9200,2006],"product_tag":[],"class_list":{"0":"post-269646","1":"product","2":"type-product","3":"status-publish","4":"has-post-thumbnail","6":"product_cat-black-red-white","7":"product_cat-vitrines","9":"first","10":"instock","11":"purchasable","12":"product-type-simple"},"_links":{"self":[{"href":"https:\/\/baldumarket.lt\/lt\/wp-json\/wp\/v2\/product\/269646","targetHints":{"allow":["GET"]}}],"collection":[{"href":"https:\/\/baldumarket.lt\/lt\/wp-json\/wp\/v2\/product"}],"about":[{"href":"https:\/\/baldumarket.lt\/lt\/wp-json\/wp\/v2\/types\/product"}],"replies":[{"embeddable":true,"href":"https:\/\/baldumarket.lt\/lt\/wp-json\/wp\/v2\/comments?post=269646"}],"wp:featuredmedia":[{"embeddable":true,"href":"https:\/\/baldumarket.lt\/lt\/wp-json\/wp\/v2\/media\/269647"}],"wp:attachment":[{"href":"https:\/\/baldumarket.lt\/lt\/wp-json\/wp\/v2\/media?parent=269646"}],"wp:term":[{"taxonomy":"product_brand","embeddable":true,"href":"https:\/\/baldumarket.lt\/lt\/wp-json\/wp\/v2\/product_brand?post=269646"},{"taxonomy":"product_cat","embeddable":true,"href":"https:\/\/baldumarket.lt\/lt\/wp-json\/wp\/v2\/product_cat?post=269646"},{"taxonomy":"product_tag","embeddable":true,"href":"https:\/\/baldumarket.lt\/lt\/wp-json\/wp\/v2\/product_tag?post=269646"}],"curies":[{"name":"wp","href":"https:\/\/api.w.org\/{rel}","templated":true}]}}