{"id":269622,"date":"2026-01-14T01:11:52","date_gmt":"2026-01-13T22:11:52","guid":{"rendered":"https:\/\/baldumarket.lt\/product\/witryna-jednodrzwiowa-z-frontem-szklanym-nepo-plus-60-cm-dab-noble-bialy\/"},"modified":"2026-02-11T18:17:33","modified_gmt":"2026-02-11T15:17:33","slug":"witryna-jednodrzwiowa-z-frontem-szklanym-nepo-plus-60-cm-dab-noble-bialy","status":"publish","type":"product","link":"https:\/\/baldumarket.lt\/lt\/product\/witryna-jednodrzwiowa-z-frontem-szklanym-nepo-plus-60-cm-dab-noble-bialy\/","title":{"rendered":"Vien\u0173 dureli\u0173 vitrina su stikliniu priekiu NEPO PLUS 60 cm kilnus \u0105\u017euolas\/balta"},"content":{"rendered":"<p>\u201eNepo Plus\u201c vitrina \u2013 daikt\u0173 laikymas ir eksponavimas viename. \u201eNepo Plus\u201c vitrina yra funkcionalus ir esteti\u0161kai patrauklus baldas, kuriame derinamas daikt\u0173 laikymas ir unikali\u0173 daikt\u0173 eksponavimas. Ji puikiai tinka svetainei, paauglio kambariui ar miegamajam, suteikiant interjerui elegancijos ir tvarkos. Patogumas ir funkcionalumas.<br \/>\n\u201eNepo Plus\u201c vitrina yra padalinta \u012f dvi nepriklausomai atidaromas dalis: Vir\u0161utin\u0117 dalis \u2013 trys stiklin\u0117s lentynos u\u017e stiklinio priekio puikiai tinka eksponuoti apdovanojim\u0173 kolekcijas, rankomis dekoruotus puodelius ar kitus dekoravimus. Be to, du prakti\u0161ki skyriai u\u017e tvirto priekio tinka kasdieniams daiktams. Papildomai galima \u012fsigyti LED ap\u0161vietim\u0105, kuris pabr\u0117\u017eia eksponuojam\u0173 daikt\u0173 \u017eaves\u012f. Apatin\u0117 dalis \u2013 didelis daiktad\u0117\u017e\u0117s skyrius, padalintas lentyna, puikiai tinkantis \u017eaidimams, dokumentams, l\u0117k\u0161t\u0117ms ar kitiems aksesuarams. Stilius ir patvarumas.<br \/>\nLaminuotas vitrinos pavir\u0161ius padidina jos atsparum\u0105 \u012fbr\u0117\u017eimams, u\u017etikrinant ilgaam\u017ei\u0161kum\u0105 ir lengv\u0105 valym\u0105. Patvarus gr\u016bdintas stiklas vir\u0161utin\u0117je spintel\u0117s dalyje padidina saugum\u0105, o paprasta rankena papildo minimalistin\u012f dizain\u0105. Kilnaus \u0105\u017euolo spalva su baltais fasadais pabr\u0117\u017eia modern\u0173 ir universal\u0173 baldo charakter\u012f, leid\u017eiant\u012f j\u012f derinti prie \u012fvairi\u0173 interjero dizain\u0173. Specialios savyb\u0117s: Matmenys: plotis 60 cm, auk\u0161tis 197 cm, gylis 34 cm. Trys stiklin\u0117s lentynos \u2013 vieta dekoracijoms ir kolekcionuojamiems daiktams. Du skyriai vir\u0161utin\u0117je dalyje \u2013 pasl\u0117pta vieta smulkiems daiktams. Apatinis skyrius, atskirtas lentyna \u2013 papildoma vieta daiktams laikyti. Laminuotas pavir\u0161ius \u2013 atsparus \u012fbr\u0117\u017eimams ir lengvai valomas. Gr\u016bdintas stiklas \u2013 saugus naudoti. Papildomas LED ap\u0161vietimas \u2013 pabr\u0117\u017eia eksponuojam\u0173 daikt\u0173 \u017eaves\u012f. Spalva: kilnus \u0105\u017euolas su baltais fasadais \u2013 modernus ir universalus stilius. Santrauka<br \/>\n\u201eNepo Plus\u201c vitrina \u2013 puikus sprendimas tiems, kurie vertina funkcionalum\u0105 ir elegancij\u0105. D\u0117l gerai apgalvoto erdv\u0117s suskirstymo, modernaus dizaino ir patvarios konstrukcijos \u0161is baldas puikiai tiks bet kuriame kambaryje. Derinkite vitrin\u0105 su kitais \u201eNepo Plus\u201c kolekcijos elementais ir sukurkite darni\u0105, ergonomi\u0161k\u0105 erdv\u0119, puikiai tinkan\u010di\u0105 kasdieniam gyvenimui.<\/p>\n<p>Prek\u0117s kodas S435-REG1D1W-DNO\/BI Plotis 60 cm Gylis 34 cm Auk\u0161tis 197 cm Kolekcija \u201eNepo Plus\u201c Spalva kilnus \u0105\u017euolas\/balta Atspalvis tamsi mediena Stilius modernus Med\u017eiaga laminatas Dureli\u0173 skai\u010dius 2 dur\u0173 Stal\u010di\u0173 skai\u010dius be stal\u010di\u0173 Rankena su ranken\u0117l\u0117mis Ap\u0161vietimas pasirenkamas Gamintojas Juoda Raudona Balta Bald\u0173 tipas Lentynos ir vitrinos PVM mokestis 23% EAN 5906123051910<\/p>","protected":false},"excerpt":{"rendered":"<p>\u201eNepo Plus\u201c vitrina \u2013 daikt\u0173 laikymas ir eksponavimas viename. \u201eNepo Plus\u201c vitrina yra funkcionalus ir esteti\u0161kai patrauklus baldas, kuriame derinamas unikali\u0173 daikt\u0173 laikymas ir eksponavimas. Ji puikiai tinka svetainei, paauglio kambariui ar miegamajam, suteikiant interjerui elegancijos ir tvarkos. Patogumas ir funkcionalumas. \u201eNepo Plus\u201c [\u2026]<\/p>","protected":false},"featured_media":269623,"comment_status":"open","ping_status":"open","template":"","meta":[],"product_brand":[],"product_cat":[9200,2006],"product_tag":[],"class_list":{"0":"post-269622","1":"product","2":"type-product","3":"status-publish","4":"has-post-thumbnail","6":"product_cat-black-red-white","7":"product_cat-vitrines","9":"first","10":"instock","11":"purchasable","12":"product-type-simple"},"_links":{"self":[{"href":"https:\/\/baldumarket.lt\/lt\/wp-json\/wp\/v2\/product\/269622","targetHints":{"allow":["GET"]}}],"collection":[{"href":"https:\/\/baldumarket.lt\/lt\/wp-json\/wp\/v2\/product"}],"about":[{"href":"https:\/\/baldumarket.lt\/lt\/wp-json\/wp\/v2\/types\/product"}],"replies":[{"embeddable":true,"href":"https:\/\/baldumarket.lt\/lt\/wp-json\/wp\/v2\/comments?post=269622"}],"wp:featuredmedia":[{"embeddable":true,"href":"https:\/\/baldumarket.lt\/lt\/wp-json\/wp\/v2\/media\/269623"}],"wp:attachment":[{"href":"https:\/\/baldumarket.lt\/lt\/wp-json\/wp\/v2\/media?parent=269622"}],"wp:term":[{"taxonomy":"product_brand","embeddable":true,"href":"https:\/\/baldumarket.lt\/lt\/wp-json\/wp\/v2\/product_brand?post=269622"},{"taxonomy":"product_cat","embeddable":true,"href":"https:\/\/baldumarket.lt\/lt\/wp-json\/wp\/v2\/product_cat?post=269622"},{"taxonomy":"product_tag","embeddable":true,"href":"https:\/\/baldumarket.lt\/lt\/wp-json\/wp\/v2\/product_tag?post=269622"}],"curies":[{"name":"wp","href":"https:\/\/api.w.org\/{rel}","templated":true}]}}