{"id":269606,"date":"2026-01-14T01:11:38","date_gmt":"2026-01-13T22:11:38","guid":{"rendered":"https:\/\/baldumarket.lt\/product\/witryna-jednodrzwiowa-z-frontem-szklanym-nepo-plus-60-cm-bialy\/"},"modified":"2026-02-11T18:17:33","modified_gmt":"2026-02-11T15:17:33","slug":"witryna-jednodrzwiowa-z-frontem-szklanym-nepo-plus-60-cm-bialy","status":"publish","type":"product","link":"https:\/\/baldumarket.lt\/lt\/product\/witryna-jednodrzwiowa-z-frontem-szklanym-nepo-plus-60-cm-bialy\/","title":{"rendered":"Vien\u0173 dur\u0173 vitrina su stikliniu priekiu NEPO PLUS 60 cm balta"},"content":{"rendered":"<p>\u201eNepo Plus\u201c vitrina \u2013 tobulas daikt\u0173 laikymo ir eksponavimo derinys. Ie\u0161kote baldo, kuris ne tik tilpt\u0173 j\u016bs\u0173 daiktus, bet ir suteikt\u0173 puiki\u0105 erdv\u0119 m\u0117gstamoms kolekcijoms bei papuo\u0161alams eksponuoti? Atraskite \u201eNepo Plus\u201c vitrin\u0105, kuri sujungia daikt\u0173 laikymo ir eksponavimo funkcijas, suteikdama j\u016bs\u0173 interjerui prakti\u0161kumo ir estetikos. Eksponavimo ir sand\u0117liavimo funkcija: \u201eNepo Plus\u201c vitrina yra 60 x 197 x 34 cm dyd\u017eio vienetas, padalintas \u012f dvi dalis. Vir\u0161utin\u0117 dalis daugiausia skirta eksponavimui. Trys lentynos u\u017e eleganti\u0161ko stiklinio priekio suteikia puiki\u0105 viet\u0105 eksponuoti j\u016bs\u0173 apdovanojim\u0173 kolekcij\u0105, rankomis dekoruotas taures ar kitus vertingus daiktus. Papildomas LED ap\u0161vietimas pabr\u0117\u017eia eksponuojam\u0173 daikt\u0173 unikalum\u0105. Prakti\u0161kas daikt\u0173 laikymas: Apatin\u0117je spintel\u0117s dalyje yra didelis daikt\u0173 laikymo skyrius, padalintas lentyna. Joje galite laikyti \u017eaidimus, dokument\u0173 segtuvus ar net l\u0117k\u0161\u010di\u0173 rinkin\u012f \u2013 pritaikydami j\u012f prie individuali\u0173 poreiki\u0173 ir kambario, kuriame ji yra, charakterio. \u201eNepo Plus\u201c vitrina pagaminta i\u0161 laminuoto pavir\u0161iaus, kuris yra atsparus \u012fbr\u0117\u017eimams. Paprasta rankena leid\u017eia lengvai naudoti, o gr\u016bdintas stiklas u\u017etikrina saug\u0173 naudojim\u0105, ypa\u010d \u0161eimose su vaikais. \u012evairi\u0173 spalv\u0173 pasirinkimas leid\u017eia vitrinai puikiai der\u0117ti prie kit\u0173 j\u016bs\u0173 interjero bald\u0173. Balta, Sonoma \u0105\u017euolo arba Monastery \u0105\u017euolo \u2013 i\u0161sirinkite spalv\u0105, kuri geriausiai atitinka j\u016bs\u0173 stili\u0173 ir pageidavimus. \u201eNepo Plus\u201c vitrin\u0105 galima derinti su kitais \u0161ios kolekcijos elementais, sukuriant darn\u0173 i\u0161d\u0117stym\u0105 \u012fvairiuose kambariuose, tokiuose kaip svetain\u0117, paauglio kambarys ar miegamasis. Tai leid\u017eia sukurti harmoning\u0105 erdv\u0119, pritaikyt\u0105 j\u016bs\u0173 poreikiams ir pageidavimams. Trumpai tariant, \u201eNepo Plus\u201c vitrina yra baldas, puikiai derinantis eksponavim\u0105 ir daikt\u0173 saugojim\u0105. Tai ne tik prakti\u0161kas sprendimas daiktams laikyti, bet ir eleganti\u0161ka vitrina, pabr\u0117\u017eianti j\u016bs\u0173 kolekcijos vert\u0119 ir suteikianti interjerui stiliaus. Platus spalv\u0173 pasirinkimas ir galimyb\u0117 jas derinti su kitais kolekcijos elementais daro \u201eNepo Plus\u201c vitrin\u0105 universaliu ir madingu pasirinkimu. Verta apsvarstyti jos \u012fsigijim\u0105, norint sukurti funkcionali\u0105 ir esteti\u0161kai patraukli\u0105 erdv\u0119 savo namuose.<\/p>\n<p>Prek\u0117s kodas S435-REG1D1W-BI Simbolis ZM EAN Plotis 60 cm Gylis 34 cm Auk\u0161tis 197 cm Kolekcija \u201eNepo Plus\u201c Spalva balta Baltas atspalvis Stilius modernus Dureli\u0173 skai\u010dius 2 dur\u0173 Stal\u010di\u0173 skai\u010dius be stal\u010di\u0173 Rankena su rankenomis Ap\u0161vietimas pasirenkamas Gamintojas Juoda Raudona Balta Bald\u0173 tipas Lentynos ir vitrinos PVM mokestis 23% EAN 5906123949682<\/p>","protected":false},"excerpt":{"rendered":"<p>Nepo Plus Display Cabinet &#8211; The Perfect Combination of Storage and Display. Looking for a piece of furniture that not only stores your belongings but also provides the perfect space to display your favorite collections and ornaments? Discover the Nepo Plus display cabinet, which combines storage and display functions, adding both practicality and aesthetic appeal [&hellip;]<\/p>","protected":false},"featured_media":269607,"comment_status":"open","ping_status":"open","template":"","meta":[],"product_brand":[],"product_cat":[9200,2006],"product_tag":[],"class_list":{"0":"post-269606","1":"product","2":"type-product","3":"status-publish","4":"has-post-thumbnail","6":"product_cat-black-red-white","7":"product_cat-vitrines","9":"first","10":"instock","11":"purchasable","12":"product-type-simple"},"_links":{"self":[{"href":"https:\/\/baldumarket.lt\/lt\/wp-json\/wp\/v2\/product\/269606","targetHints":{"allow":["GET"]}}],"collection":[{"href":"https:\/\/baldumarket.lt\/lt\/wp-json\/wp\/v2\/product"}],"about":[{"href":"https:\/\/baldumarket.lt\/lt\/wp-json\/wp\/v2\/types\/product"}],"replies":[{"embeddable":true,"href":"https:\/\/baldumarket.lt\/lt\/wp-json\/wp\/v2\/comments?post=269606"}],"wp:featuredmedia":[{"embeddable":true,"href":"https:\/\/baldumarket.lt\/lt\/wp-json\/wp\/v2\/media\/269607"}],"wp:attachment":[{"href":"https:\/\/baldumarket.lt\/lt\/wp-json\/wp\/v2\/media?parent=269606"}],"wp:term":[{"taxonomy":"product_brand","embeddable":true,"href":"https:\/\/baldumarket.lt\/lt\/wp-json\/wp\/v2\/product_brand?post=269606"},{"taxonomy":"product_cat","embeddable":true,"href":"https:\/\/baldumarket.lt\/lt\/wp-json\/wp\/v2\/product_cat?post=269606"},{"taxonomy":"product_tag","embeddable":true,"href":"https:\/\/baldumarket.lt\/lt\/wp-json\/wp\/v2\/product_tag?post=269606"}],"curies":[{"name":"wp","href":"https:\/\/api.w.org\/{rel}","templated":true}]}}