{"id":269598,"date":"2026-01-14T01:11:31","date_gmt":"2026-01-13T22:11:31","guid":{"rendered":"https:\/\/baldumarket.lt\/product\/witryna-jednodrzwiowa-z-frontem-szklanym-loksa-1015-cm-andersen-pine-white\/"},"modified":"2026-02-11T18:17:33","modified_gmt":"2026-02-11T15:17:33","slug":"witryna-jednodrzwiowa-z-frontem-szklanym-loksa-1015-cm-andersen-pine-white","status":"publish","type":"product","link":"https:\/\/baldumarket.lt\/lt\/product\/witryna-jednodrzwiowa-z-frontem-szklanym-loksa-1015-cm-andersen-pine-white\/","title":{"rendered":"Vien\u0173 dureli\u0173 vitrina su stikliniu priekiu LOKSA 101,5 cm, anderseno pu\u0161is, balta"},"content":{"rendered":"<p>\u201eLoksa\u201c vitrina \u2013 eleganti\u0161ka skandinavi\u0161ko stiliaus ekspozicija. Skandinavi\u0161kas stilius \u0161iuo metu yra viena populiariausi\u0173 interjero dizaino koncepcij\u0173, kuriai b\u016bdingos paprastos formos, d\u0117mesys detal\u0117ms ir ry\u0161kios spalvos. \u201eLoksa\u201c kolekcija puikiai atspindi \u0161ias vertybes, derindama minimalistin\u0119 estetik\u0105 su funkcionalumu. \u201eLoksa\u201c vitrina yra puikus svetain\u0117s baldas, leid\u017eiantis eleganti\u0161kai eksponuoti ir laikyti \u012fvairius daiktus. Jei jums reikia vietos dokumentams, kelioni\u0173 suvenyrams ar kitiems vertingiems daiktams laikyti, \u201eLoksa\u201c vitrina yra sprendimas jums. U\u017e tvirto fasado pasl\u0117ptos lentynos leid\u017eia sutvarkyti dokumentus ir kitus daiktus, kuriuos norite pasl\u0117pti, o stiklinis fasadas suteikia puik\u0173 fon\u0105 dekoratyvin\u0117ms vazoms ar kitoms dekoracijoms. Be to, po stiklin\u0117mis lentynomis sumontuotas ap\u0161vietimas i\u0161ry\u0161kina eksponuojam\u0173 daikt\u0173 gro\u017e\u012f. Vitrinos spalv\u0173 gama dera su likusia \u201eLoksa\u201c kolekcijos dalimi, u\u017etikrindama nuoseklum\u0105 visame interjere. Baltos \u201eAndersen\u201c pu\u0161ies korpusas ir fasadas harmoningai papildo \u201eGrandson\u201c \u0105\u017euolo stalvir\u0161\u012f. \u0160is spalv\u0173 derinys suteikia interjerui gaivumo ir skandinavi\u0161ko \u017eavesio. Dekoratyvin\u0117s fasad\u0173 juostos ir tvirtos, stilingos rankenos suteikia baldui charakterio ir elegancijos. Auk\u0161t\u0105 \u201eLoksa\u201c vitrin\u0105 galima derinti su kitais kolekcijos baldais, tokiais kaip komoda ar televizoriaus staliukas, taip sukuriant darn\u0173 ir funkcional\u0173 interjero dizain\u0105. \u0160is baldas ne tik papuo\u0161 j\u016bs\u0173 interjer\u0105, bet ir pad\u0117s eksponuoti bei laikyti m\u0117gstamiausius daiktus, suteikdamas jiems eleganti\u0161k\u0105 ir skandinavi\u0161k\u0105 charakter\u012f.<\/p>\n<p>Prek\u0117s kodas S455-REG1D1W-APW Simbolis ZM EAN Plotis 101,5 cm Gylis 42,5 cm Auk\u0161tis 200,5 cm Kolekcija Loksa Spalva andersen pu\u0161is balta Atspalvis \u0161viesus medis Stilius Skandinavi\u0161kas Med\u017eiaga laminatas Dureli\u0173 skai\u010dius 2 dur\u0173 Stal\u010di\u0173 skai\u010dius be stal\u010di\u0173 Rankena su ranken\u0117l\u0117mis Ap\u0161vietimas su ap\u0161vietimu Gamintojas Juoda Raudona Balta Bald\u0173 tipas Lentynos ir vitrinos PVM 23% EAN 5906123607476<\/p>","protected":false},"excerpt":{"rendered":"<p>\u201eLoksa\u201c vitrina \u2013 eleganti\u0161ka skandinavi\u0161ko stiliaus ekspozicija. Skandinavi\u0161kas stilius \u0161iuo metu yra viena populiariausi\u0173 interjero dizaino koncepcij\u0173, kuriai b\u016bdingos paprastos formos, d\u0117mesys detal\u0117ms ir ry\u0161kios spalvos. \u201eLoksa\u201c kolekcija puikiai atspindi \u0161ias vertybes, derindama minimalistin\u0119 estetik\u0105 su funkcionalumu. \u201eLoksa\u201c vitrina yra puikus svetain\u0117s baldas, leid\u017eiantis [\u2026]<\/p>","protected":false},"featured_media":269599,"comment_status":"open","ping_status":"open","template":"","meta":[],"product_brand":[],"product_cat":[9200,2006],"product_tag":[],"class_list":{"0":"post-269598","1":"product","2":"type-product","3":"status-publish","4":"has-post-thumbnail","6":"product_cat-black-red-white","7":"product_cat-vitrines","9":"first","10":"instock","11":"purchasable","12":"product-type-simple"},"_links":{"self":[{"href":"https:\/\/baldumarket.lt\/lt\/wp-json\/wp\/v2\/product\/269598","targetHints":{"allow":["GET"]}}],"collection":[{"href":"https:\/\/baldumarket.lt\/lt\/wp-json\/wp\/v2\/product"}],"about":[{"href":"https:\/\/baldumarket.lt\/lt\/wp-json\/wp\/v2\/types\/product"}],"replies":[{"embeddable":true,"href":"https:\/\/baldumarket.lt\/lt\/wp-json\/wp\/v2\/comments?post=269598"}],"wp:featuredmedia":[{"embeddable":true,"href":"https:\/\/baldumarket.lt\/lt\/wp-json\/wp\/v2\/media\/269599"}],"wp:attachment":[{"href":"https:\/\/baldumarket.lt\/lt\/wp-json\/wp\/v2\/media?parent=269598"}],"wp:term":[{"taxonomy":"product_brand","embeddable":true,"href":"https:\/\/baldumarket.lt\/lt\/wp-json\/wp\/v2\/product_brand?post=269598"},{"taxonomy":"product_cat","embeddable":true,"href":"https:\/\/baldumarket.lt\/lt\/wp-json\/wp\/v2\/product_cat?post=269598"},{"taxonomy":"product_tag","embeddable":true,"href":"https:\/\/baldumarket.lt\/lt\/wp-json\/wp\/v2\/product_tag?post=269598"}],"curies":[{"name":"wp","href":"https:\/\/api.w.org\/{rel}","templated":true}]}}