{"id":269594,"date":"2026-01-14T01:11:27","date_gmt":"2026-01-13T22:11:27","guid":{"rendered":"https:\/\/baldumarket.lt\/product\/witryna-jednodrzwiowa-z-dwoma-szufladami-torin-114-cm-dab-ribbeck-braz\/"},"modified":"2026-02-11T18:17:33","modified_gmt":"2026-02-11T15:17:33","slug":"witryna-jednodrzwiowa-z-dwoma-szufladami-torin-114-cm-dab-ribbeck-braz","status":"publish","type":"product","link":"https:\/\/baldumarket.lt\/lt\/product\/witryna-jednodrzwiowa-z-dwoma-szufladami-torin-114-cm-dab-ribbeck-braz\/","title":{"rendered":"Vien\u0173 dur\u0173 vitrina su dviem stal\u010diais TORIN 114 cm, Ribbeck \u0105\u017euolo ruda spalva"},"content":{"rendered":"<p>\u201eTorin\u201c vitrina \u2013 harmonija ir funkcionalumas. Tvarkydami namus, labai svarbu juos suskirstyti \u012f funkcines zonas, kad bet kokiame interjere \u012fne\u0161tum\u0117te tvarkos ir harmonijos. \u201eTorin\u201c kolekcija, pasi\u017eyminti tvirtu stiliumi, madingais pastorintais \u0161onais, metalin\u0117mis rankenomis, \u0161velnaus u\u017edarymo mechanizmu ir tamsia apdaila, yra puikus s\u0105jungininkas \u0161ioje u\u017eduotyje. Vienas i\u0161 unikali\u0173 \u0161ios kolekcijos bald\u0173 yra \u201eTorin\u201c vitrina. Savo svetain\u0117se kaupiame daug \u012fvairi\u0173 daikt\u0173, tod\u0117l j\u0173 laikymas ir eksponavimas kartais gali b\u016bti i\u0161\u0161\u016bkis. \u0160i plati vitrina puikiai tinka knygoms, suvenyrams ir dekoracijoms laikyti. 114 x 150 cm vitrina si\u016blo: \u2013 2 stiklines lentynas u\u017e stiklinio priekio, puikiai tinkan\u010dias dekoracijoms eksponuoti, \u2013 2 pasl\u0117ptas ertmes u\u017e stiklinio priekio, puikiai tinkan\u010dias nieku\u010diams ar saldumynams, \u2013 2 lentynas u\u017e tvirto priekio, skirtas sunkesniems ir didesniems daiktams, pavyzd\u017eiui, stalo \u012frankiams, \u2013 2 prakti\u0161kus stal\u010dius apatin\u0117je spintel\u0117s dalyje, idealiai tinkan\u010dius stalo \u012frankiams ar b\u016btiniausiems svetain\u0117s daiktams, pavyzd\u017eiui, \u012fkrovikliams ir laidams, laikyti. V\u0117si ruda \u201eRibbeck\u201c \u0105\u017euolo spalva puikiai perteikia nat\u016bral\u0173 medienos ra\u0161to gro\u017e\u012f. B\u016bdingi tvirto stiliaus bruo\u017eai \u2013 pastorinti \u0161onai ir metalin\u0117s rankenos, o ry\u0161ki, grioveliais faneruota \u0105\u017euolo juostel\u0117 \u201eMagia venge\u201c spalvos yra b\u016btinas pirkinys, kur\u012f pary\u0161kina energij\u0105 taupantis LED ap\u0161vietimas. Metalin\u0117s rankenos ir \u0161velnaus u\u017edarymo priedai padidina kasdienio naudojimo komfort\u0105. Tvirto stiliaus \u201eTorin\u201c vitrina puikiai papildys j\u016bs\u0173 svetain\u0119, sukurdama erdv\u0119 daiktams laikyti ir eksponuoti. Derinkite j\u0105 su kitais kolekcijos elementais, kad sukurtum\u0117te darn\u0173 ir suasmenint\u0105 svetain\u0117s i\u0161d\u0117stym\u0105.<\/p>\n<p>Prek\u0117s kodas S481-REG1D1W2S-DRB Simbolis ZM EAN Plotis 114 cm Gylis 45 cm Auk\u0161tis 150 cm Kolekcija Torin Spalva riev\u0117ta \u0105\u017euolo ruda Atspalvis tamsi mediena Stilius modernus Med\u017eiaga laminatas Dureli\u0173 skai\u010dius 2 dur\u0173 Stal\u010di\u0173 skai\u010dius 2 stal\u010diai Rankena su ranken\u0117l\u0117mis Ap\u0161vietimas pasirenkamas Gamintojas Juoda Raudona Balta Bald\u0173 tipas Lentynos ir vitrinos PVM mokestis 23% EAN 5906123708081<\/p>","protected":false},"excerpt":{"rendered":"<p>The Torin Display Cabinet \u2013 Harmony and Functionality. When organizing your home, dividing it into functional sections is key, allowing you to bring order and harmony to any interior. The Torin collection, with its robust style, fashionable thickened sides, metal handles, soft-close mechanism, and dark finish, is the perfect ally in this task. One of [&hellip;]<\/p>","protected":false},"featured_media":269595,"comment_status":"open","ping_status":"open","template":"","meta":[],"product_brand":[],"product_cat":[9200,2006],"product_tag":[],"class_list":{"0":"post-269594","1":"product","2":"type-product","3":"status-publish","4":"has-post-thumbnail","6":"product_cat-black-red-white","7":"product_cat-vitrines","9":"first","10":"instock","11":"purchasable","12":"product-type-simple"},"_links":{"self":[{"href":"https:\/\/baldumarket.lt\/lt\/wp-json\/wp\/v2\/product\/269594","targetHints":{"allow":["GET"]}}],"collection":[{"href":"https:\/\/baldumarket.lt\/lt\/wp-json\/wp\/v2\/product"}],"about":[{"href":"https:\/\/baldumarket.lt\/lt\/wp-json\/wp\/v2\/types\/product"}],"replies":[{"embeddable":true,"href":"https:\/\/baldumarket.lt\/lt\/wp-json\/wp\/v2\/comments?post=269594"}],"wp:featuredmedia":[{"embeddable":true,"href":"https:\/\/baldumarket.lt\/lt\/wp-json\/wp\/v2\/media\/269595"}],"wp:attachment":[{"href":"https:\/\/baldumarket.lt\/lt\/wp-json\/wp\/v2\/media?parent=269594"}],"wp:term":[{"taxonomy":"product_brand","embeddable":true,"href":"https:\/\/baldumarket.lt\/lt\/wp-json\/wp\/v2\/product_brand?post=269594"},{"taxonomy":"product_cat","embeddable":true,"href":"https:\/\/baldumarket.lt\/lt\/wp-json\/wp\/v2\/product_cat?post=269594"},{"taxonomy":"product_tag","embeddable":true,"href":"https:\/\/baldumarket.lt\/lt\/wp-json\/wp\/v2\/product_tag?post=269594"}],"curies":[{"name":"wp","href":"https:\/\/api.w.org\/{rel}","templated":true}]}}