{"id":269578,"date":"2026-01-14T01:11:13","date_gmt":"2026-01-13T22:11:13","guid":{"rendered":"https:\/\/baldumarket.lt\/product\/witryna-jednodrzwiowa-z-dwoma-szufladami-kaspian-56-cm-bialy-dab-sonoma\/"},"modified":"2026-02-11T18:17:33","modified_gmt":"2026-02-11T15:17:33","slug":"witryna-jednodrzwiowa-z-dwoma-szufladami-kaspian-56-cm-bialy-dab-sonoma","status":"publish","type":"product","link":"https:\/\/baldumarket.lt\/lt\/product\/witryna-jednodrzwiowa-z-dwoma-szufladami-kaspian-56-cm-bialy-dab-sonoma\/","title":{"rendered":"Vien\u0173 dur\u0173 vitrina su dviem stal\u010diais KASPIAN 56 cm balta\/sonoma \u0105\u017euolas"},"content":{"rendered":"<p>\u201eKaspian\u201c vitrina \u2013 i\u0161siskirkite! \u201eKaspian\u201c kolekcija \u2013 tai unikalus paprast\u0173 form\u0173 ir nat\u016bralios medienos tekst\u016bros derinys, puikiai atitinkantis ekologi\u0161ko dizaino tendencijas. \u201eKaspian\u201c vitrina yra vienas i\u0161skirtiniausi\u0173 \u0161ios kolekcijos gamini\u0173, si\u016blantis plat\u0173 funkcini\u0173 ir estetini\u0173 galimybi\u0173 spektr\u0105. Pagrindin\u0117s \u201eKaspian\u201c vitrinos savyb\u0117s: Kompakti\u0161ki matmenys: gerai apgalvoti vitrinos matmenys leid\u017eia j\u0105 pastatyti net ma\u017eose erdv\u0117se. Tai puikus sprendimas tiems, kurie nori efektyviai i\u0161naudoti turim\u0105 erdv\u0119. Vitrinos stiklin\u0117 dalis pagaminta i\u0161 gr\u016bdinto stiklo, kuris padidina saugum\u0105 ir apsaugo laikomus daiktus nuo dulki\u0173. Tai taip pat puikus b\u016bdas eksponuoti dekoratyvinius interjero elementus. Fasadai be ranken\u0117li\u0173: Vitrinos fasadai be ranken\u0117li\u0173 ne tik suteikia baldams modern\u0173 vaizd\u0105, bet ir u\u017etikrina patog\u0173 naudojim\u0105. Apatin\u0117je spintel\u0117s dalyje yra du stal\u010diai asmeniniams daiktams, dokumentams ar kitiems reikalingiems daiktams laikyti. Subtiliai pastorinti \u0161onai sustiprina spintel\u0117s strukt\u016br\u0105 ir suteikia vizualinio patrauklumo. Papildomas LED ap\u0161vietimas spintel\u0117s viduje yra ry\u0161kus papildymas, kuris i\u0161ry\u0161kina laikomus daiktus ir suteikia interjerui unikal\u0173 charakter\u012f. \u201eKaspian\u201c vitrina puikiai dera su kitais \u201eKaspian\u201c modulin\u0117s sistemos elementais ir gali b\u016bti naudojama \u012fvairiuose kambariuose, tokiuose kaip darbo kambarys, valgomasis, svetain\u0117 ar miegamasis. Universali spalv\u0173 gama taip pat leid\u017eia j\u0105 derinti su kitomis \u201eBlack Red White\u201c kolekcijomis, suteikiant plat\u0173 dizaino variant\u0173 pasirinkim\u0105. Trumpai tariant, \u201eKaspian\u201c vitrina yra baldas, kuriame dera funkcionalumas ir estetika. Jos dizainas ir prakti\u0161ki sprendimai daro j\u0105 puikiu pasirinkimu tiems, kurie vertina harmonij\u0105 ir stili\u0173 savo interjere, kartu r\u016bpindamiesi erdv\u0117s organizavimu ir m\u0117gstam\u0173 daikt\u0173 eksponavimu.<\/p>\n<p>Prek\u0117s kodas S128-REG1W2S-BI\/DSO Simbolis ZM EAN Plotis 56 cm Gylis 40,5 cm Auk\u0161tis 200,5 cm Kolekcija Kaspian Spalva balta\/sonoma \u0105\u017euolas Gaubtas \u0161viesios medienos Stilius modernus Dureli\u0173 skai\u010dius 1 dur\u0173 Stal\u010di\u0173 skai\u010dius 2 stal\u010diai Rankena be ranken\u0117li\u0173 Ap\u0161vietimas pasirenkamas Gamintojas Juoda Raudona Balta Bald\u0173 tipas Lentynos ir vitrinos PVM 23% EAN 5906123884020<\/p>","protected":false},"excerpt":{"rendered":"<p>\u201eKaspian\u201c vitrina \u2013 i\u0161siskirkite! \u201eKaspian\u201c kolekcija \u2013 tai unikalus paprast\u0173 form\u0173 ir nat\u016bralios medienos tekst\u016bros derinys, puikiai atitinkantis ekologi\u0161ko dizaino tendencijas. \u201eKaspian\u201c vitrina yra vienas i\u0161skirtiniausi\u0173 \u0161ios kolekcijos gamini\u0173, si\u016blantis plat\u0173 funkcini\u0173 ir estetini\u0173 galimybi\u0173 spektr\u0105. Pagrindin\u0117s \u201eKaspian\u201c vitrinos savyb\u0117s [\u2026]<\/p>","protected":false},"featured_media":269579,"comment_status":"open","ping_status":"open","template":"","meta":[],"product_brand":[],"product_cat":[9200,2006],"product_tag":[],"class_list":{"0":"post-269578","1":"product","2":"type-product","3":"status-publish","4":"has-post-thumbnail","6":"product_cat-black-red-white","7":"product_cat-vitrines","9":"first","10":"instock","11":"purchasable","12":"product-type-simple"},"_links":{"self":[{"href":"https:\/\/baldumarket.lt\/lt\/wp-json\/wp\/v2\/product\/269578","targetHints":{"allow":["GET"]}}],"collection":[{"href":"https:\/\/baldumarket.lt\/lt\/wp-json\/wp\/v2\/product"}],"about":[{"href":"https:\/\/baldumarket.lt\/lt\/wp-json\/wp\/v2\/types\/product"}],"replies":[{"embeddable":true,"href":"https:\/\/baldumarket.lt\/lt\/wp-json\/wp\/v2\/comments?post=269578"}],"wp:featuredmedia":[{"embeddable":true,"href":"https:\/\/baldumarket.lt\/lt\/wp-json\/wp\/v2\/media\/269579"}],"wp:attachment":[{"href":"https:\/\/baldumarket.lt\/lt\/wp-json\/wp\/v2\/media?parent=269578"}],"wp:term":[{"taxonomy":"product_brand","embeddable":true,"href":"https:\/\/baldumarket.lt\/lt\/wp-json\/wp\/v2\/product_brand?post=269578"},{"taxonomy":"product_cat","embeddable":true,"href":"https:\/\/baldumarket.lt\/lt\/wp-json\/wp\/v2\/product_cat?post=269578"},{"taxonomy":"product_tag","embeddable":true,"href":"https:\/\/baldumarket.lt\/lt\/wp-json\/wp\/v2\/product_tag?post=269578"}],"curies":[{"name":"wp","href":"https:\/\/api.w.org\/{rel}","templated":true}]}}