{"id":269566,"date":"2026-01-14T01:11:03","date_gmt":"2026-01-13T22:11:03","guid":{"rendered":"https:\/\/baldumarket.lt\/product\/witryna-jednodrzwiowa-z-dwoma-szufladami-gent-68-cm-dab-stirling\/"},"modified":"2026-02-11T18:17:33","modified_gmt":"2026-02-11T15:17:33","slug":"witryna-jednodrzwiowa-z-dwoma-szufladami-gent-68-cm-dab-stirling","status":"publish","type":"product","link":"https:\/\/baldumarket.lt\/lt\/product\/witryna-jednodrzwiowa-z-dwoma-szufladami-gent-68-cm-dab-stirling\/","title":{"rendered":"Vien\u0173 dur\u0173 vitrina su dviem stal\u010diais GENT 68 cm, Stirling \u0105\u017euolas"},"content":{"rendered":"<p>\u201eGent\u201c knyg\u0173 lentyna \u2013 tobula knyg\u0173 lentynai. \u201eGent\u201c kolekcija neabejotinai yra puikus pasirinkimas stilingo ir madingo interjero m\u0117g\u0117jams, o \u201eGent\u201c knyg\u0173 lentyna yra puikus sprendimas tiems, kurie ie\u0161ko \u012fsp\u016bdingos vietos savo aksesuarams eksponuoti. Leiskite man parodyti visus \u0161ios atviros knyg\u0173 lentynos privalumus. \u201eGent\u201c knyg\u0173 lentyna pasi\u017eymi erdviu interjeru, puikiai tinkan\u010diu aksesuarams, kolekcijoms ar knygoms eksponuoti. \u0160is baldas turi du stal\u010dius, kuriuose galite laikyti daiktus, kuriuos norite pasl\u0117pti, ir tris prakti\u0161kas atviras lentynas, puikiai tinkan\u010dias dekoratyviniams daiktams eksponuoti. Tai puiki vieta susikurti savo knyg\u0173 lentyn\u0105 arba eksponuoti m\u0117gstamiausius daiktus. \u201eGent\u201c knyg\u0173 lentyna yra \u0161iltos \u201eStirling Oak\u201c spalvos, kuriai b\u016bdingas matomas tikros medienos ra\u0161tas ir lyt\u0117jimo tekst\u016bra. \u0160i spalva yra universali ir sukuria puik\u0173 fon\u0105 \u012fvairioms dekoracijoms, aksesuarams ir knygoms. Verta pamin\u0117ti, kad \u201eGent\u201c knyg\u0173 lentynoje \u012frengtas energij\u0105 taupantis LED ap\u0161vietimas, esantis po lentynomis. \u0160is ap\u0161vietimas puikiai i\u0161ry\u0161kina eksponuojamus daiktus, sukurdamas jauki\u0105 atmosfer\u0105 kambaryje. Su juo galite pabr\u0117\u017eti savo dekoracij\u0173 gro\u017e\u012f net ir esant silpnam ap\u0161vietimui. Lentyn\u0173 auk\u0161\u010diausios kokyb\u0117s b\u0117geliai su \u0161velnaus u\u017edarymo sistema u\u017etikrina maksimal\u0173 komfort\u0105. Stal\u010diai atsidaro ir u\u017esidaro skland\u017eiai ir tyliai. Novatori\u0161k\u0105 lentyn\u0173 dizain\u0105 papildo plieno spalvos rankenos ir pla\u010dios skersin\u0117s, eleganti\u0161kai \u012fr\u0117minan\u010dios spintel\u0119. \u0160ios detal\u0117s pabr\u0117\u017eia j\u0173 meistri\u0161kumo kokyb\u0119. \u201eGent\u201c kolekcija \u2013 puikus b\u016bdas sukurti stiling\u0105 ir modern\u0173 interjer\u0105, o kolekcijos element\u0173 \u012fvairov\u0117 leid\u017eia darniai ir harmoningai i\u0161d\u0117styti daiktus visuose namuose ar bute. Trumpai tariant, \u201eGent\u201c lentyn\u0173 sistema yra puikus sprendimas tiems, kurie nori eksponuoti savo dekoracijas, kolekcijas ar knygas. Erdvumas, energij\u0105 taupantis LED ap\u0161vietimas, eleganti\u0161kas dizainas ir spalv\u0173 \u012fvairov\u0117 daro j\u0105 puikiu j\u016bs\u0173 interjero papildymu, sukuriant erdv\u0119 i\u0161reik\u0161ti savo stili\u0173 ir eksponuoti daiktus.<\/p>\n<p>Prek\u0117s kodas S228-REG1W2S\/20\/7-DAST Simbolis ZM EAN Plotis 68 cm Gylis 42 cm Auk\u0161tis 200,5 cm Kolekcija Gent Spalva stirling \u0105\u017euolas Atspalvis tamsi mediena Stilius modernus Dureli\u0173 skai\u010dius 1 dur\u0173 Stal\u010di\u0173 skai\u010dius 2 stal\u010diai Rankena su ranken\u0117l\u0117mis Ap\u0161vietimas su ap\u0161vietimu Gamintojas Juoda Raudona Balta Bald\u0173 tipas Lentynos ir vitrinos PVM mokestis 23% EAN 5906123922944<\/p>","protected":false},"excerpt":{"rendered":"<p>\u201eGent\u201c knyg\u0173 lentyna \u2013 tobula knyg\u0173 lentyna. \u201eGent\u201c kolekcija neabejotinai yra puikus pasirinkimas stilingo ir madingo interjero m\u0117g\u0117jams, o \u201eGent\u201c knyg\u0173 lentyna \u2013 puikus sprendimas tiems, kurie ie\u0161ko \u012fsp\u016bdingos vietos savo aksesuarams eksponuoti. Leiskite man parodyti jums visus \u0161ios atviros knyg\u0173 lentynos privalumus. \u201eGent\u201c knyg\u0173 lentyna [\u2026]<\/p>","protected":false},"featured_media":269567,"comment_status":"open","ping_status":"open","template":"","meta":[],"product_brand":[],"product_cat":[9200,2006],"product_tag":[],"class_list":{"0":"post-269566","1":"product","2":"type-product","3":"status-publish","4":"has-post-thumbnail","6":"product_cat-black-red-white","7":"product_cat-vitrines","9":"first","10":"instock","11":"purchasable","12":"product-type-simple"},"_links":{"self":[{"href":"https:\/\/baldumarket.lt\/lt\/wp-json\/wp\/v2\/product\/269566","targetHints":{"allow":["GET"]}}],"collection":[{"href":"https:\/\/baldumarket.lt\/lt\/wp-json\/wp\/v2\/product"}],"about":[{"href":"https:\/\/baldumarket.lt\/lt\/wp-json\/wp\/v2\/types\/product"}],"replies":[{"embeddable":true,"href":"https:\/\/baldumarket.lt\/lt\/wp-json\/wp\/v2\/comments?post=269566"}],"wp:featuredmedia":[{"embeddable":true,"href":"https:\/\/baldumarket.lt\/lt\/wp-json\/wp\/v2\/media\/269567"}],"wp:attachment":[{"href":"https:\/\/baldumarket.lt\/lt\/wp-json\/wp\/v2\/media?parent=269566"}],"wp:term":[{"taxonomy":"product_brand","embeddable":true,"href":"https:\/\/baldumarket.lt\/lt\/wp-json\/wp\/v2\/product_brand?post=269566"},{"taxonomy":"product_cat","embeddable":true,"href":"https:\/\/baldumarket.lt\/lt\/wp-json\/wp\/v2\/product_cat?post=269566"},{"taxonomy":"product_tag","embeddable":true,"href":"https:\/\/baldumarket.lt\/lt\/wp-json\/wp\/v2\/product_tag?post=269566"}],"curies":[{"name":"wp","href":"https:\/\/api.w.org\/{rel}","templated":true}]}}