{"id":269558,"date":"2026-01-14T01:10:55","date_gmt":"2026-01-13T22:10:55","guid":{"rendered":"https:\/\/baldumarket.lt\/product\/witryna-jednodrzwiowa-z-dwoma-szufladami-bergen-72-cm-modrzew-sibiu-zloty\/"},"modified":"2026-02-11T18:17:33","modified_gmt":"2026-02-11T15:17:33","slug":"witryna-jednodrzwiowa-z-dwoma-szufladami-bergen-72-cm-modrzew-sibiu-zloty","status":"publish","type":"product","link":"https:\/\/baldumarket.lt\/lt\/product\/witryna-jednodrzwiowa-z-dwoma-szufladami-bergen-72-cm-modrzew-sibiu-zloty\/","title":{"rendered":"BERGEN vien\u0173 dur\u0173 vitrina su dviem stal\u010diais, 72 cm, auksin\u0117 Sibiu maumed\u017eio spalva"},"content":{"rendered":"<p>Bergen vitrina \u2013 eleganti\u0161ka, auk\u0161tos klas\u0117s prezentacija. Bergen kolekcija \u2013 tai \u017eavus geometrini\u0173 form\u0173, originali\u0173 detali\u0173 ir prislopint\u0173 spalv\u0173 derinys, puikiai papildantis tiek svetaines, tiek miegamuosius. Bergen vitrina yra ne tik prakti\u0161kas baldas, bet ir stilingas j\u016bs\u0173 svetain\u0117s papildymas. U\u017e stiklinio fasado galite eksponuoti savo m\u0117gstamiausius daiktus. Nesvarbu, ar tai knyg\u0173 kolekcija, fig\u016br\u0117li\u0173 kolekcija, ar retro stiliaus \u012ftaisai, tai puiki vieta jiems eksponuoti. Re\u010diau naudojamus daiktus galima laikyti dviejuose kompakti\u0161kuose stal\u010diuose, esan\u010diuose spintel\u0117s apa\u010dioje. Paprasta spintel\u0117s forma papuo\u0161ta i\u0161skirtiniu \u0161onini\u0173 kra\u0161t\u0173 \u201c\u012fdubimu\u201d, suteikian\u010diu baldui modern\u0173 ir eleganti\u0161k\u0105 vaizd\u0105. Be to, i\u0161siki\u0161\u0119s, tiesus cokolis ir nuo\u017euln\u016bs fasad\u0173 kra\u0161tai suteikia charakterio. \u0160ilta auksin\u0117s Sibiu maumed\u017eio medienos spalva suteikia interjerui unikalumo ir tvirt\u0105 pagrind\u0105 kurti stilingas kompozicijas. Vitrina tiekiama su energij\u0105 taupan\u010diu LED ap\u0161vietimu, esan\u010diu po lentynomis. Jis ne tik traukia ak\u012f, bet ir sukuria unikali\u0105 atmosfer\u0105 interjere. Verta atkreipti d\u0117mes\u012f \u012f tokias detales kaip auk\u0161tos, siaur\u0117jan\u010dios kojel\u0117s ir metalin\u0117s rankenos, kurios suteikia vitrinai elegancijos. Firminiai aksesuarai su \u0161velnaus u\u017edarymo sistema leid\u017eia patogiai naudotis kasdien. B\u0117geliai turi specialius stabd\u017eius, d\u0117l kuri\u0173 bald\u0173 fasadai u\u017esidaro beveik tyliai, beveik neatsiejamai susiedami su korpusu. \u201eBergen\u201c kolekcija si\u016blo \u012fvairius elementus, leid\u017eian\u010dius sukurti funkcionalius i\u0161d\u0117stymus, pritaikytus j\u016bs\u0173 \u0161eimos poreikiams. \u201eBergen\u201c vitrina yra ne tik prakti\u0161ka daikt\u0173 laikymo vieta, bet ir eleganti\u0161kas baldas, padedantis eksponuoti m\u0117gstamiausius daiktus ir sukuriantis unikali\u0105 atmosfer\u0105 j\u016bs\u0173 interjere.<\/p>\n<p>Prek\u0117s kodas S359-REG1W2S-MSZ Simbolis ZM EAN Plotis 72 cm Gylis 47 cm Auk\u0161tis 202 cm Kolekcija Bergen Spalva maumedis sibiu auksinis Atspalvis tamsi mediena Stilius klasikinis Med\u017eiaga laminatas Dureli\u0173 skai\u010dius 1 dur\u0173 Stal\u010di\u0173 skai\u010dius 2 stal\u010diai Rankena su ranken\u0117l\u0117mis Ap\u0161vietimas su ap\u0161vietimu Gamintojas Juoda Raudona Balta Bald\u0173 tipas Lentynos ir vitrinos PVM mokestis 23% EAN 5906123926775<\/p>","protected":false},"excerpt":{"rendered":"<p>Bergen Display Cabinet &#8211; Elegant, High-End Presentation. The Bergen collection is a delightful combination of geometric shapes, original details, and subdued colors that perfectly complement both living rooms and bedrooms. The Bergen display cabinet is not only a practical piece of furniture but also a stylish addition to your living room. Behind the glass front, [&hellip;]<\/p>","protected":false},"featured_media":269559,"comment_status":"open","ping_status":"open","template":"","meta":[],"product_brand":[],"product_cat":[9200,2006],"product_tag":[],"class_list":{"0":"post-269558","1":"product","2":"type-product","3":"status-publish","4":"has-post-thumbnail","6":"product_cat-black-red-white","7":"product_cat-vitrines","9":"first","10":"instock","11":"purchasable","12":"product-type-simple"},"_links":{"self":[{"href":"https:\/\/baldumarket.lt\/lt\/wp-json\/wp\/v2\/product\/269558","targetHints":{"allow":["GET"]}}],"collection":[{"href":"https:\/\/baldumarket.lt\/lt\/wp-json\/wp\/v2\/product"}],"about":[{"href":"https:\/\/baldumarket.lt\/lt\/wp-json\/wp\/v2\/types\/product"}],"replies":[{"embeddable":true,"href":"https:\/\/baldumarket.lt\/lt\/wp-json\/wp\/v2\/comments?post=269558"}],"wp:featuredmedia":[{"embeddable":true,"href":"https:\/\/baldumarket.lt\/lt\/wp-json\/wp\/v2\/media\/269559"}],"wp:attachment":[{"href":"https:\/\/baldumarket.lt\/lt\/wp-json\/wp\/v2\/media?parent=269558"}],"wp:term":[{"taxonomy":"product_brand","embeddable":true,"href":"https:\/\/baldumarket.lt\/lt\/wp-json\/wp\/v2\/product_brand?post=269558"},{"taxonomy":"product_cat","embeddable":true,"href":"https:\/\/baldumarket.lt\/lt\/wp-json\/wp\/v2\/product_cat?post=269558"},{"taxonomy":"product_tag","embeddable":true,"href":"https:\/\/baldumarket.lt\/lt\/wp-json\/wp\/v2\/product_tag?post=269558"}],"curies":[{"name":"wp","href":"https:\/\/api.w.org\/{rel}","templated":true}]}}