{"id":269554,"date":"2026-01-14T01:10:52","date_gmt":"2026-01-13T22:10:52","guid":{"rendered":"https:\/\/baldumarket.lt\/product\/witryna-jednodrzwiowa-z-dwoma-szufladami-alameda-72-cm-bialy-polysk-dab-westminster\/"},"modified":"2026-02-11T18:17:33","modified_gmt":"2026-02-11T15:17:33","slug":"witryna-jednodrzwiowa-z-dwoma-szufladami-alameda-72-cm-bialy-polysk-dab-westminster","status":"publish","type":"product","link":"https:\/\/baldumarket.lt\/lt\/product\/witryna-jednodrzwiowa-z-dwoma-szufladami-alameda-72-cm-bialy-polysk-dab-westminster\/","title":{"rendered":"Vien\u0173 dur\u0173 vitrina su dviem stal\u010diais ALAMEDA 72 cm, balta blizgi\/vestminsterio \u0105\u017euolas"},"content":{"rendered":"<p>\u201eAlameda\u201c vitrina \u2013 puikus sprendimas daiktams eksponuoti. Ekspozicija ir daikt\u0173 laikymas: \u201eAlameda\u201c vitrina turi dvi stiklines lentynas u\u017e stiklinio priekio, puikiai tinkan\u010dias vertyb\u0117ms, papuo\u0161alams ar kolekcijoms eksponuoti. Be to, du prakti\u0161ki stal\u010diai leid\u017eia laikyti svarbius dokumentus, kvitus ar kitus vertingus daiktus. LED ap\u0161vietimas: LED ap\u0161vietimas po vitrina ne tik i\u0161ry\u0161kina turin\u012f, bet ir suteikia jai unikal\u0173 charakter\u012f bei atmosfer\u0105. \u0160i ry\u0161ki detal\u0117 suteikia interjerui \u017eavesio. Dizainas ir spalvos: Ry\u0161kiai baltas blizgus vitrinos korpusas tarnauja kaip pagrindas blizgioms baltoms fasadams. Nat\u016bralus Vestminsterio \u0105\u017euolo pavir\u0161ius ir dekoratyviniai dekoratyviniai elementai fasaduose suteikia spintelei stiling\u0105 i\u0161vaizd\u0105. Funkcionalumas: \u201eAlameda\u201c vitrina yra ne tik esteti\u0161kai patraukli, bet ir funkcionali. Stal\u010diai leid\u017eia organizuoti ir laikyti \u012fvairius daiktus, padeda palaikyti tvark\u0105 kambaryje. Galima derinti su kitais baldais: \u201eAlameda\u201c vitrin\u0105 galima derinti su kitais \u201eAlameda\u201c kolekcijos baldais, taip sukuriant darn\u0173 ir prakti\u0161k\u0105 vienet\u0105 miegamajame, svetain\u0117je ar darbo kambaryje. \u201eAlameda\u201c vitrina \u2013 tai ne tik vieta j\u016bs\u0173 lobiams eksponuoti, bet ir dekoratyvinis elementas, praturtinantis interjer\u0105 bei suteikiantis jam asmeni\u0161kumo. Jei vertinate estetikos ir funkcionalumo pusiausvyr\u0105, \u201eAlameda\u201c vitrina gali b\u016bti puikus pasirinkimas j\u016bs\u0173 svetainei, darbo kambariui ar miegamajam.<\/p>\n<p>Prek\u0117s kodas S420-REG1W2S-BIP\/DWM\/BIP Simbolis ZM EAN Plotis 72 cm Gylis 41,5 cm Auk\u0161tis 201,5 cm Kolekcija Alameda Spalva balta blizgi\/vestminsterio \u0105\u017euolas\/balta blizgi Gaubtas baltas Stilius modernus Dureli\u0173 skai\u010dius 1 dur\u0173 Stal\u010di\u0173 skai\u010dius 2 stal\u010diai Rankena be ranken\u0117li\u0173 Ap\u0161vietimas su ap\u0161vietimu Gamintojas Juoda Raudona Balta Baldo tipas Lentynos ir vitrinos PVM 23% EAN 5906123946599<\/p>","protected":false},"excerpt":{"rendered":"<p>\u201eAlameda\u201c vitrina \u2013 puikus sprendimas daiktams eksponuoti. Ekspozicija ir sand\u0117liavimas: \u201eAlameda\u201c vitrinoje u\u017e stiklinio priekio yra dvi stiklin\u0117s lentynos, puikiai tinkan\u010dios vertyb\u0117ms, papuo\u0161alams ar kolekcijoms eksponuoti. Be to, du prakti\u0161ki stal\u010diai leid\u017eia laikyti svarbius dokumentus, kvitus ar kitus vertingus daiktus. LED ap\u0161vietimas: LED ap\u0161vietimas po vitrina [\u2026]<\/p>","protected":false},"featured_media":269555,"comment_status":"open","ping_status":"open","template":"","meta":[],"product_brand":[],"product_cat":[9200,2006],"product_tag":[],"class_list":{"0":"post-269554","1":"product","2":"type-product","3":"status-publish","4":"has-post-thumbnail","6":"product_cat-black-red-white","7":"product_cat-vitrines","9":"first","10":"instock","11":"purchasable","12":"product-type-simple"},"_links":{"self":[{"href":"https:\/\/baldumarket.lt\/lt\/wp-json\/wp\/v2\/product\/269554","targetHints":{"allow":["GET"]}}],"collection":[{"href":"https:\/\/baldumarket.lt\/lt\/wp-json\/wp\/v2\/product"}],"about":[{"href":"https:\/\/baldumarket.lt\/lt\/wp-json\/wp\/v2\/types\/product"}],"replies":[{"embeddable":true,"href":"https:\/\/baldumarket.lt\/lt\/wp-json\/wp\/v2\/comments?post=269554"}],"wp:featuredmedia":[{"embeddable":true,"href":"https:\/\/baldumarket.lt\/lt\/wp-json\/wp\/v2\/media\/269555"}],"wp:attachment":[{"href":"https:\/\/baldumarket.lt\/lt\/wp-json\/wp\/v2\/media?parent=269554"}],"wp:term":[{"taxonomy":"product_brand","embeddable":true,"href":"https:\/\/baldumarket.lt\/lt\/wp-json\/wp\/v2\/product_brand?post=269554"},{"taxonomy":"product_cat","embeddable":true,"href":"https:\/\/baldumarket.lt\/lt\/wp-json\/wp\/v2\/product_cat?post=269554"},{"taxonomy":"product_tag","embeddable":true,"href":"https:\/\/baldumarket.lt\/lt\/wp-json\/wp\/v2\/product_tag?post=269554"}],"curies":[{"name":"wp","href":"https:\/\/api.w.org\/{rel}","templated":true}]}}