{"id":269550,"date":"2026-01-14T01:10:49","date_gmt":"2026-01-13T22:10:49","guid":{"rendered":"https:\/\/baldumarket.lt\/product\/witryna-jednodrzwiowa-torin-705-cm-dab-ribbeck-braz\/"},"modified":"2026-02-11T18:17:34","modified_gmt":"2026-02-11T15:17:34","slug":"witryna-jednodrzwiowa-torin-705-cm-dab-ribbeck-braz","status":"publish","type":"product","link":"https:\/\/baldumarket.lt\/lt\/product\/witryna-jednodrzwiowa-torin-705-cm-dab-ribbeck-braz\/","title":{"rendered":"TORIN vien\u0173 dur\u0173 vitrina, 70,5 cm, \u0105\u017euolo rudos spalvos, briaunotas ra\u0161tas"},"content":{"rendered":"<p>\u201eTorin\u201c vitrina \u2013 eleganti\u0161ka ir funkcionali. Jei planuojate savo svetain\u0119 ir ie\u0161kote bald\u0173, kurie suteikt\u0173 unikalumo, tvirta \u201eTorin\u201c kolekcija tikrai patrauks j\u016bs\u0173 d\u0117mes\u012f. Su storais \u0161onais, metalin\u0117mis rankenomis ir ry\u0161kiu ap\u0161vietimu \u201eTorin\u201c vitrina tampa ne tik ekspozicijos, bet ir funkcionalia daikt\u0173 laikymo vieta. Pagrindin\u0117 vitrinos funkcija yra ekspozicija \u2013 u\u017e stiklinio priekio galite eksponuoti daiktus, kuriais norite pasidalinti su \u0161eima ir draugais. Ta\u010diau ne ma\u017eiau svarbi ir daikt\u0173 laikymo vieta. \u0160i kolonin\u0117 vitrina puikiai tinka knygoms, dokumentams ir kitiems smulkiems daiktams laikyti. 70,5 x 200 cm vitrina turi: \u2013 1 stiklin\u0119 lentyn\u0105 u\u017e stiklinio priekio, idealiai tinkan\u010di\u0105 taur\u0117ms, dekoracijoms ar suvenyrams eksponuoti; \u2013 2 pasl\u0117ptus skyrius u\u017e stiklinio priekio, skirtus nieku\u010diams, papuo\u0161alams ar skan\u0117stams; \u2013 1 lentyn\u0105 u\u017e tvirto priekio, puikiai tinkan\u010di\u0105 sunkesniems ir didesniems daiktams, pavyzd\u017eiui, stalo \u012frankiams, segtuvams ir dokument\u0173 aplankams. V\u0117si ruda \u201eRibbeck\u201c \u0105\u017euolo spalva puikiai perteikia nat\u016bral\u0173 medienos ra\u0161to gro\u017e\u012f. Tvirtam stiliui b\u016bdingi pastorinti \u0161onai ir metalin\u0117s rankenos, ta\u010diau nepamir\u0161kite ir ry\u0161kios, grioveli\u0173 imitacijos faneruotos juostel\u0117s \u201evenge magia\u201c \u0105\u017euolo spalvos. Ap\u0161vietim\u0105 u\u017etikrina energij\u0105 taupantis LED ap\u0161vietimas. Metalin\u0117s rankenos ir \u0161velnaus u\u017edarymo priedai padidina kasdienio naudojimo komfort\u0105. \u201eTorin\u201c vitrina puikiai dera prie bet kurio svetain\u0117s kambario. J\u0105 galite pastatyti \u0161alia televizoriaus staliuko, kad \u017ei\u016brovas retkar\u010diais gal\u0117t\u0173 pasigro\u017e\u0117ti \u0161eimos relikvijomis \u017ei\u016br\u0117damas televizori\u0173. Ji taip pat gerai der\u0117s su kitais kolekcijos baldais, sukurdama darni\u0105 ir eleganti\u0161k\u0105 kompozicij\u0105.<\/p>\n<p>Prek\u0117s kodas S481-REG1D1W-DRB Simbolis ZM EAN Plotis 70,5 cm Gylis 45 cm Auk\u0161tis 200 cm Kolekcija Torin Spalva riev\u0117ta \u0105\u017euolo ruda Atspalvis tamsi mediena Stilius modernus Med\u017eiaga laminatas Dureli\u0173 skai\u010dius 2 dur\u0173 Stal\u010di\u0173 skai\u010dius be stal\u010di\u0173 Rankena su ranken\u0117l\u0117mis Ap\u0161vietimas pasirenkamas Gamintojas Juoda Raudona Balta Bald\u0173 tipas Lentynos ir vitrinos PVM mokestis 23% EAN 5906123708104<\/p>","protected":false},"excerpt":{"rendered":"<p>\u201eTorin\u201c vitrina \u2013 eleganti\u0161ka ir funkcionali. Jei planuojate savo svetain\u0119 ir ie\u0161kote bald\u0173, kurie suteikt\u0173 jai unikalumo, tvirta \u201eTorin\u201c kolekcija tikrai patrauks j\u016bs\u0173 ak\u012f. Su storais \u0161onais, metalin\u0117mis rankenomis ir \u012fsp\u016bdingu ap\u0161vietimu \u201eTorin\u201c vitrina tampa ne tik ekspozicijos erdve, bet ir [\u2026]<\/p>","protected":false},"featured_media":269551,"comment_status":"open","ping_status":"open","template":"","meta":[],"product_brand":[],"product_cat":[9200,2006],"product_tag":[],"class_list":{"0":"post-269550","1":"product","2":"type-product","3":"status-publish","4":"has-post-thumbnail","6":"product_cat-black-red-white","7":"product_cat-vitrines","9":"first","10":"instock","11":"purchasable","12":"product-type-simple"},"_links":{"self":[{"href":"https:\/\/baldumarket.lt\/lt\/wp-json\/wp\/v2\/product\/269550","targetHints":{"allow":["GET"]}}],"collection":[{"href":"https:\/\/baldumarket.lt\/lt\/wp-json\/wp\/v2\/product"}],"about":[{"href":"https:\/\/baldumarket.lt\/lt\/wp-json\/wp\/v2\/types\/product"}],"replies":[{"embeddable":true,"href":"https:\/\/baldumarket.lt\/lt\/wp-json\/wp\/v2\/comments?post=269550"}],"wp:featuredmedia":[{"embeddable":true,"href":"https:\/\/baldumarket.lt\/lt\/wp-json\/wp\/v2\/media\/269551"}],"wp:attachment":[{"href":"https:\/\/baldumarket.lt\/lt\/wp-json\/wp\/v2\/media?parent=269550"}],"wp:term":[{"taxonomy":"product_brand","embeddable":true,"href":"https:\/\/baldumarket.lt\/lt\/wp-json\/wp\/v2\/product_brand?post=269550"},{"taxonomy":"product_cat","embeddable":true,"href":"https:\/\/baldumarket.lt\/lt\/wp-json\/wp\/v2\/product_cat?post=269550"},{"taxonomy":"product_tag","embeddable":true,"href":"https:\/\/baldumarket.lt\/lt\/wp-json\/wp\/v2\/product_tag?post=269550"}],"curies":[{"name":"wp","href":"https:\/\/api.w.org\/{rel}","templated":true}]}}