{"id":269542,"date":"2026-01-14T01:10:43","date_gmt":"2026-01-13T22:10:43","guid":{"rendered":"https:\/\/baldumarket.lt\/product\/witryna-jednodrzwiowa-romance-93-cm-modrzew-sibiu-jasny-dab-sanremo-jasny\/"},"modified":"2026-02-11T18:17:34","modified_gmt":"2026-02-11T15:17:34","slug":"witryna-jednodrzwiowa-romance-93-cm-modrzew-sibiu-jasny-dab-sanremo-jasny","status":"publish","type":"product","link":"https:\/\/baldumarket.lt\/lt\/product\/witryna-jednodrzwiowa-romance-93-cm-modrzew-sibiu-jasny-dab-sanremo-jasny\/","title":{"rendered":"ROMANCE vien\u0173 dureli\u0173 vitrina, 93 cm, \u0161viesus Sibiu maumedis\/\u0161viesus San Remo \u0105\u017euolas"},"content":{"rendered":"<p>\u201eRomance\u201c vitrina \u2013 skandinavi\u0161kas stilius j\u016bs\u0173 svetain\u0117je. \u012e\u017eenkite \u012f skandinavi\u0161ko stiliaus pasaul\u012f su \u201eRomance\u201c kolekcija, kurioje dera elegancija, tvarkingumas ir funkcionalumas. \u012ene\u0161kite \u012f savo svetain\u0119 mading\u0105, ry\u0161k\u0173 dizain\u0105, kuris \u017eavi savo \u017eavesiu. \u201eRomance\u201c kolekcija \u2013 tai subtilus u\u017euomina \u012f \u0161iaur\u0117s gamt\u0105, kur \u0161viesi\u0173 fasad\u0173 spalvos susitinka su tamsesniais stalvir\u0161iais, sukurdamos harmoning\u0105 visum\u0105. \u201eRomance\u201c vitrina \u2013 tai funkcionalus sprendimas, kuris ne tik padeda susid\u0117ti daiktus, bet ir suteikia interjerui charakterio. U\u017e tvirtos vitrinos priekio rasite keturias tvirtas lentynas, puikiai tinkan\u010dias svarbiems dokumentams laikyti ar smulkiems daiktams eksponuoti. \u0160i vien\u0173 dureli\u0173 stiklin\u0117 vitrina su keturiomis stiklin\u0117mis lentynomis yra puiki vieta eksponuoti m\u0117gstamiausius daiktus. Be to, spintel\u0117 pagaminta i\u0161 gr\u016bdinto stiklo, o energij\u0105 taupantis LED ap\u0161vietimas po stiklin\u0117mis lentynomis sukuria unikal\u0173 vizualin\u012f efekt\u0105, suteikdamas j\u016bs\u0173 interjerui subtili\u0105 atmosfer\u0105. Jus su\u017eav\u0117s \u201eRomance\u201c kolekcijos detal\u0117s, tokios kaip firminiai aksesuarai, paprastos sidabrin\u0117s ranken\u0117l\u0117s ir i\u0161skirtiniai r\u0117meliai fasaduose, kurie primena i\u0161 \u0160iaur\u0117s Europos \u017einom\u0173 bald\u0173 tvirtum\u0105. Sukurkite ergonomi\u0161k\u0105 svetain\u0119, naudodami \u012fvairius \u201eRomance\u201c kolekcijos elementus, tokius kaip komodos, knyg\u0173 lentynos, televizoriaus staliukai, lentynos ir veidrod\u017eiai. Tegul \u201eRomance\u201c vitrina tampa neatsiejama j\u016bs\u0173 interjero dizaino dalimi, suteikian\u010dia elegancijos, funkcionalumo ir unikalaus stiliaus.<\/p>\n<p>Prek\u0117s kodas S331-REG1D1W-MSJ\/DSAJ Simbolis ZM EAN Plotis 93 cm Gylis 45 cm Auk\u0161tis 201 cm Kolekcija Romantika Spalva \u0161viesi Sibiu maumedis\/\u0161viesi San Remo \u0105\u017euolas Gaubtas \u0161viesi mediena Stilius modernus Med\u017eiaga laminatas Dureli\u0173 skai\u010dius 1 dur\u0173 Stal\u010di\u0173 skai\u010dius be stal\u010di\u0173 Rankena su ranken\u0117l\u0117mis Ap\u0161vietimas su ap\u0161vietimu Gamintojas Juoda Raudona Balta Baldo tipas Lentynos ir vitrinos PVM 23% EAN 5906123925952<\/p>","protected":false},"excerpt":{"rendered":"<p>\u201eRomance\u201c vitrina \u2013 skandinavi\u0161kas stilius j\u016bs\u0173 svetain\u0117je. \u012e\u017eenkite \u012f skandinavi\u0161ko stiliaus pasaul\u012f su \u201eRomance\u201c kolekcija, kurioje dera elegancija, tvarkingumas ir funkcionalumas. \u012ene\u0161kite \u012f savo svetain\u0119 mading\u0105, ry\u0161k\u0173 dizain\u0105, kuris \u017eavi savo \u017eavesiu. \u201eRomance\u201c kolekcija \u2013 tai subtilus u\u017euomina \u012f \u0161iaur\u0117s gamt\u0105, kur [\u2026]<\/p>","protected":false},"featured_media":269543,"comment_status":"open","ping_status":"open","template":"","meta":[],"product_brand":[],"product_cat":[9200,2006],"product_tag":[],"class_list":{"0":"post-269542","1":"product","2":"type-product","3":"status-publish","4":"has-post-thumbnail","6":"product_cat-black-red-white","7":"product_cat-vitrines","9":"first","10":"instock","11":"purchasable","12":"product-type-simple"},"_links":{"self":[{"href":"https:\/\/baldumarket.lt\/lt\/wp-json\/wp\/v2\/product\/269542","targetHints":{"allow":["GET"]}}],"collection":[{"href":"https:\/\/baldumarket.lt\/lt\/wp-json\/wp\/v2\/product"}],"about":[{"href":"https:\/\/baldumarket.lt\/lt\/wp-json\/wp\/v2\/types\/product"}],"replies":[{"embeddable":true,"href":"https:\/\/baldumarket.lt\/lt\/wp-json\/wp\/v2\/comments?post=269542"}],"wp:featuredmedia":[{"embeddable":true,"href":"https:\/\/baldumarket.lt\/lt\/wp-json\/wp\/v2\/media\/269543"}],"wp:attachment":[{"href":"https:\/\/baldumarket.lt\/lt\/wp-json\/wp\/v2\/media?parent=269542"}],"wp:term":[{"taxonomy":"product_brand","embeddable":true,"href":"https:\/\/baldumarket.lt\/lt\/wp-json\/wp\/v2\/product_brand?post=269542"},{"taxonomy":"product_cat","embeddable":true,"href":"https:\/\/baldumarket.lt\/lt\/wp-json\/wp\/v2\/product_cat?post=269542"},{"taxonomy":"product_tag","embeddable":true,"href":"https:\/\/baldumarket.lt\/lt\/wp-json\/wp\/v2\/product_tag?post=269542"}],"curies":[{"name":"wp","href":"https:\/\/api.w.org\/{rel}","templated":true}]}}