{"id":269534,"date":"2026-01-14T01:10:36","date_gmt":"2026-01-13T22:10:36","guid":{"rendered":"https:\/\/baldumarket.lt\/product\/witryna-jednodrzwiowa-prawa-kent-70-cm-kasztan\/"},"modified":"2026-02-11T18:17:34","modified_gmt":"2026-02-11T15:17:34","slug":"witryna-jednodrzwiowa-prawa-kent-70-cm-kasztan","status":"publish","type":"product","link":"https:\/\/baldumarket.lt\/lt\/product\/witryna-jednodrzwiowa-prawa-kent-70-cm-kasztan\/","title":{"rendered":"Vien\u0173 dureli\u0173 de\u0161inin\u0117 vitrina KENT 70 cm ka\u0161tonin\u0117"},"content":{"rendered":"<p>\u201eKent\u201c vitrina \u2013 eleganti\u0161ka ir funkcionali. Pagrindiniai klasikin\u0117s \u201eKent\u201c modulin\u0117s kolekcijos bruo\u017eai \u2013 eleganti\u0161ka i\u0161vaizda ir nesenstantis gro\u017eis. Jei jums reikia vietos dekoratyviniams daiktams eksponuoti, \u201eKent\u201c vitrina yra puikus pasirinkimas. Ji ne tik leid\u017eia demonstruoti dekoracijas, bet ir apsaugo jas nuo dulki\u0173 stiklinio priekio d\u0117ka. Ji turi tris prakti\u0161kas lentynas ir funkcionali\u0105 spintel\u0119 apatin\u0117je dalyje, kurioje galite laikyti \u012fvairius daiktus.<br \/>\n\u2013 Gr\u016bdinto stiklo spintel\u0117s priekis atsidaro \u012f de\u0161in\u0119, taip u\u017etikrinant saugum\u0105 kasdienio naudojimo metu.<br \/>\n\u2013 Kolekcijoje naudojama i\u0161skirtin\u0117 fanera puikiai perteikia neapdorotos medienos strukt\u016br\u0105 ir charakter\u012f, o ry\u0161ki ka\u0161tonin\u0117 spalva suteikia baldams \u0161ilt\u0105 i\u0161vaizd\u0105.<br \/>\n\u2013 Prabangios, brangakmenius primenan\u010dios ranken\u0117l\u0117s puikiai papildo rai\u017eytas antgalius, sukurdamos unikal\u0173 vaizd\u0105.<br \/>\n\u2013 Firminiai vyriai u\u017etikrina skland\u0173 fasad\u0173 atidarym\u0105 ir u\u017edarym\u0105 bei leid\u017eia tiksliai reguliuoti trijose dimensijose. \u2013 \u0160i klasikin\u0117 kolonin\u0117 vitrina d\u0117l savo kompakti\u0161k\u0173 matmen\u0173 puikiai tinka ma\u017eoms erdv\u0117ms.<br \/>\n\u2013 D\u0117l \u012fvairi\u0173 dyd\u017ei\u0173 ir funkcij\u0173, esan\u010di\u0173 \u201eKent\u201c kolekcijoje, galite stilingai \u012frengti svetain\u0119, miegam\u0105j\u012f, valgom\u0105j\u012f, biur\u0105 ar net prie\u0161kambar\u012f.<\/p>\n<p>Prek\u0117s kodas S10-EWIT1DP-KA Simbolis ZM EAN Plotis 70,5 cm Gylis 43 cm Auk\u0161tis 204,5 cm Kolekcija Kent Spalva ka\u0161tonin\u0117 Atspalvis tamsi mediena Stilius klasikinis Med\u017eiaga laminatas Dureli\u0173 skai\u010dius 2 dur\u0173 Stal\u010di\u0173 skai\u010dius be stal\u010di\u0173 Rankena su rankenomis Gamintojas Juoda Raudona Balta Bald\u0173 tipas Lentynos ir vitrinos PVM mokestis 23% EAN 5906123882392<\/p>","protected":false},"excerpt":{"rendered":"<p>\u201eKent\u201c vitrina \u2013 eleganti\u0161ka ir funkcionali. Pagrindiniai klasikin\u0117s \u201eKent\u201c modulin\u0117s kolekcijos bruo\u017eai \u2013 eleganti\u0161ka i\u0161vaizda ir nesenstantis gro\u017eis. Jei jums reikia vietos dekoratyviniams daiktams eksponuoti, \u201eKent\u201c vitrina yra puikus pasirinkimas. Ji ne tik leid\u017eia eksponuoti dekoracijas, bet ir apsaugo jas nuo dulki\u0173 [\u2026]<\/p>","protected":false},"featured_media":269535,"comment_status":"open","ping_status":"open","template":"","meta":[],"product_brand":[],"product_cat":[9200,2006],"product_tag":[],"class_list":{"0":"post-269534","1":"product","2":"type-product","3":"status-publish","4":"has-post-thumbnail","6":"product_cat-black-red-white","7":"product_cat-vitrines","9":"first","10":"instock","11":"purchasable","12":"product-type-simple"},"_links":{"self":[{"href":"https:\/\/baldumarket.lt\/lt\/wp-json\/wp\/v2\/product\/269534","targetHints":{"allow":["GET"]}}],"collection":[{"href":"https:\/\/baldumarket.lt\/lt\/wp-json\/wp\/v2\/product"}],"about":[{"href":"https:\/\/baldumarket.lt\/lt\/wp-json\/wp\/v2\/types\/product"}],"replies":[{"embeddable":true,"href":"https:\/\/baldumarket.lt\/lt\/wp-json\/wp\/v2\/comments?post=269534"}],"wp:featuredmedia":[{"embeddable":true,"href":"https:\/\/baldumarket.lt\/lt\/wp-json\/wp\/v2\/media\/269535"}],"wp:attachment":[{"href":"https:\/\/baldumarket.lt\/lt\/wp-json\/wp\/v2\/media?parent=269534"}],"wp:term":[{"taxonomy":"product_brand","embeddable":true,"href":"https:\/\/baldumarket.lt\/lt\/wp-json\/wp\/v2\/product_brand?post=269534"},{"taxonomy":"product_cat","embeddable":true,"href":"https:\/\/baldumarket.lt\/lt\/wp-json\/wp\/v2\/product_cat?post=269534"},{"taxonomy":"product_tag","embeddable":true,"href":"https:\/\/baldumarket.lt\/lt\/wp-json\/wp\/v2\/product_tag?post=269534"}],"curies":[{"name":"wp","href":"https:\/\/api.w.org\/{rel}","templated":true}]}}