{"id":269526,"date":"2026-01-14T01:10:30","date_gmt":"2026-01-13T22:10:30","guid":{"rendered":"https:\/\/baldumarket.lt\/product\/witryna-jednodrzwiowa-nuis-50-cm-dab-wotan-bialy-polysk\/"},"modified":"2026-02-11T18:17:34","modified_gmt":"2026-02-11T15:17:34","slug":"witryna-jednodrzwiowa-nuis-50-cm-dab-wotan-bialy-polysk","status":"publish","type":"product","link":"https:\/\/baldumarket.lt\/lt\/product\/witryna-jednodrzwiowa-nuis-50-cm-dab-wotan-bialy-polysk\/","title":{"rendered":"Vien\u0173 dureli\u0173 vitrina NUIS 50 cm, \u0105\u017euolas \u201eWotan\u201c\/blizgi balta"},"content":{"rendered":"<p>\u201eNuis\u201c vitrina \u2013 elegancija ir skaidrumas. Jei ie\u0161kote stilingo ir funkcionalaus baldo, \u201eNuis\u201c vitrina puikiai pateisins j\u016bs\u0173 l\u016bkes\u010dius. Tai ne tik prakti\u0161ka daikt\u0173 laikymo vieta, bet ir eleganti\u0161kas dekoratyvinis elementas, kuris papuo\u0161 bet kurio kambario interjer\u0105. Vitrina d\u017eiugina harmoningu \u0161ilto \u201eWotan\u201c \u0105\u017euolo atspalvio med\u017eio dro\u017eli\u0173 plok\u0161t\u0117s ir eleganti\u0161kos baltos veidrodin\u0117s apdailos deriniu. \u0160is baldas suteikia erdvei lengvumo ir leid\u017eia subtiliai eksponuoti m\u0117gstamus daiktus. Gr\u016bdinto stiklo stiklas yra patvarus ir atsparus pa\u017eeidimams, tod\u0117l spintel\u0117 daugel\u012f met\u0173 i\u0161laikys estetin\u012f patrauklum\u0105. \u010cia galite eksponuoti dekoracijas, porcelian\u0105 ar kitus vertingus daiktus, kartu gaudami prakti\u0161kos daikt\u0173 laikymo vietos. \u201eNuis\u201c vitrina yra ne tik svetain\u0117s ar valgomojo baldas, bet ir stilingas elementas, suteikiantis visam interjerui charakterio ir elegancijos. Derinkite j\u0105 su kitais \u201eNuis\u201c kolekcijos baldais, kad sukurtum\u0117te darn\u0173 ir rafinuot\u0105 i\u0161d\u0117stym\u0105.<\/p>\n<p>Prek\u0117s kodas S396-REG1D1W-DWO\/BIP Simbolis ZM EAN Plotis 50 cm Gylis 39,5 cm Auk\u0161tis 197,5 cm Kolekcija \u201eNuis\u201c Spalva wotan \u0105\u017euolas\/blizgi balta Gaubtas \u0161viesus medis Stilius modernus Med\u017eiaga laminatas Dureli\u0173 skai\u010dius 2 dur\u0173 Stal\u010di\u0173 skai\u010dius be stal\u010di\u0173 Rankena be ranken\u0117li\u0173 Ap\u0161vietimas pasirenkamas Gamintojas Juoda Raudona Balta Bald\u0173 tipas Lentynos ir vitrinos PVM mokestis 23% EAN 5906123929646<\/p>","protected":false},"excerpt":{"rendered":"<p>\u201eNuis\u201c vitrina \u2013 elegancija ir skaidrumas. Jei ie\u0161kote stilingo ir funkcionalaus baldo, \u201eNuis\u201c vitrina puikiai pateisins j\u016bs\u0173 l\u016bkes\u010dius. Tai ne tik prakti\u0161ka daikt\u0173 laikymo vieta, bet ir eleganti\u0161kas dekoratyvinis elementas, kuris papuo\u0161 bet kurio kambario interjer\u0105. Vitrina d\u017eiugina harmoningu deriniu [\u2026]<\/p>","protected":false},"featured_media":269527,"comment_status":"open","ping_status":"open","template":"","meta":[],"product_brand":[],"product_cat":[9200,2006],"product_tag":[],"class_list":{"0":"post-269526","1":"product","2":"type-product","3":"status-publish","4":"has-post-thumbnail","6":"product_cat-black-red-white","7":"product_cat-vitrines","9":"first","10":"instock","11":"purchasable","12":"product-type-simple"},"_links":{"self":[{"href":"https:\/\/baldumarket.lt\/lt\/wp-json\/wp\/v2\/product\/269526","targetHints":{"allow":["GET"]}}],"collection":[{"href":"https:\/\/baldumarket.lt\/lt\/wp-json\/wp\/v2\/product"}],"about":[{"href":"https:\/\/baldumarket.lt\/lt\/wp-json\/wp\/v2\/types\/product"}],"replies":[{"embeddable":true,"href":"https:\/\/baldumarket.lt\/lt\/wp-json\/wp\/v2\/comments?post=269526"}],"wp:featuredmedia":[{"embeddable":true,"href":"https:\/\/baldumarket.lt\/lt\/wp-json\/wp\/v2\/media\/269527"}],"wp:attachment":[{"href":"https:\/\/baldumarket.lt\/lt\/wp-json\/wp\/v2\/media?parent=269526"}],"wp:term":[{"taxonomy":"product_brand","embeddable":true,"href":"https:\/\/baldumarket.lt\/lt\/wp-json\/wp\/v2\/product_brand?post=269526"},{"taxonomy":"product_cat","embeddable":true,"href":"https:\/\/baldumarket.lt\/lt\/wp-json\/wp\/v2\/product_cat?post=269526"},{"taxonomy":"product_tag","embeddable":true,"href":"https:\/\/baldumarket.lt\/lt\/wp-json\/wp\/v2\/product_tag?post=269526"}],"curies":[{"name":"wp","href":"https:\/\/api.w.org\/{rel}","templated":true}]}}