{"id":269518,"date":"2026-01-14T01:10:21","date_gmt":"2026-01-13T22:10:21","guid":{"rendered":"https:\/\/baldumarket.lt\/product\/witryna-jednodrzwiowa-horton-68-cm-dab-zloty-grandson-bialy-polysk\/"},"modified":"2026-02-11T18:17:34","modified_gmt":"2026-02-11T15:17:34","slug":"witryna-jednodrzwiowa-horton-68-cm-dab-zloty-grandson-bialy-polysk","status":"publish","type":"product","link":"https:\/\/baldumarket.lt\/lt\/product\/witryna-jednodrzwiowa-horton-68-cm-dab-zloty-grandson-bialy-polysk\/","title":{"rendered":"HORTON vien\u0173 dureli\u0173 vitrina 68 cm, Grandson auksinis \u0105\u017euolas\/blizgi balta"},"content":{"rendered":"<p>\u201eHorton\u201c vitrina \u2013 funkcionalumo ir modernaus stiliaus derinys. Ie\u0161kote vitrinos, kurioje ne tik tilpt\u0173 j\u016bs\u0173 vertingi daiktai, bet ir interjeras b\u016bt\u0173 eleganti\u0161kas bei stilingas? M\u016bs\u0173 vitrina \u2013 puikus sprendimas \u2013 erdvi, moderni ir tuo pa\u010diu ne\u012ftik\u0117tinai eleganti\u0161ka. Tai ne tik baldas, bet ir asmeninio stiliaus i\u0161rai\u0161ka, kuri ilgai i\u0161liks su jumis. Blizgios baltos ir Grandson \u0105\u017euolo spalvos apdaila \u2013 m\u016bs\u0173 vitrina \u2013 tai harmoningas derinys, kuris pagyvins j\u016bs\u0173 interjer\u0105. R\u016bkytas stiklas antisol rudos spalvos suteikia jam unikal\u0173 charakter\u012f. Vitrina, tinkanti ne tik svetain\u0117ms ar miegamiesiems, bet ir ma\u017eesn\u0117ms erdv\u0117ms, puikiai atspindi modernaus, retro ir skandinavi\u0161ko dizaino tendencijas. Padalinta \u012f dvi dalis su durel\u0117mis: apatin\u0119 \u2013 su \u012fmontuotomis durel\u0117mis, o vir\u0161utin\u0119 \u2013 su gr\u016bdinto stiklo vitrina, \u0161i vitrina ne tik demonstruoja elegancij\u0105, bet ir leid\u017eia eksponuoti vertingus daiktus. Metalin\u0117s rankenos suteikia subtilumo, o vidin\u0117s lentynos \u2013 funkcionalumo, leid\u017eian\u010dios sutvarkyti erdv\u0119. Papildomos funkcijos, tokios kaip \u0161velniai u\u017esidarantys vyriai ir LED ap\u0161vietimas po stalvir\u0161iu, paver\u010dia \u0161ios vitrinos naudojim\u0105 tikru malonumu. Pasirinkdami m\u016bs\u0173 baldus, investuojate ne tik \u012f prakti\u0161k\u0105 daikt\u0173 laikymo viet\u0105, bet ir \u012f dizainerio element\u0105, kuris pagerins j\u016bs\u0173 nam\u0173 i\u0161vaizd\u0105. Atraskite elegancij\u0105 ir funkcionalum\u0105 su m\u016bs\u0173 modernia vitrina!<\/p>\n<p>Prek\u0117s kodas S488-REG1D1W-BI\/DZG\/BIP Simbolis ZM EAN Plotis 68 cm Gylis 42 cm Auk\u0161tis 205 cm Kolekcija Horton Spalva balta\/grandson auksinis \u0105\u017euolas\/blizgi balta Atspalvis baltas Stilius modernus Med\u017eiaga laminatas Dureli\u0173 skai\u010dius 2 dur\u0173 Stal\u010di\u0173 skai\u010dius be stal\u010di\u0173 Rankena su ranken\u0117l\u0117mis Ap\u0161vietimas su ap\u0161vietimu Gamintojas Juoda Raudona Balta Bald\u0173 tipas Lentynos ir vitrinos PVM mokestis 23% EAN 5906123709125<\/p>","protected":false},"excerpt":{"rendered":"<p>Horton Display Cabinet &#8211; A Combination of Functionality and Modern Style. Looking for a display cabinet that will not only store your valuables but also add elegance and style to your interior? Our display cabinet is the perfect solution \u2013 spacious, modern, and at the same time incredibly elegant. It&#8217;s not just a piece of [&hellip;]<\/p>","protected":false},"featured_media":269519,"comment_status":"open","ping_status":"open","template":"","meta":[],"product_brand":[],"product_cat":[9200,2006],"product_tag":[],"class_list":{"0":"post-269518","1":"product","2":"type-product","3":"status-publish","4":"has-post-thumbnail","6":"product_cat-black-red-white","7":"product_cat-vitrines","9":"first","10":"instock","11":"purchasable","12":"product-type-simple"},"_links":{"self":[{"href":"https:\/\/baldumarket.lt\/lt\/wp-json\/wp\/v2\/product\/269518","targetHints":{"allow":["GET"]}}],"collection":[{"href":"https:\/\/baldumarket.lt\/lt\/wp-json\/wp\/v2\/product"}],"about":[{"href":"https:\/\/baldumarket.lt\/lt\/wp-json\/wp\/v2\/types\/product"}],"replies":[{"embeddable":true,"href":"https:\/\/baldumarket.lt\/lt\/wp-json\/wp\/v2\/comments?post=269518"}],"wp:featuredmedia":[{"embeddable":true,"href":"https:\/\/baldumarket.lt\/lt\/wp-json\/wp\/v2\/media\/269519"}],"wp:attachment":[{"href":"https:\/\/baldumarket.lt\/lt\/wp-json\/wp\/v2\/media?parent=269518"}],"wp:term":[{"taxonomy":"product_brand","embeddable":true,"href":"https:\/\/baldumarket.lt\/lt\/wp-json\/wp\/v2\/product_brand?post=269518"},{"taxonomy":"product_cat","embeddable":true,"href":"https:\/\/baldumarket.lt\/lt\/wp-json\/wp\/v2\/product_cat?post=269518"},{"taxonomy":"product_tag","embeddable":true,"href":"https:\/\/baldumarket.lt\/lt\/wp-json\/wp\/v2\/product_tag?post=269518"}],"curies":[{"name":"wp","href":"https:\/\/api.w.org\/{rel}","templated":true}]}}