{"id":269506,"date":"2026-01-14T01:10:12","date_gmt":"2026-01-13T22:10:12","guid":{"rendered":"https:\/\/baldumarket.lt\/product\/witryna-jednodrzwiowa-holten-68-cm-bialy-dab-wotan\/"},"modified":"2026-02-11T18:17:34","modified_gmt":"2026-02-11T15:17:34","slug":"witryna-jednodrzwiowa-holten-68-cm-bialy-dab-wotan","status":"publish","type":"product","link":"https:\/\/baldumarket.lt\/lt\/product\/witryna-jednodrzwiowa-holten-68-cm-bialy-dab-wotan\/","title":{"rendered":"HOLTEN vien\u0173 dureli\u0173 vitrina 68 cm balta\/wotan \u0105\u017euolas"},"content":{"rendered":"<p>\u201eHolten\u201c vitrina \u2013 j\u016bs\u0173 naujas ekspozicijos akcentas. \u201eHolten\u201c kolekcija yra tikras modernaus dizaino pavyzdys, kur tvirti r\u0117mai, ry\u0161kios spalvos ir \u012fsp\u016bdingas stalvir\u0161is susilieja \u012f vien\u0105 darni\u0105 visum\u0105. Jei ie\u0161kote baldo, kuris ne tik tarnaut\u0173 kaip daikt\u0173 laikymo vieta, bet ir efektyviai eksponuot\u0173 j\u016bs\u0173 m\u0117gstamiausias dekoracijas, \u201eHolten\u201c vitrina yra puikus pasirinkimas. \u201eHolten\u201c vitrina yra ne tik funkcionali, bet ir \u012fsp\u016bdinga. Tai baldas, kuris pritrauks d\u0117mes\u012f ir taps j\u016bs\u0173 svetain\u0117s traukos centru. Kuo ji tokia unikali? Funkcionalumas: apatin\u0117 spintel\u0117 yra puiki vieta laikyti b\u016btiniausius daiktus. Tai pad\u0117s j\u016bs\u0173 svetainei i\u0161likti tvarkingai ir kartu u\u017etikrins prieig\u0105 prie b\u016btiniausi\u0173 daikt\u0173. Vir\u0161utin\u0117je spintel\u0117s dalyje, u\u017e saugaus, gr\u016bdinto stiklo, galite eksponuoti m\u0117gstamas dekoracijas, kolekcijas ar net piet\u0173 serviz\u0105. Tai puiki vieta pademonstruoti daiktus, kuriais norite pasidalinti su pasauliu. \u201eHolten\u201c vitrina gali b\u016bti su energij\u0105 taupan\u010diu LED ap\u0161vietimu. \u0160i papildoma funkcija i\u0161ry\u0161kins vitrinos turin\u012f, tod\u0117l ji taps dar patrauklesn\u0117. LED ap\u0161vietimas sukurs maloni\u0105 atmosfer\u0105 ir pagyvins j\u016bs\u0173 ekspozicijas. \u201eHolten\u201c vitrinos spalv\u0173 gama yra ry\u0161ki ir eleganti\u0161ka. Korpusas padengtas matine balta spalva, suteikian\u010dia jam modern\u0173 ir minimalistin\u012f \u012fsp\u016bd\u012f. Tai kontrastuoja su blizgiai baltai lakuotais fasadais, suteikdama elegancijos ir rafinuotumo. Bendr\u0105 i\u0161vaizd\u0105 pertraukia ry\u0161kus \u201eWotan\u201c \u0105\u017euolo stalvir\u0161is su ry\u0161kia ra\u0161to linija. \u0160i detal\u0117 pabr\u0117\u017eia baldo charakter\u012f ir suteikia jam unikalumo. Verta pamin\u0117ti, kad d\u0117l skirting\u0173 med\u017eiag\u0173, naudojam\u0173 stalvir\u0161iui ir lentel\u0117ms, ra\u0161tas gali \u0161iek tiek skirtis. Tai suteikia baldui unikalumo ir daro j\u012f dar ypatingesn\u012f. Lyg\u016bs ir be ranken\u0117li\u0173 \u201eHolten\u201c vitrinos fasadai suteikia jai moderni\u0105 ir eleganti\u0161k\u0105 i\u0161vaizd\u0105. Tai taip pat prakti\u0161kas sprendimas, leid\u017eiantis patogiai ir be r\u016bpes\u010di\u0173 naudotis baldais. \u201eHolten\u201c kolekcija si\u016blo plat\u0173 element\u0173 pasirinkim\u0105, leid\u017eiant\u012f susikurti svajoni\u0173 svetain\u0117s dizain\u0105. \u201eHolten\u201c vitrina yra tik vienas i\u0161 daugelio variant\u0173, padedan\u010di\u0173 sukurti darni\u0105 ir stiling\u0105 erdv\u0119. Tod\u0117l verta apsvarstyti galimyb\u0119 j\u0105 derinti su kitais kolekcijos baldais, kad sukurtum\u0117te tobul\u0105 svetain\u0117s i\u0161vaizd\u0105. \u0160is baldas ne tik atlieka praktin\u0119 funkcij\u0105, bet ir suteikia interjerui charakterio bei elegancijos. \u201eHolten\u201c vitrina garantuoja, kad j\u016bs\u0173 m\u0117gstamiausios dekoracijos atrodys dar \u012fsp\u016bdingiau.<\/p>\n<p>Prek\u0117s kodas S440-REG1D1W-BI\/DWO\/BIP Simbolis ZM EAN Plotis 68 cm Gylis 42 cm Auk\u0161tis 203,5 cm Kolekcija Holten Spalva balta\/wotan \u0105\u017euolas\/blizgi balta Baltas gaubtas Stilius modernus Dureli\u0173 skai\u010dius 2 dur\u0173 Stal\u010di\u0173 skai\u010dius be stal\u010di\u0173 Rankena be ranken\u0117li\u0173 Ap\u0161vietimas pasirenkamas Gamintojas Juoda Raudona Balta Bald\u0173 tipas Lentynos ir vitrinos PVM mokestis 23% EAN 5906123952019<\/p>","protected":false},"excerpt":{"rendered":"<p>\u201eHolten\u201c vitrina \u2013 j\u016bs\u0173 naujas ekspozicijos akcentas. \u201eHolten\u201c kolekcija yra tikras modernaus dizaino pavyzdys, kur tvirti r\u0117mai, ry\u0161kios spalvos ir \u012fsp\u016bdingas stalvir\u0161is susilieja \u012f darni\u0105 visum\u0105. Jei ie\u0161kote baldo, kuris ne tik tarnaut\u0173 kaip daikt\u0173 laikymo vieta, bet ir efektyviai eksponuot\u0173 j\u016bs\u0173 m\u0117gstamiausias dekoracijas, [\u2026]<\/p>","protected":false},"featured_media":269507,"comment_status":"open","ping_status":"open","template":"","meta":[],"product_brand":[],"product_cat":[9200,2006],"product_tag":[],"class_list":{"0":"post-269506","1":"product","2":"type-product","3":"status-publish","4":"has-post-thumbnail","6":"product_cat-black-red-white","7":"product_cat-vitrines","9":"first","10":"instock","11":"purchasable","12":"product-type-simple"},"_links":{"self":[{"href":"https:\/\/baldumarket.lt\/lt\/wp-json\/wp\/v2\/product\/269506","targetHints":{"allow":["GET"]}}],"collection":[{"href":"https:\/\/baldumarket.lt\/lt\/wp-json\/wp\/v2\/product"}],"about":[{"href":"https:\/\/baldumarket.lt\/lt\/wp-json\/wp\/v2\/types\/product"}],"replies":[{"embeddable":true,"href":"https:\/\/baldumarket.lt\/lt\/wp-json\/wp\/v2\/comments?post=269506"}],"wp:featuredmedia":[{"embeddable":true,"href":"https:\/\/baldumarket.lt\/lt\/wp-json\/wp\/v2\/media\/269507"}],"wp:attachment":[{"href":"https:\/\/baldumarket.lt\/lt\/wp-json\/wp\/v2\/media?parent=269506"}],"wp:term":[{"taxonomy":"product_brand","embeddable":true,"href":"https:\/\/baldumarket.lt\/lt\/wp-json\/wp\/v2\/product_brand?post=269506"},{"taxonomy":"product_cat","embeddable":true,"href":"https:\/\/baldumarket.lt\/lt\/wp-json\/wp\/v2\/product_cat?post=269506"},{"taxonomy":"product_tag","embeddable":true,"href":"https:\/\/baldumarket.lt\/lt\/wp-json\/wp\/v2\/product_tag?post=269506"}],"curies":[{"name":"wp","href":"https:\/\/api.w.org\/{rel}","templated":true}]}}