{"id":269498,"date":"2026-01-14T01:10:05","date_gmt":"2026-01-13T22:10:05","guid":{"rendered":"https:\/\/baldumarket.lt\/product\/witryna-jednodrzwiowa-balin-68-cm-dab-monastery\/"},"modified":"2026-02-11T18:17:34","modified_gmt":"2026-02-11T15:17:34","slug":"witryna-jednodrzwiowa-balin-68-cm-dab-monastery","status":"publish","type":"product","link":"https:\/\/baldumarket.lt\/lt\/product\/witryna-jednodrzwiowa-balin-68-cm-dab-monastery\/","title":{"rendered":"BALIN vien\u0173 dur\u0173 vitrina, 68 cm, vienuolyno \u0105\u017euolas"},"content":{"rendered":"<p>\u201eBalin\u201c vitrina \u2013 vitrina su klasikiniu prisilietimu. \u201eBalin\u201c kolekcija \u2013 puikus pasirinkimas tiek modernaus dizaino m\u0117g\u0117jams, tiek tiems, kurie vertina klasikin\u012f interjero dizain\u0105. \u201eBalin\u201c vitrina sujungia galimyb\u0119 eksponuoti m\u0117gstamiausius daiktus ir laikyti svarbius dokumentus, sukurdama eleganti\u0161k\u0105 ir funkcionali\u0105 erdv\u0119 svetain\u0117je. \u201eBalin\u201c vitrina si\u016blo tobul\u0105 pusiausvyr\u0105 tarp eksponavimo ir laikymo. Pilnas fasadas slepia prakti\u0161kas lentynas, puikiai tinkan\u010dias dokumentams, knygoms ar kitiems svarbiems daiktams laikyti. Gr\u016bdinto stiklo fasadas suteikia eleganti\u0161k\u0105 erdv\u0119 papuo\u0161alams, kolekcijoms ar kitiems dekoratyviniams daiktams eksponuoti. \u0160i erdv\u0117 pabr\u0117\u0161 j\u016bs\u0173 asmenin\u0119 estetik\u0105 ir stili\u0173. Papildomas \u201eBalin\u201c vitrinos privalumas \u2013 standartinis LED ap\u0161vietimas. J\u012f galite \u012frengti po stiklin\u0117mis lentynomis, taip sukurdami subtili\u0105 ir unikali\u0105 svetain\u0117s atmosfer\u0105. Ap\u0161vietimas i\u0161ry\u0161kina eksponuojamus daiktus, suteikdamas papildomo spindesio. \u201eBalin\u201c vitrinos korpusas, apdailintas vienuolyno \u0105\u017euolu, dera su fasadais, pagamintais i\u0161 vientiso vienuolyno \u0105\u017euolo arba kontrastingo juodo \u0105\u017euolo atspalvio. \u0160is spalv\u0173 derinys suteikia vitrinai unikal\u0173 charakter\u012f ir elegancij\u0105. Ry\u0161kus \u201eBalin\u201c vitrinos korpusas yra i\u0161skirtinis dizaino elementas, suteikiantis ry\u0161k\u0173 fon\u0105 lygioms fasad\u0173 sienoms. \u0160is tekst\u016bros kontrastas suteikia vitrinai gylio ir stiliaus. \u0160velnaus u\u017edarymo vyriai yra dar viena savyb\u0117, u\u017etikrinanti patog\u0173 naudojim\u0105. Priekin\u0117s dalys u\u017esidaro \u0161velniai ir tyliai, tod\u0117l svetain\u0117je sukuriama rami atmosfera. \u012evair\u016bs \u201eBalin\u201c kolekcijos moduliai si\u016blo daugyb\u0119 dizaino variant\u0173 j\u016bs\u0173 stilingai svetainei. Vitrin\u0105 galite derinti su kitais elementais, tokiais kaip komodos, lentynos, televizoriaus staliukai ir daugeliu kit\u0173, sukurdami unikali\u0105 ir ergonomi\u0161k\u0105 erdv\u0119. Trumpai tariant, \u201eBalin\u201c vitrina yra ne tik daikt\u0173 laikymo vieta, bet ir eleganti\u0161ka vieta vertingiems daiktams ir dokumentams eksponuoti. D\u0117l savo funkcionalumo, dizaino ir unikali\u0173 spalv\u0173 \u012f savo svetain\u0119 \u012fne\u0161ite harmonijos, stiliaus ir klasikin\u0117s elegancijos. Rinkit\u0117s \u201eBalin\u201c vitrin\u0105, kad gal\u0117tum\u0117te m\u0117gautis gro\u017eiu ir funkcionalumu viename.<\/p>\n<p>Prek\u0117s kodas S365-REG1W-DMON Simbolis ZM EAN Plotis 68 cm Gylis 39,5 cm Auk\u0161tis 196,5 cm Kolekcija Balin Spalva vienuolyno \u0105\u017euolas Atspalvis tamsi mediena Stilius modernus Med\u017eiaga laminatas Dureli\u0173 skai\u010dius 1 dur\u0173 Stal\u010di\u0173 skai\u010dius be stal\u010di\u0173 Rankena su rankenomis Ap\u0161vietimas su ap\u0161vietimu Gamintojas Juoda Raudona Balta Bald\u0173 tipas Lentynos ir vitrinos PVM mokestis 23% EAN 5906123927635<\/p>","protected":false},"excerpt":{"rendered":"<p>Balin Display Cabinet \u2013 Display with a Classic TouchThe Balin collection is an excellent choice for both lovers of modern design and those who appreciate classic interior design. The Balin display cabinet combines the ability to display your favorite items and store important documents, creating an elegant and functional space in the living room. The [&hellip;]<\/p>","protected":false},"featured_media":269499,"comment_status":"open","ping_status":"open","template":"","meta":[],"product_brand":[],"product_cat":[9200,2006],"product_tag":[],"class_list":{"0":"post-269498","1":"product","2":"type-product","3":"status-publish","4":"has-post-thumbnail","6":"product_cat-black-red-white","7":"product_cat-vitrines","9":"first","10":"instock","11":"purchasable","12":"product-type-simple"},"_links":{"self":[{"href":"https:\/\/baldumarket.lt\/lt\/wp-json\/wp\/v2\/product\/269498","targetHints":{"allow":["GET"]}}],"collection":[{"href":"https:\/\/baldumarket.lt\/lt\/wp-json\/wp\/v2\/product"}],"about":[{"href":"https:\/\/baldumarket.lt\/lt\/wp-json\/wp\/v2\/types\/product"}],"replies":[{"embeddable":true,"href":"https:\/\/baldumarket.lt\/lt\/wp-json\/wp\/v2\/comments?post=269498"}],"wp:featuredmedia":[{"embeddable":true,"href":"https:\/\/baldumarket.lt\/lt\/wp-json\/wp\/v2\/media\/269499"}],"wp:attachment":[{"href":"https:\/\/baldumarket.lt\/lt\/wp-json\/wp\/v2\/media?parent=269498"}],"wp:term":[{"taxonomy":"product_brand","embeddable":true,"href":"https:\/\/baldumarket.lt\/lt\/wp-json\/wp\/v2\/product_brand?post=269498"},{"taxonomy":"product_cat","embeddable":true,"href":"https:\/\/baldumarket.lt\/lt\/wp-json\/wp\/v2\/product_cat?post=269498"},{"taxonomy":"product_tag","embeddable":true,"href":"https:\/\/baldumarket.lt\/lt\/wp-json\/wp\/v2\/product_tag?post=269498"}],"curies":[{"name":"wp","href":"https:\/\/api.w.org\/{rel}","templated":true}]}}