{"id":269490,"date":"2026-01-14T01:09:59","date_gmt":"2026-01-13T22:09:59","guid":{"rendered":"https:\/\/baldumarket.lt\/product\/witryna-dwudrzwiowa-ze-szklem-azteca-trio-90-cm-bialy-bialy-polysk\/"},"modified":"2026-02-11T18:17:34","modified_gmt":"2026-02-11T15:17:34","slug":"witryna-dwudrzwiowa-ze-szklem-azteca-trio-90-cm-bialy-bialy-polysk","status":"publish","type":"product","link":"https:\/\/baldumarket.lt\/lt\/product\/witryna-dwudrzwiowa-ze-szklem-azteca-trio-90-cm-bialy-bialy-polysk\/","title":{"rendered":"Dviej\u0173 dur\u0173 vitrina su stiklu AZTECA TRIO 90 cm balta\/balta blizgi"},"content":{"rendered":"<p>\u201eAzteca Trio\u201c vitrina \u2013 tobula vieta j\u016bs\u0173 kolekcijai. \u201eAzteca Trio\u201c kolekcija puikiai tinka tiems, kurie m\u0117gsta kolekcionuoti \u012fvairius daiktus arba vertina eleganti\u0161k\u0105 savo atminimo daikt\u0173 ir dekoracij\u0173 pateikim\u0105. \u201eAzteca Trio\u201c vitrina \u2013 tai baldas, kuris pateisins j\u016bs\u0173 l\u016bkes\u010dius, leisdamas jums eksponuoti ir laikyti savo mylimas kolekcijas. Jei nuo vaikyst\u0117s kolekcionuojate kolekcines fig\u016br\u0117les, turite gra\u017eius stalo \u012frankius ar vertingus \u0161eimos relikvijas, \u201eAzteca Trio\u201c vitrina yra puiki vieta jiems eksponuoti. \u0160iame skyriuje yra \u0161e\u0161ios lentynos, leid\u017eian\u010dios laikyti ir eksponuoti \u012fvairius daiktus. Tvirtas priekis apsaugo j\u016bs\u0173 kolekcijas nuo dulki\u0173 ir ne\u0161varum\u0173, i\u0161saugodamas j\u0173 original\u0173 blizges\u012f. Siekiant dar labiau pagerinti j\u016bs\u0173 daikt\u0173 ekspozicij\u0105, \u201eAzteca Trio\u201c vitrina turi energij\u0105 taupant\u012f LED ap\u0161vietim\u0105, sumontuot\u0105 po stiklin\u0117mis lentynomis. \u0160is ap\u0161vietimas suteikia j\u016bs\u0173 kolekcijoms unikal\u0173 \u0161vyt\u0117jim\u0105 ir paver\u010dia jas j\u016bs\u0173 interjero traukos centru. I\u0161skirtiniai suapvalinti fasad\u0173 kra\u0161tai suteikia \u201eAzteca Trio\u201c vitrinai moderni\u0105 ir eleganti\u0161k\u0105 i\u0161vaizd\u0105, kuri tinka \u012fvairiems interjero stiliams. Galima \u012fsigyti baltos \/ blizgios baltos spalvos, j\u0105 galima lengvai derinti su kitais dizaino elementais. Be to, \u0161is baldas turi dekoratyvin\u0119 juostel\u0119, kuri\u0105 galima pritaikyti pagal j\u016bs\u0173 skon\u012f. Galite rinktis i\u0161 trij\u0173 skirting\u0173 juosteli\u0173 spalv\u0173: blizgios baltos, blizgios juodos ir \u201ewenge magic\u201c \u0105\u017euolo. Tai puikus b\u016bdas suasmeninti vitrin\u0105 ir priderinti j\u0105 prie j\u016bs\u0173 interjero stiliaus. \u0160velnaus u\u017edarymo vyriai yra dar vienas \u0161ios vitrinos privalumas. Jie leid\u017eia tyliai atidaryti ir u\u017edaryti fasadus, o tai ypa\u010d svarbu, jei vertinate palaiming\u0105 tyl\u0105 savo interjere. \u201eAzteca Trio\u201c vitrin\u0105 galite laisvai derinti su kitais kolekcijos elementais, sukurdami ergonomi\u0161kiausi\u0105 erdv\u0119 savo namuose. \u0160is baldas derina daikt\u0173 laikymo funkcionalum\u0105 su elegancija ir stiliumi, leisdamas jums sukurti unikal\u0173 interjero dizain\u0105, atspindint\u012f j\u016bs\u0173 aistr\u0105 ir individual\u0173 skon\u012f. Be to, kiekvienas \u201eAzteca Trio\u201c kolekcijos baldas turi dvi dekoratyvines juosteles: vien\u0105 dvipus\u0119 (blizgi balta \/ blizgi juoda) ir vien\u0105 vienpus\u0119 (wenge magic). Tai puikus baldo papildymas, leid\u017eiantis j\u012f dar labiau suasmeninti ir pritaikyti prie savo poreiki\u0173. Trumpai tariant, \u201eAzteca Trio\u201c vitrina yra ne tik funkcionalus daikt\u0173 laikymo sprendimas, bet ir eleganti\u0161kas dekoratyvinis elementas, pabr\u0117\u017eiantis j\u016bs\u0173 kolekcij\u0173 unikalum\u0105. D\u0117l modernaus dizaino, LED ap\u0161vietimo ir pritaikymo galimybi\u0173 tai puikus pasirinkimas tiems, kurie vertina elegancij\u0105 ir stili\u0173 savo interjere. \u0160is baldas derina funkcionalum\u0105 ir estetik\u0105, sukurdamas unikalius namus j\u016bs\u0173 mylimiems daiktams.<\/p>\n<p>Prek\u0117s kodas S504-REG1W1D\/19\/9-BI\/BIP Simbolis ZM EAN Plotis 90 cm Gylis 41 cm Auk\u0161tis 193 cm Kolekcija Azteca Trio Spalva balta\/blizgi balta Gaubtas baltas Stilius modernus Dureli\u0173 skai\u010dius 2 dur\u0173 Stal\u010di\u0173 skai\u010dius be stal\u010di\u0173 Rankena be ranken\u0117li\u0173 Ap\u0161vietimas su ap\u0161vietimu Gamintojas Juoda Raudona Balta Baldo tipas Lentynos ir vitrinos PVM 23% EAN 5906123714662<\/p>","protected":false},"excerpt":{"rendered":"<p>The Azteca Trio Display Cabinet \u2013 the Perfect Space for Your CollectionThe Azteca Trio collection is perfect for those who love collecting various items or appreciate the elegant presentation of their memorabilia and decorations. The Azteca Trio Display Cabinet is a piece of furniture that will meet your expectations, allowing you to display and store [&hellip;]<\/p>","protected":false},"featured_media":269491,"comment_status":"open","ping_status":"open","template":"","meta":[],"product_brand":[],"product_cat":[9200,2006],"product_tag":[],"class_list":{"0":"post-269490","1":"product","2":"type-product","3":"status-publish","4":"has-post-thumbnail","6":"product_cat-black-red-white","7":"product_cat-vitrines","9":"first","10":"instock","11":"purchasable","12":"product-type-simple"},"_links":{"self":[{"href":"https:\/\/baldumarket.lt\/lt\/wp-json\/wp\/v2\/product\/269490","targetHints":{"allow":["GET"]}}],"collection":[{"href":"https:\/\/baldumarket.lt\/lt\/wp-json\/wp\/v2\/product"}],"about":[{"href":"https:\/\/baldumarket.lt\/lt\/wp-json\/wp\/v2\/types\/product"}],"replies":[{"embeddable":true,"href":"https:\/\/baldumarket.lt\/lt\/wp-json\/wp\/v2\/comments?post=269490"}],"wp:featuredmedia":[{"embeddable":true,"href":"https:\/\/baldumarket.lt\/lt\/wp-json\/wp\/v2\/media\/269491"}],"wp:attachment":[{"href":"https:\/\/baldumarket.lt\/lt\/wp-json\/wp\/v2\/media?parent=269490"}],"wp:term":[{"taxonomy":"product_brand","embeddable":true,"href":"https:\/\/baldumarket.lt\/lt\/wp-json\/wp\/v2\/product_brand?post=269490"},{"taxonomy":"product_cat","embeddable":true,"href":"https:\/\/baldumarket.lt\/lt\/wp-json\/wp\/v2\/product_cat?post=269490"},{"taxonomy":"product_tag","embeddable":true,"href":"https:\/\/baldumarket.lt\/lt\/wp-json\/wp\/v2\/product_tag?post=269490"}],"curies":[{"name":"wp","href":"https:\/\/api.w.org\/{rel}","templated":true}]}}