{"id":269474,"date":"2026-01-14T01:09:47","date_gmt":"2026-01-13T22:09:47","guid":{"rendered":"https:\/\/baldumarket.lt\/product\/witryna-dwudrzwiowa-z-dwoma-szufladami-space-office-80-cm-dab-artisan-czarny-matowy\/"},"modified":"2026-02-11T18:17:34","modified_gmt":"2026-02-11T15:17:34","slug":"witryna-dwudrzwiowa-z-dwoma-szufladami-space-office-80-cm-dab-artisan-czarny-matowy","status":"publish","type":"product","link":"https:\/\/baldumarket.lt\/lt\/product\/witryna-dwudrzwiowa-z-dwoma-szufladami-space-office-80-cm-dab-artisan-czarny-matowy\/","title":{"rendered":"SPACE OFFICE dviej\u0173 dur\u0173 vitrina su dviem stal\u010diais, 80 cm, meni\u0161ko \u0105\u017euolo spalvos\/matin\u0117s juodos spalvos"},"content":{"rendered":"<p>\u201eSpace Office\u201c lentyna \u2013 j\u016bs\u0173 dizainas, j\u016bs\u0173 konfig\u016bracija. \u201eSpace Office\u201c lentyna yra ne tik biuro baldas; ji leid\u017eia jums susikurti bald\u0105 pagal savo vaizduot\u0119. Tur\u0117dami unikalias priekin\u0117s dalies konfig\u016bracijos parinktis, \u0161i\u0105 lentyn\u0173 sistem\u0105 galite pritaikyti pagal savo individualius poreikius ir estetinius pageidavimus. Su\u017einokite, kaip \u201eSpace Office\u201c lentyna suteikia jums visi\u0161k\u0105 savo biuro erdv\u0117s dizaino kontrol\u0119! Nemokama priekin\u0117s dalies konfig\u016bracija:<br \/>\nPagrindinis \u201eSpace Office Shelf\u201c lentynos privalumas \u2013 galimyb\u0117 laisvai konfig\u016bruoti jos fasadus. J\u016bs sprend\u017eiate, ar geriausias pasirinkimas \u2013 klasikiniai fasadai, ar gr\u016bdinto stiklo durel\u0117s. J\u016bs\u0173 k\u016brybi\u0161kumas tampa pagrindiniu biuro erdv\u0117s dizaino elementu. Lentyn\u0173 blokas si\u016blo ne tik lanks\u010dias fasad\u0173 konfig\u016bracijas, bet ir prakti\u0161kus sprendimus. Du plok\u0161ti stal\u010diai puikiai tinka dokumentams ir biuro reikmenims laikyti, o u\u017erakinama spintel\u0117 apsaugo daiktus, kuri\u0173 nenorite rodyti. Stiklin\u0117 spintel\u0117 leid\u017eia greitai per\u017ei\u016br\u0117ti turin\u012f, tod\u0117l organizavimas tampa lengvesnis. \u201eSpace Office Shelf\u201c lentynoje estetika dera su funkcionalumu. R\u0117mas ir fasadai pagaminti i\u0161 \u012fbr\u0117\u017eimams atsparaus laminato, u\u017etikrinan\u010dio patvarum\u0105 net ir esant dideliam naudojimui. Gr\u016bdinto stiklo durel\u0117s, \u012fr\u0117mintos aliuminiu, suteikia elegancijos ir modernumo. \u201eArtisan Oak\u201c spalva yra ne tik neutrali, bet ir nat\u016brali tekst\u016bra, suteikianti lentynai charakterio. Tai idealus pasirinkimas modernioms biuro erdv\u0117ms, ypa\u010d toms, kurios yra pramoninio ar skandinavi\u0161ko stiliaus. \u201eSpace Office Shelf\u201c yra ne tik daikt\u0173 laikymo \u012frenginys; tai dizainas, atitinkantis j\u016bs\u0173 idealios biuro erdv\u0117s vizij\u0105. D\u0117l konfig\u016bruojam\u0173 fasad\u0173 ir prakti\u0161k\u0173 sprendim\u0173, pagamint\u0173 i\u0161 auk\u0161tos kokyb\u0117s med\u017eiag\u0173, \u0161i lentyna tampa ne tik funkcionaliu elementu, bet ir j\u016bs\u0173 individualaus stiliaus i\u0161rai\u0161ka. Atraskite k\u016brybi\u0161kum\u0105 tvarkydami savo erdv\u0119 su \u201eSpace Office\u201c lentyna!<\/p>\n<p>Prek\u0117s kodas S479-REG2D2W2S\/200-DASN\/CAM Simbolis ZM EAN Plotis 80 cm Gylis 37,5 cm Auk\u0161tis 202,5 cm Kolekcija Erdv\u0117 Biuras Spalva meni\u0161kas \u0105\u017euolas\/matin\u0117 juoda Gaubtas \u0161viesus medis Stilius modernus Med\u017eiaga laminatas Dureli\u0173 skai\u010dius 4 dur\u0173 Stal\u010di\u0173 skai\u010dius 2 stal\u010diai Rankena su rankenomis Gamintojas Juoda Raudona Balta Bald\u0173 tipas Lentynos ir vitrinos PVM mokestis 23% EAN 5906123707787<\/p>","protected":false},"excerpt":{"rendered":"<p>Space Office Shelf &#8211; Your Design, Your Configuration. The Space Office Shelf isn&#8217;t just office furniture; it allows you to create a piece of furniture according to your own imagination. With unique front configuration options, this shelving unit allows you to customize it to your individual needs and aesthetic preferences. Discover how the Space Office [&hellip;]<\/p>","protected":false},"featured_media":269475,"comment_status":"open","ping_status":"open","template":"","meta":[],"product_brand":[],"product_cat":[9200,2006],"product_tag":[],"class_list":{"0":"post-269474","1":"product","2":"type-product","3":"status-publish","4":"has-post-thumbnail","6":"product_cat-black-red-white","7":"product_cat-vitrines","9":"first","10":"instock","11":"purchasable","12":"product-type-simple"},"_links":{"self":[{"href":"https:\/\/baldumarket.lt\/lt\/wp-json\/wp\/v2\/product\/269474","targetHints":{"allow":["GET"]}}],"collection":[{"href":"https:\/\/baldumarket.lt\/lt\/wp-json\/wp\/v2\/product"}],"about":[{"href":"https:\/\/baldumarket.lt\/lt\/wp-json\/wp\/v2\/types\/product"}],"replies":[{"embeddable":true,"href":"https:\/\/baldumarket.lt\/lt\/wp-json\/wp\/v2\/comments?post=269474"}],"wp:featuredmedia":[{"embeddable":true,"href":"https:\/\/baldumarket.lt\/lt\/wp-json\/wp\/v2\/media\/269475"}],"wp:attachment":[{"href":"https:\/\/baldumarket.lt\/lt\/wp-json\/wp\/v2\/media?parent=269474"}],"wp:term":[{"taxonomy":"product_brand","embeddable":true,"href":"https:\/\/baldumarket.lt\/lt\/wp-json\/wp\/v2\/product_brand?post=269474"},{"taxonomy":"product_cat","embeddable":true,"href":"https:\/\/baldumarket.lt\/lt\/wp-json\/wp\/v2\/product_cat?post=269474"},{"taxonomy":"product_tag","embeddable":true,"href":"https:\/\/baldumarket.lt\/lt\/wp-json\/wp\/v2\/product_tag?post=269474"}],"curies":[{"name":"wp","href":"https:\/\/api.w.org\/{rel}","templated":true}]}}