{"id":269466,"date":"2026-01-14T01:09:40","date_gmt":"2026-01-13T22:09:40","guid":{"rendered":"https:\/\/baldumarket.lt\/product\/witryna-dwudrzwiowa-z-dwoma-szufladami-kent-110-cm-kasztan\/"},"modified":"2026-02-11T18:17:34","modified_gmt":"2026-02-11T15:17:34","slug":"witryna-dwudrzwiowa-z-dwoma-szufladami-kent-110-cm-kasztan","status":"publish","type":"product","link":"https:\/\/baldumarket.lt\/lt\/product\/witryna-dwudrzwiowa-z-dwoma-szufladami-kent-110-cm-kasztan\/","title":{"rendered":"Dviej\u0173 dur\u0173 vitrina su dviem stal\u010diais KENT 110 cm ka\u0161tonin\u0117"},"content":{"rendered":"<p>\u201eKent\u201c vitrina \u2013 j\u016bs\u0173 interjeras, j\u016bs\u0173 pom\u0117giai. Pagrindiniai klasikin\u0117s \u201eKent\u201c modulin\u0117s kolekcijos bruo\u017eai \u2013 eleganti\u0161ka i\u0161vaizda ir nesenstantis gro\u017eis. \u201eKent\u201c vitrina \u2013 tai erdvus ir prakti\u0161kas \u012frenginys, leid\u017eiantis i\u0161reik\u0161ti savo pom\u0117gius ir susikurti interjer\u0105 pagal savo skon\u012f. \u201eKent\u201c vitrina si\u016blo daug vietos daiktams susid\u0117ti ir eksponuoti. U\u017e stiklini\u0173 fasad\u0173 rasite tris pla\u010dias lentynas, puikiai tinkan\u010dias m\u0117gstamoms dekoracijoms ar knyg\u0173 kolekcijoms eksponuoti. Be to, du erdv\u016bs stal\u010diai, esantys spintel\u0117s apa\u010dioje, leid\u017eia lengvai palaikyti tvark\u0105 ir laikyti \u012fvairius daiktus.<br \/>\n\u2013 Gr\u016bdinto stiklo priekin\u0117 dalis u\u017etikrina saugum\u0105 kasdienio naudojimo metu ir apsaugo turin\u012f nuo dulki\u0173 bei ne\u0161varum\u0173.<br \/>\n\u2013 \u201eKent\u201c kolekcijoje naudojama fanera puikiai perteikia nat\u016bralios medienos charakter\u012f ir tekst\u016br\u0105, o \u0161ilta ka\u0161tonin\u0117 spalva suteikia spintelei jaukumo.<br \/>\n\u2013 Prabangios, brangakmenius primenan\u010dios rankenos ir rai\u017eyti apdailos elementai suteikia vitrinai unikali\u0105, ak\u012f traukian\u010di\u0105 i\u0161vaizd\u0105.<br \/>\n\u2013 Firminiai vyriai u\u017etikrina skland\u0173 fasad\u0173 veikim\u0105 ir leid\u017eia tiksliai reguliuoti. D\u0117l \u012fvairi\u0173 dyd\u017ei\u0173 ir atskir\u0173 \u201eKent\u201c kolekcijos element\u0173 galite susikurti stiling\u0105 svetain\u0119, miegam\u0105j\u012f, valgom\u0105j\u012f, biur\u0105 ar net prie\u0161kambar\u012f pagal savo pom\u0117gius ir pageidavimus. \u201eKent\u201c vitrina leid\u017eia i\u0161reik\u0161ti savo asmenyb\u0119 interjero dizaine.<\/p>\n<p>Prek\u0117s kodas S10-EWIT2D2S-KA Simbolis ZM EAN Plotis 110 cm Gylis 43 cm Auk\u0161tis 204,5 cm Kolekcija Kent Spalva ka\u0161tonin\u0117 Atspalvis tamsi mediena Stilius klasikinis Med\u017eiaga laminatas Dureli\u0173 skai\u010dius 2 dur\u0173 Stal\u010di\u0173 skai\u010dius 2 stal\u010diai Rankena su rankenomis Gamintojas Juoda Raudona Balta Bald\u0173 tipas Lentynos ir vitrinos PVM mokestis 23% EAN 5906123882415<\/p>","protected":false},"excerpt":{"rendered":"<p>Kent Display Cabinet \u2013 Your Interior, Your Interests. The key features of the classic Kent modular collection are its elegant appearance and timeless beauty. The Kent display cabinet is a spacious and practical unit, allowing you to express your interests and style your interior according to your own taste. The Kent display cabinet offers ample [&hellip;]<\/p>","protected":false},"featured_media":269467,"comment_status":"open","ping_status":"open","template":"","meta":[],"product_brand":[],"product_cat":[9200,2006],"product_tag":[],"class_list":{"0":"post-269466","1":"product","2":"type-product","3":"status-publish","4":"has-post-thumbnail","6":"product_cat-black-red-white","7":"product_cat-vitrines","9":"first","10":"instock","11":"purchasable","12":"product-type-simple"},"_links":{"self":[{"href":"https:\/\/baldumarket.lt\/lt\/wp-json\/wp\/v2\/product\/269466","targetHints":{"allow":["GET"]}}],"collection":[{"href":"https:\/\/baldumarket.lt\/lt\/wp-json\/wp\/v2\/product"}],"about":[{"href":"https:\/\/baldumarket.lt\/lt\/wp-json\/wp\/v2\/types\/product"}],"replies":[{"embeddable":true,"href":"https:\/\/baldumarket.lt\/lt\/wp-json\/wp\/v2\/comments?post=269466"}],"wp:featuredmedia":[{"embeddable":true,"href":"https:\/\/baldumarket.lt\/lt\/wp-json\/wp\/v2\/media\/269467"}],"wp:attachment":[{"href":"https:\/\/baldumarket.lt\/lt\/wp-json\/wp\/v2\/media?parent=269466"}],"wp:term":[{"taxonomy":"product_brand","embeddable":true,"href":"https:\/\/baldumarket.lt\/lt\/wp-json\/wp\/v2\/product_brand?post=269466"},{"taxonomy":"product_cat","embeddable":true,"href":"https:\/\/baldumarket.lt\/lt\/wp-json\/wp\/v2\/product_cat?post=269466"},{"taxonomy":"product_tag","embeddable":true,"href":"https:\/\/baldumarket.lt\/lt\/wp-json\/wp\/v2\/product_tag?post=269466"}],"curies":[{"name":"wp","href":"https:\/\/api.w.org\/{rel}","templated":true}]}}