{"id":269458,"date":"2026-01-14T01:09:34","date_gmt":"2026-01-13T22:09:34","guid":{"rendered":"https:\/\/baldumarket.lt\/product\/witryna-dwudrzwiowa-z-dwoma-szufladami-kaspian-90-cm-kaszmir\/"},"modified":"2026-02-11T18:17:35","modified_gmt":"2026-02-11T15:17:35","slug":"witryna-dwudrzwiowa-z-dwoma-szufladami-kaspian-90-cm-kaszmir","status":"publish","type":"product","link":"https:\/\/baldumarket.lt\/lt\/product\/witryna-dwudrzwiowa-z-dwoma-szufladami-kaspian-90-cm-kaszmir\/","title":{"rendered":"Dviej\u0173 dur\u0173 vitrina su dviem stal\u010diais KASPIAN 90 cm ka\u0161myro spalvos"},"content":{"rendered":"<p>\u201eKaspian 90\u201c ka\u0161myro vitrina \u2013 stilinga ir erdvi ekspozicija. \u201eKaspian\u201c ka\u0161myro vitrina yra eleganti\u0161kas ir funkcionalus baldas, puikiai papildantis modern\u0173 interjero dizain\u0105. \u201eKaspian\u201c sistema derina paprastas formas su prakti\u0161kais sprendimais ir detal\u0117mis, \u012fkv\u0117ptomis ekologinio dizaino, sukurdama darni\u0105 ir nesenstan\u010di\u0105 visum\u0105. D\u0117l prislopint\u0173 spalv\u0173 spintel\u0117 puikiai tiks tiek svetain\u0117je, tiek valgomajame. Patogumas ir funkcionalumas. Spintel\u0117s vidus sukurtas esteti\u0161kam eksponavimui ir patogiam laikymui. Keturios prakti\u0161kos lentynos leid\u017eia eksponuoti dekoratyvinius daiktus, stiklo dirbinius ar porcelian\u0105, o du stal\u010diai apatin\u0117je dalyje leid\u017eia laikyti asmeninius daiktus ir palaikyti tvark\u0105. Auk\u0161tos kokyb\u0117s vyriai su trima\u010diu reguliavimu u\u017etikrina skland\u0173 fasad\u0173 veikim\u0105 ir tiksl\u0173 prigludim\u0105. Dizainas ir spalvos. Modern\u0173 spintel\u0117s charakter\u012f pabr\u0117\u017eia glaz\u016bruoti, be ranken\u0117li\u0173 fasadai, kurie suteikia spintelei lengv\u0105 ir eleganti\u0161k\u0105 i\u0161vaizd\u0105. Gr\u016bdinto stiklo fasadai padidina saugum\u0105 \u2013 sudu\u017eus stiklas subyra \u012f \u0161ukes su bukais kra\u0161tais. Ka\u0161myro spalvos fanera suteikia interjerui \u0161ilumos ir harmoningai dera su kitais \u201eKaspian\u201c kolekcijos elementais. Specialyb\u0117s: stilinga vitrina su stiklu, fasadai be ranken\u0117li\u0173, keturios lentynos dekoracijoms ir stalo \u012frankiams eksponuoti, du prakti\u0161ki stal\u010diai apatin\u0117je spintel\u0117s dalyje, fasadai pagaminti i\u0161 gr\u016bdinto stiklo, auk\u0161tos kokyb\u0117s vyriai su trima\u010diu reguliavimu, stabili konstrukcija su moderniu charakteriu, pagaminta i\u0161 ka\u0161myro spalvos laminuotos plok\u0161t\u0117s, matmenys: 90 x 40,5 x 200,5 cm, galima derinti su kitais \u201eKaspian\u201c kolekcijos elementais. Santrauka: \u201eKaspian Cashmere\u201c vitrina sujungia eleganti\u0161k\u0105 ekspozicij\u0105 ir prakti\u0161k\u0105 daikt\u0173 laikym\u0105. Gerai apgalvotas lentyn\u0173 ir stal\u010di\u0173 i\u0161d\u0117stymas, gr\u016bdintas stiklas ir modernus dizainas daro \u0161\u012f bald\u0105 puikiu svetain\u0117s ar valgomojo interjero papildymu. Tai puikus pasirinkimas tiems, kurie nori sukurti darn\u0173 ir funkcional\u0173 interjer\u0105, naudodami \u201eKaspian\u201c kolekcij\u0105.<\/p>\n<p>Prek\u0117s kodas S128-REG2W2S-UKA Plotis 90 cm Gylis 40,5 cm Auk\u0161tis 200,5 cm Kolekcija Kaspian Spalva ka\u0161myro Atspalvis sm\u0117lio Stilius modernus Med\u017eiaga laminatas Dureli\u0173 skai\u010dius 2 dur\u0173 Stal\u010di\u0173 skai\u010dius 2 stal\u010diai Rankena be ranken\u0117li\u0173 Ap\u0161vietimas pasirinktinai Gamintojas Juoda Raudona Balta Bald\u0173 tipas Lentynos ir vitrinos PVM 23% EAN 5906123128889<\/p>","protected":false},"excerpt":{"rendered":"<p>\u201eKaspian 90\u201c ka\u0161myro vitrina \u2013 stilinga ir erdvi ekspozicija. \u201eKaspian\u201c ka\u0161myro vitrina yra eleganti\u0161kas ir funkcionalus baldas, puikiai papildantis modern\u0173 interjero dizain\u0105. \u201eKaspian\u201c sistema derina paprastas formas su prakti\u0161kais sprendimais ir detal\u0117mis, \u012fkv\u0117ptomis ekologi\u0161ko dizaino, sukurdama darni\u0105 ir nesenstan\u010di\u0105 visum\u0105. D\u0117l prislopint\u0173 spalv\u0173 [\u2026]<\/p>","protected":false},"featured_media":269459,"comment_status":"open","ping_status":"open","template":"","meta":[],"product_brand":[],"product_cat":[9200,2006],"product_tag":[],"class_list":{"0":"post-269458","1":"product","2":"type-product","3":"status-publish","4":"has-post-thumbnail","6":"product_cat-black-red-white","7":"product_cat-vitrines","9":"first","10":"instock","11":"purchasable","12":"product-type-simple"},"_links":{"self":[{"href":"https:\/\/baldumarket.lt\/lt\/wp-json\/wp\/v2\/product\/269458","targetHints":{"allow":["GET"]}}],"collection":[{"href":"https:\/\/baldumarket.lt\/lt\/wp-json\/wp\/v2\/product"}],"about":[{"href":"https:\/\/baldumarket.lt\/lt\/wp-json\/wp\/v2\/types\/product"}],"replies":[{"embeddable":true,"href":"https:\/\/baldumarket.lt\/lt\/wp-json\/wp\/v2\/comments?post=269458"}],"wp:featuredmedia":[{"embeddable":true,"href":"https:\/\/baldumarket.lt\/lt\/wp-json\/wp\/v2\/media\/269459"}],"wp:attachment":[{"href":"https:\/\/baldumarket.lt\/lt\/wp-json\/wp\/v2\/media?parent=269458"}],"wp:term":[{"taxonomy":"product_brand","embeddable":true,"href":"https:\/\/baldumarket.lt\/lt\/wp-json\/wp\/v2\/product_brand?post=269458"},{"taxonomy":"product_cat","embeddable":true,"href":"https:\/\/baldumarket.lt\/lt\/wp-json\/wp\/v2\/product_cat?post=269458"},{"taxonomy":"product_tag","embeddable":true,"href":"https:\/\/baldumarket.lt\/lt\/wp-json\/wp\/v2\/product_tag?post=269458"}],"curies":[{"name":"wp","href":"https:\/\/api.w.org\/{rel}","templated":true}]}}