{"id":269454,"date":"2026-01-14T01:09:30","date_gmt":"2026-01-13T22:09:30","guid":{"rendered":"https:\/\/baldumarket.lt\/product\/witryna-dwudrzwiowa-z-dwoma-szufladami-kaspian-90-cm-dab-sonoma-dab-sonoma\/"},"modified":"2026-02-11T18:17:35","modified_gmt":"2026-02-11T15:17:35","slug":"witryna-dwudrzwiowa-z-dwoma-szufladami-kaspian-90-cm-dab-sonoma-dab-sonoma","status":"publish","type":"product","link":"https:\/\/baldumarket.lt\/lt\/product\/witryna-dwudrzwiowa-z-dwoma-szufladami-kaspian-90-cm-dab-sonoma-dab-sonoma\/","title":{"rendered":"Dvidur\u0117 vitrina su dviem stal\u010diais KASPIAN, 90 cm, Sonoma \u0105\u017euolas\/Sonoma \u0105\u017euolas"},"content":{"rendered":"<p>\u201eKaspian\u201c vitrina \u2013 estetikos ir funkcionalumo derinys. \u201eKaspian\u201c sistema yra puikus pavyzdys, kaip modernumas gali der\u0117ti su funkcionalumu, kartu \u012ftraukiant ir ekologi\u0161k\u0105 stili\u0173 primenan\u010dius elementus. \u201eKaspian\u201c vitrina yra vienas i\u0161 t\u0173 element\u0173, kuris ne tik papuo\u0161 j\u016bs\u0173 interjer\u0105, bet ir pasir\u016bpins praktiniais erdv\u0117s organizavimo aspektais.<br \/>\nStikliniai \u201eKaspian\u201c vitrinos fasadai be ranken\u0117li\u0173 garantuoja modern\u0173 vaizd\u0105. \u0160is sprendimas yra ne tik madinga tendencija, bet ir eleganti\u0161kas bei minimalistinis po\u017ei\u016bris \u012f interjero dizain\u0105. Stikliniai fasadai leid\u017eia subtiliai demonstruoti vitrinos turin\u012f, suteikdami jai \u017eavesio.<br \/>\nAuk\u0161tos kokyb\u0117s vyriai, leid\u017eiantys trima\u010diu b\u016bdu reguliuoti fasadus, yra savyb\u0117, pagerinanti bald\u0173 kokyb\u0119. Tai leid\u017eia tiksliai pritaikyti vitrinos fasadus pagal savo poreikius, o tai itin svarbu, ypa\u010d kai r\u016bpinat\u0117s interjero vizualine harmonija.<br \/>\n\u201eKaspian\u201c vitrina turi keturias prakti\u0161kas lentynas, kurios puikiai tinka eksponuoti dekoratyvinius daiktus, knygas ar kitus daiktus. Be to, du stal\u010diai apatin\u0117je spintel\u0117s dalyje leid\u017eia laikyti asmeninius daiktus ar dokumentus. Tai baldas, kuris ne tik gra\u017eiai atrodo i\u0161or\u0117je, bet ir yra funkcionalus viduje.<br \/>\nSpinteli\u0173 fasadai pagaminti i\u0161 gr\u016bdinto stiklo, u\u017etikrinan\u010dio ne tik estetik\u0105, bet ir saugum\u0105. D\u016b\u017eio atveju stiklo gabal\u0117liai turi bukus kra\u0161tus, tod\u0117l \u017eymiai suma\u017e\u0117ja traum\u0173 rizika. Tai svarbu, ypa\u010d namuose, kuriuose yra ma\u017e\u0173 vaik\u0173.<br \/>\nTiems, kurie vertina nepriklausomyb\u0119 ir nori surinkti spintel\u0119 be profesionalo pagalbos, si\u016blomas mokomasis vaizdo \u012fra\u0161as, kuriame \u017eingsnis po \u017eingsnio pateikiami surinkimo proceso apra\u0161ymai. \u0160is sprendimas supaprastina ir pagreitina vis\u0105 proces\u0105, leisdamas greitai ir be r\u016bpes\u010di\u0173 m\u0117gautis \u201eKaspian\u201c spintele. Trumpai tariant, \u201eKaspian\u201c spintel\u0117 yra ne tik baldas; tai interjero dizaino elementas, kuriame dera estetika, modernumas ir funkcionalumas. Ji gali rasti savo viet\u0105 tiek svetain\u0117je, tiek valgomajame, puikiai papildydama interjer\u0105, dekoruot\u0105 \u201eKaspian\u201c kolekcijos baldais. \u0160is baldas ne tik papuo\u0161 j\u016bs\u0173 interjer\u0105, bet ir palengvins erdv\u0117s organizavim\u0105 bei daikt\u0173 saugojim\u0105. D\u0117l savo savybi\u0173 \u201eKaspian\u201c vitrina neabejotinai patiks daugeliui modernaus ir funkcionalaus dizaino m\u0117g\u0117j\u0173.<\/p>\n<p>Prek\u0117s kodas S128-REG2W2S-DSO\/DSO Simbolis ZM EAN Plotis 90 cm Gylis 40,5 cm Auk\u0161tis 200,5 cm Kolekcija Kaspian Spalva sonoma \u0105\u017euolas Gaubtas \u0161viesios medienos Stilius modernus Dureli\u0173 skai\u010dius 2 dur\u0173 Stal\u010di\u0173 skai\u010dius 2 stal\u010diai Rankena be ranken\u0117li\u0173 Ap\u0161vietimas pasirenkamas Gamintojas Juoda Raudona Balta Bald\u0173 tipas Lentynos ir vitrinos PVM 23% EAN 5906123884334<\/p>","protected":false},"excerpt":{"rendered":"<p>The Kaspian Display Cabinet \u2013 A Combination of Aesthetics and Functionality. The Kaspian system is a perfect example of how modernity can go hand in hand with functionality, while also incorporating elements reminiscent of an eco-friendly style. The Kaspian display cabinet is one of those elements that will not only decorate your interior but also [&hellip;]<\/p>","protected":false},"featured_media":269455,"comment_status":"open","ping_status":"open","template":"","meta":[],"product_brand":[],"product_cat":[9200,2006],"product_tag":[],"class_list":{"0":"post-269454","1":"product","2":"type-product","3":"status-publish","4":"has-post-thumbnail","6":"product_cat-black-red-white","7":"product_cat-vitrines","9":"first","10":"instock","11":"purchasable","12":"product-type-simple"},"_links":{"self":[{"href":"https:\/\/baldumarket.lt\/lt\/wp-json\/wp\/v2\/product\/269454","targetHints":{"allow":["GET"]}}],"collection":[{"href":"https:\/\/baldumarket.lt\/lt\/wp-json\/wp\/v2\/product"}],"about":[{"href":"https:\/\/baldumarket.lt\/lt\/wp-json\/wp\/v2\/types\/product"}],"replies":[{"embeddable":true,"href":"https:\/\/baldumarket.lt\/lt\/wp-json\/wp\/v2\/comments?post=269454"}],"wp:featuredmedia":[{"embeddable":true,"href":"https:\/\/baldumarket.lt\/lt\/wp-json\/wp\/v2\/media\/269455"}],"wp:attachment":[{"href":"https:\/\/baldumarket.lt\/lt\/wp-json\/wp\/v2\/media?parent=269454"}],"wp:term":[{"taxonomy":"product_brand","embeddable":true,"href":"https:\/\/baldumarket.lt\/lt\/wp-json\/wp\/v2\/product_brand?post=269454"},{"taxonomy":"product_cat","embeddable":true,"href":"https:\/\/baldumarket.lt\/lt\/wp-json\/wp\/v2\/product_cat?post=269454"},{"taxonomy":"product_tag","embeddable":true,"href":"https:\/\/baldumarket.lt\/lt\/wp-json\/wp\/v2\/product_tag?post=269454"}],"curies":[{"name":"wp","href":"https:\/\/api.w.org\/{rel}","templated":true}]}}