{"id":269446,"date":"2026-01-14T01:09:23","date_gmt":"2026-01-13T22:09:23","guid":{"rendered":"https:\/\/baldumarket.lt\/product\/witryna-dwudrzwiowa-z-dwoma-szufladami-bergen-102-cm-modrzew-sibiu-zloty\/"},"modified":"2026-02-11T18:17:35","modified_gmt":"2026-02-11T15:17:35","slug":"witryna-dwudrzwiowa-z-dwoma-szufladami-bergen-102-cm-modrzew-sibiu-zloty","status":"publish","type":"product","link":"https:\/\/baldumarket.lt\/lt\/product\/witryna-dwudrzwiowa-z-dwoma-szufladami-bergen-102-cm-modrzew-sibiu-zloty\/","title":{"rendered":"BERGEN dviej\u0173 dur\u0173 vitrina su dviem stal\u010diais, 102 cm, auksin\u0117 Sibiu maumed\u017eio spalva"},"content":{"rendered":"<p>Bergen vitrina \u2013 funkcionalumas ir elegancija viename. Bergen kolekcija \u2013 tai unikalus geometrini\u0173 form\u0173, subtili\u0173 detali\u0173 ir prislopint\u0173 spalv\u0173 derinys, sukuriantis klasikin\u012f ir eleganti\u0161k\u0105 interjer\u0105. Jei ie\u0161kote tobulo baldo savo svetainei, Bergen vitrina gali pateisinti j\u016bs\u0173 l\u016bkes\u010dius. \u0160is funkcionalus baldas leid\u017eia ne tik laikyti ir tvarkyti daiktus, bet ir juos eksponuoti. U\u017e dviej\u0173 gr\u016bdinto stiklo fasad\u0173 galite sukurti \u012fsp\u016bdingas ekspozicijas, o du erdv\u016bs stal\u010diai u\u017etikrina prakti\u0161k\u0105 daikt\u0173 laikym\u0105. Be to, Bergen vitrina apr\u016bpinta energij\u0105 taupan\u010diu LED ap\u0161vietimu, kur\u012f galima montuoti po lentynomis, sukuriant unikali\u0105 atmosfer\u0105 interjere ir i\u0161ry\u0161kinant eksponuojamus daiktus. \u0160viesi, \u0161ilta auksin\u0117s Sibiu maumed\u017eio medienos spalva suteikia patraukl\u0173 pagrind\u0105 \u012fvairiems interjero dizainams. Tokios detal\u0117s kaip i\u0161skirtinis \u201c\u012fdubimas\u201d \u0161oniniuose kra\u0161tuose, paprastas cokolis ir nuo\u017euln\u016bs priekiniai kra\u0161tai dar labiau sustiprina jos stili\u0173. Auk\u0161tos, nuo\u017eulnios kojel\u0117s ir metalin\u0117s rankenos suteikia dar daugiau stiliaus. Kasdien\u012f komfort\u0105 u\u017etikrina firminiai aksesuarai su \u0161velnaus u\u017edarymo sistema. Vitrina \u201eBergen\u201c puikiai dera su kitais \u201eBergen\u201c kolekcijos elementais, suteikdama jums laisv\u0119 juos derinti ir sukurti erdv\u0119, pritaikyt\u0105 j\u016bs\u0173 \u0161eimos poreikiams. Tai ne tik funkcionalus, bet ir eleganti\u0161kas sprendimas m\u0117gstamiems daiktams laikyti ir eksponuoti.<\/p>\n<p>Prek\u0117s kodas S359-REG2W2S-MSZ Simbolis ZM EAN Plotis 102 cm Gylis 47 cm Auk\u0161tis 150,5 cm Kolekcija Bergen Spalva auksin\u0117 Sibiu maumedis Atspalvis tamsi mediena Stilius klasikinis Med\u017eiaga laminatas Dureli\u0173 skai\u010dius 2 dur\u0173 Stal\u010di\u0173 skai\u010dius 2 stal\u010diai Rankena su ranken\u0117l\u0117mis Ap\u0161vietimas su ap\u0161vietimu Gamintojas Juoda Raudona Balta Bald\u0173 tipas Lentynos ir vitrinos PVM mokestis 23% EAN 5906123926812<\/p>","protected":false},"excerpt":{"rendered":"<p>Bergen Display Cabinet &#8211; Functionality and Elegance in One. The Bergen collection is a unique blend of geometric shapes, subtle details, and subdued colors, creating classic and elegant interiors. If you&#8217;re looking for the perfect piece for your living room, the Bergen display cabinet may meet your expectations. This functional piece allows you to not [&hellip;]<\/p>","protected":false},"featured_media":269447,"comment_status":"open","ping_status":"open","template":"","meta":[],"product_brand":[],"product_cat":[9200,2006],"product_tag":[],"class_list":{"0":"post-269446","1":"product","2":"type-product","3":"status-publish","4":"has-post-thumbnail","6":"product_cat-black-red-white","7":"product_cat-vitrines","9":"first","10":"instock","11":"purchasable","12":"product-type-simple"},"_links":{"self":[{"href":"https:\/\/baldumarket.lt\/lt\/wp-json\/wp\/v2\/product\/269446","targetHints":{"allow":["GET"]}}],"collection":[{"href":"https:\/\/baldumarket.lt\/lt\/wp-json\/wp\/v2\/product"}],"about":[{"href":"https:\/\/baldumarket.lt\/lt\/wp-json\/wp\/v2\/types\/product"}],"replies":[{"embeddable":true,"href":"https:\/\/baldumarket.lt\/lt\/wp-json\/wp\/v2\/comments?post=269446"}],"wp:featuredmedia":[{"embeddable":true,"href":"https:\/\/baldumarket.lt\/lt\/wp-json\/wp\/v2\/media\/269447"}],"wp:attachment":[{"href":"https:\/\/baldumarket.lt\/lt\/wp-json\/wp\/v2\/media?parent=269446"}],"wp:term":[{"taxonomy":"product_brand","embeddable":true,"href":"https:\/\/baldumarket.lt\/lt\/wp-json\/wp\/v2\/product_brand?post=269446"},{"taxonomy":"product_cat","embeddable":true,"href":"https:\/\/baldumarket.lt\/lt\/wp-json\/wp\/v2\/product_cat?post=269446"},{"taxonomy":"product_tag","embeddable":true,"href":"https:\/\/baldumarket.lt\/lt\/wp-json\/wp\/v2\/product_tag?post=269446"}],"curies":[{"name":"wp","href":"https:\/\/api.w.org\/{rel}","templated":true}]}}