{"id":269438,"date":"2026-01-14T01:09:16","date_gmt":"2026-01-13T22:09:16","guid":{"rendered":"https:\/\/baldumarket.lt\/product\/witryna-dwudrzwiowa-z-dwoma-frontami-szklanymi-ruso-104-cm-dab-april-perlowy-polysk\/"},"modified":"2026-02-11T18:17:35","modified_gmt":"2026-02-11T15:17:35","slug":"witryna-dwudrzwiowa-z-dwoma-frontami-szklanymi-ruso-104-cm-dab-april-perlowy-polysk","status":"publish","type":"product","link":"https:\/\/baldumarket.lt\/lt\/product\/witryna-dwudrzwiowa-z-dwoma-frontami-szklanymi-ruso-104-cm-dab-april-perlowy-polysk\/","title":{"rendered":"Dviej\u0173 dur\u0173 vitrina su dviem stikliniais fasadais RUSO 104 cm, baland\u017eio \u0105\u017euolo spalvos\/perlamutrinio blizgesio"},"content":{"rendered":"<p>\u201eRuso\u201c vitrina \u2013 atraskite tai, kas geriausia j\u016bs\u0173 svetain\u0117je. \u201eRuso\u201c kolekcija i\u0161siskiria savo paprastumu, tamsia spalv\u0173 gama ir sant\u016briomis, ta\u010diau eleganti\u0161komis detal\u0117mis, tod\u0117l tai puikus pasirinkimas klasikiniam interjerui. \u0160tai kod\u0117l \u201eRuso\u201c vitrina yra puikus baldas, pad\u0117siantis atrasti tai, kas geriausia j\u016bs\u0173 svetain\u0117je: \u201eRuso\u201c vitrina \u2013 tai ry\u0161kus baldas, kuris taps j\u016bs\u0173 svetain\u0117s traukos centru. U\u017e gr\u016bdinto stiklo fasado galite eksponuoti visus daiktus, kurie suteiks j\u016bs\u0173 namams unikal\u0173 charakter\u012f. Be to, apa\u010dioje esanti u\u017erakinama spintel\u0117 suteikia vietos daiktams, kuriuos norite laikyti pasl\u0117ptus. Jei norite pary\u0161kinti eksponuojamus daiktus ir sukurti unikali\u0105 atmosfer\u0105 savo svetain\u0117je, pasirenkamas LED ap\u0161vietimas yra puikus sprendimas. Tai suteikia interjero dizainui ne tik elegancijos, bet ir subtilumo. \u201eApril Oak\u201c korpuso ir matin\u0117s juodos spalvos fasad\u0173 spalv\u0173 derinys sukuria stiling\u0173 i\u0161d\u0117stym\u0173 pagrind\u0105. Nat\u016brali medienos tekst\u016bra korpuse suteikia gro\u017eio ir charakterio. \u012edubimai fasaduose, kurie atlieka ranken\u0173 funkcij\u0105, ir dekoratyviniai cokoliai suteikia \u201eRuso\u201c vitrinai unikali\u0105 i\u0161vaizd\u0105 ir pabr\u0117\u017eia jos charakter\u012f. \u201eRuso\u201c vitrina turi matin\u0117s lavos spalvos juostel\u0119, kuri\u0105 galima sumontuoti priekin\u0117se dalyse esan\u010diuose grioveliuose, taip suteikiant spintelei dar daugiau elegancijos. D\u0117l \u0161velniai u\u017esidaran\u010di\u0173 vyri\u0173 ir reguliuojamos stabdymo j\u0117gos \u201eRuso\u201c vitrina naudotis yra patogu ir tylu kiekvien\u0105 dien\u0105. Dviej\u0173 dur\u0173 \u201eRuso\u201c vitrina puikiai dera su kitais \u201eRuso\u201c kolekcijos baldais. J\u0105 galite derinti su kitais \u0161ios kolekcijos baldais, kad sukurtum\u0117te darni\u0105 ir funkcionali\u0105 erdv\u0119 savo svetain\u0117je. Trumpai tariant, \u201eRuso\u201c vitrina yra baldas, kuris ne tik pademonstruos j\u016bs\u0173 m\u0117gstamiausius daiktus, bet ir suteiks j\u016bs\u0173 svetainei elegancijos bei charakterio. D\u0117l kruop\u0161taus meistri\u0161kumo, kontrasting\u0173 spalv\u0173, subtilaus ap\u0161vietimo ir daugyb\u0117s \u201eRuso\u201c kolekcijos i\u0161d\u0117stymo galimybi\u0173 galite sukurti erdv\u0119, kuri atspind\u0117t\u0173 j\u016bs\u0173 skon\u012f ir gyvenimo b\u016bd\u0105, atskleisdama geriausias j\u016bs\u0173 interjero savybes.<\/p>\n<p>Prek\u0117s kodas S407-REG2W2D-DARL\/PEP Simbolis ZM EAN Plotis 104 cm Gylis 45,5 cm Auk\u0161tis 158,5 cm Kolekcija Ruso Spalva baland\u017eio spalvos \u0105\u017euolas\/perlamutrinis blizgus Atspalvis tamsi mediena Stilius modernus Med\u017eiaga laminatas Dureli\u0173 skai\u010dius 4 dur\u0173 Stal\u010di\u0173 skai\u010dius be stal\u010di\u0173 Rankena be ranken\u0117li\u0173 Ap\u0161vietimas pasirenkamas Gamintojas Juoda Raudona Balta Bald\u0173 tipas Lentynos ir vitrinos PVM mokestis 23% EAN 5906123944809<\/p>","protected":false},"excerpt":{"rendered":"<p>Ruso Display Cabinet &#8211; Discover the Best in Your Living Room. The Ruso collection stands out for its simplicity, dark color scheme, and understated yet elegant details, making it the perfect choice for classic interior designs. Here&#8217;s why the Ruso display cabinet is the perfect piece to help you discover the best in your living [&hellip;]<\/p>","protected":false},"featured_media":269439,"comment_status":"open","ping_status":"open","template":"","meta":[],"product_brand":[],"product_cat":[9200,2006],"product_tag":[],"class_list":{"0":"post-269438","1":"product","2":"type-product","3":"status-publish","4":"has-post-thumbnail","6":"product_cat-black-red-white","7":"product_cat-vitrines","9":"first","10":"instock","11":"purchasable","12":"product-type-simple"},"_links":{"self":[{"href":"https:\/\/baldumarket.lt\/lt\/wp-json\/wp\/v2\/product\/269438","targetHints":{"allow":["GET"]}}],"collection":[{"href":"https:\/\/baldumarket.lt\/lt\/wp-json\/wp\/v2\/product"}],"about":[{"href":"https:\/\/baldumarket.lt\/lt\/wp-json\/wp\/v2\/types\/product"}],"replies":[{"embeddable":true,"href":"https:\/\/baldumarket.lt\/lt\/wp-json\/wp\/v2\/comments?post=269438"}],"wp:featuredmedia":[{"embeddable":true,"href":"https:\/\/baldumarket.lt\/lt\/wp-json\/wp\/v2\/media\/269439"}],"wp:attachment":[{"href":"https:\/\/baldumarket.lt\/lt\/wp-json\/wp\/v2\/media?parent=269438"}],"wp:term":[{"taxonomy":"product_brand","embeddable":true,"href":"https:\/\/baldumarket.lt\/lt\/wp-json\/wp\/v2\/product_brand?post=269438"},{"taxonomy":"product_cat","embeddable":true,"href":"https:\/\/baldumarket.lt\/lt\/wp-json\/wp\/v2\/product_cat?post=269438"},{"taxonomy":"product_tag","embeddable":true,"href":"https:\/\/baldumarket.lt\/lt\/wp-json\/wp\/v2\/product_tag?post=269438"}],"curies":[{"name":"wp","href":"https:\/\/api.w.org\/{rel}","templated":true}]}}